{"id":2542,"date":"2024-12-31T12:44:53","date_gmt":"2024-12-31T12:44:53","guid":{"rendered":"https:\/\/gatewaykurumsal.com\/?page_id=2542"},"modified":"2024-12-31T13:45:26","modified_gmt":"2024-12-31T13:45:26","slug":"hizmetlerimiz","status":"publish","type":"page","link":"https:\/\/gatewaykurumsal.com\/?page_id=2542&lang=tr","title":{"rendered":"Hizmetlerimiz"},"content":{"rendered":"\t\t<div data-elementor-type=\"wp-page\" data-elementor-id=\"2542\" class=\"elementor elementor-2542\">\n\t\t\t\t\t\t<section class=\"has_eae_slider elementor-section elementor-top-section elementor-element elementor-element-c7da2dc ct-section-stretched elementor-section-full_width elementor-section-height-min-height elementor-section-height-default elementor-section-items-middle\" data-id=\"c7da2dc\" data-element_type=\"section\" data-settings=\"{&quot;background_background&quot;:&quot;classic&quot;}\">\n\t\t\t\t\t\t<div class=\"elementor-container elementor-column-gap-default\">\n\t\t\t\t\t<div class=\"has_eae_slider elementor-column elementor-col-100 elementor-top-column elementor-element elementor-element-bdbbd50\" data-id=\"bdbbd50\" data-element_type=\"column\">\n\t\t\t<div class=\"elementor-widget-wrap\">\n\t\t\t\t\t\t\t<\/div>\n\t\t<\/div>\n\t\t\t\t\t<\/div>\n\t\t<\/section>\n\t\t\t\t<section class=\"has_eae_slider elementor-section elementor-top-section elementor-element elementor-element-34dd9d0 elementor-section-content-middle elementor-section-boxed elementor-section-height-default elementor-section-height-default\" data-id=\"34dd9d0\" data-element_type=\"section\" data-settings=\"{&quot;background_background&quot;:&quot;classic&quot;}\">\n\t\t\t\t\t\t<div class=\"elementor-container elementor-column-gap-extended\">\n\t\t\t\t\t<div class=\"has_eae_slider elementor-column elementor-col-25 elementor-top-column elementor-element elementor-element-cc17dd5\" data-id=\"cc17dd5\" data-element_type=\"column\" data-settings=\"{&quot;background_background&quot;:&quot;classic&quot;}\">\n\t\t\t<div class=\"elementor-widget-wrap elementor-element-populated\">\n\t\t\t\t\t\t<div class=\"elementor-element elementor-element-3f35338 elementor-widget elementor-widget-heading\" data-id=\"3f35338\" data-element_type=\"widget\" data-widget_type=\"heading.default\">\n\t\t\t\t<div class=\"elementor-widget-container\">\n\t\t\t<h2 class=\"elementor-heading-title elementor-size-default\">MICE <br>Hizmetleri<\/h2>\t\t<\/div>\n\t\t\t\t<\/div>\n\t\t\t\t<div class=\"elementor-element elementor-element-f00c300 elementor-widget elementor-widget-image\" data-id=\"f00c300\" data-element_type=\"widget\" data-widget_type=\"image.default\">\n\t\t\t\t<div class=\"elementor-widget-container\">\n\t\t\t\t\t\t\t\t\t\t\t\t\t<img fetchpriority=\"high\" decoding=\"async\" width=\"1024\" height=\"585\" src=\"https:\/\/gatewaykurumsal.com\/wp-content\/uploads\/2024\/12\/MICE-1-1024x585.webp\" class=\"attachment-large size-large wp-image-1564\" alt=\"\" srcset=\"https:\/\/gatewaykurumsal.com\/wp-content\/uploads\/2024\/12\/MICE-1-1024x585.webp 1024w, https:\/\/gatewaykurumsal.com\/wp-content\/uploads\/2024\/12\/MICE-1-300x171.webp 300w, https:\/\/gatewaykurumsal.com\/wp-content\/uploads\/2024\/12\/MICE-1-768x439.webp 768w, https:\/\/gatewaykurumsal.com\/wp-content\/uploads\/2024\/12\/MICE-1-1536x878.webp 1536w, https:\/\/gatewaykurumsal.com\/wp-content\/uploads\/2024\/12\/MICE-1.webp 1792w\" sizes=\"(max-width: 1024px) 100vw, 1024px\" \/>\t\t\t\t\t\t\t\t\t\t\t\t\t<\/div>\n\t\t\t\t<\/div>\n\t\t\t\t<div class=\"elementor-element elementor-element-984ec0a elementor-widget elementor-widget-spacer\" data-id=\"984ec0a\" data-element_type=\"widget\" data-widget_type=\"spacer.default\">\n\t\t\t\t<div class=\"elementor-widget-container\">\n\t\t\t\t\t<div class=\"elementor-spacer\">\n\t\t\t<div class=\"elementor-spacer-inner\"><\/div>\n\t\t<\/div>\n\t\t\t\t<\/div>\n\t\t\t\t<\/div>\n\t\t\t\t<div class=\"elementor-element elementor-element-2821348 elementor-widget elementor-widget-text-editor\" data-id=\"2821348\" data-element_type=\"widget\" data-widget_type=\"text-editor.default\">\n\t\t\t\t<div class=\"elementor-widget-container\">\n\t\t\t\t\t\t\t<ul>\n<li>Te\u015fvik Programlar\u0131<\/li>\n<li>\u00dcr\u00fcn Lansmanlar\u0131<\/li>\n<li>Toplant\u0131lar<\/li>\n<li>Konferanslar<br><br><\/li>\n<\/ul>\t\t\t\t\t\t<\/div>\n\t\t\t\t<\/div>\n\t\t\t\t<div class=\"elementor-element elementor-element-db399ad elementor-align-center elementor-widget elementor-widget-button\" data-id=\"db399ad\" data-element_type=\"widget\" data-widget_type=\"button.default\">\n\t\t\t\t<div class=\"elementor-widget-container\">\n\t\t\t\t\t<div class=\"elementor-button-wrapper\">\n\t\t\t<a class=\"elementor-button elementor-button-link elementor-size-sm\" href=\"https:\/\/gatewaykurumsal.com\/?page_id=2433&#038;lang=tr\">\n\t\t\t\t\t\t<span class=\"elementor-button-content-wrapper\">\n\t\t\t\t\t\t<span class=\"elementor-button-icon\">\n\t\t\t\t<svg aria-hidden=\"true\" class=\"e-font-icon-svg e-fas-info-circle\" viewBox=\"0 0 512 512\" xmlns=\"http:\/\/www.w3.org\/2000\/svg\"><path d=\"M256 8C119.043 8 8 119.083 8 256c0 136.997 111.043 248 248 248s248-111.003 248-248C504 119.083 392.957 8 256 8zm0 110c23.196 0 42 18.804 42 42s-18.804 42-42 42-42-18.804-42-42 18.804-42 42-42zm56 254c0 6.627-5.373 12-12 12h-88c-6.627 0-12-5.373-12-12v-24c0-6.627 5.373-12 12-12h12v-64h-12c-6.627 0-12-5.373-12-12v-24c0-6.627 5.373-12 12-12h64c6.627 0 12 5.373 12 12v100h12c6.627 0 12 5.373 12 12v24z\"><\/path><\/svg>\t\t\t<\/span>\n\t\t\t\t\t\t\t\t\t<span class=\"elementor-button-text\">Detayl\u0131 Bilgi<\/span>\n\t\t\t\t\t<\/span>\n\t\t\t\t\t<\/a>\n\t\t<\/div>\n\t\t\t\t<\/div>\n\t\t\t\t<\/div>\n\t\t\t\t\t<\/div>\n\t\t<\/div>\n\t\t\t\t<div class=\"has_eae_slider elementor-column elementor-col-25 elementor-top-column elementor-element elementor-element-44f9d96\" data-id=\"44f9d96\" data-element_type=\"column\" data-settings=\"{&quot;background_background&quot;:&quot;classic&quot;}\">\n\t\t\t<div class=\"elementor-widget-wrap elementor-element-populated\">\n\t\t\t\t\t\t<div class=\"elementor-element elementor-element-04f81d3 elementor-widget elementor-widget-heading\" data-id=\"04f81d3\" data-element_type=\"widget\" data-widget_type=\"heading.default\">\n\t\t\t\t<div class=\"elementor-widget-container\">\n\t\t\t<h2 class=\"elementor-heading-title elementor-size-default\">Kurumsal Seyahat<br>Y\u00f6netimi<\/h2>\t\t<\/div>\n\t\t\t\t<\/div>\n\t\t\t\t<div class=\"elementor-element elementor-element-4e0e6e1 elementor-widget elementor-widget-image\" data-id=\"4e0e6e1\" data-element_type=\"widget\" data-widget_type=\"image.default\">\n\t\t\t\t<div class=\"elementor-widget-container\">\n\t\t\t\t\t\t\t\t\t\t\t\t\t<img decoding=\"async\" width=\"1024\" height=\"585\" src=\"https:\/\/gatewaykurumsal.com\/wp-content\/uploads\/2024\/12\/Kurumsal-Seyahat-Yonetimi-1024x585.webp\" class=\"attachment-large size-large wp-image-1502\" alt=\"\" srcset=\"https:\/\/gatewaykurumsal.com\/wp-content\/uploads\/2024\/12\/Kurumsal-Seyahat-Yonetimi-1024x585.webp 1024w, https:\/\/gatewaykurumsal.com\/wp-content\/uploads\/2024\/12\/Kurumsal-Seyahat-Yonetimi-300x171.webp 300w, https:\/\/gatewaykurumsal.com\/wp-content\/uploads\/2024\/12\/Kurumsal-Seyahat-Yonetimi-768x439.webp 768w, https:\/\/gatewaykurumsal.com\/wp-content\/uploads\/2024\/12\/Kurumsal-Seyahat-Yonetimi-1536x878.webp 1536w, https:\/\/gatewaykurumsal.com\/wp-content\/uploads\/2024\/12\/Kurumsal-Seyahat-Yonetimi.webp 1792w\" sizes=\"(max-width: 1024px) 100vw, 1024px\" \/>\t\t\t\t\t\t\t\t\t\t\t\t\t<\/div>\n\t\t\t\t<\/div>\n\t\t\t\t<div class=\"elementor-element elementor-element-4f86500 elementor-widget elementor-widget-spacer\" data-id=\"4f86500\" data-element_type=\"widget\" data-widget_type=\"spacer.default\">\n\t\t\t\t<div class=\"elementor-widget-container\">\n\t\t\t\t\t<div class=\"elementor-spacer\">\n\t\t\t<div class=\"elementor-spacer-inner\"><\/div>\n\t\t<\/div>\n\t\t\t\t<\/div>\n\t\t\t\t<\/div>\n\t\t\t\t<div class=\"elementor-element elementor-element-47b8088 elementor-widget elementor-widget-text-editor\" data-id=\"47b8088\" data-element_type=\"widget\" data-widget_type=\"text-editor.default\">\n\t\t\t\t<div class=\"elementor-widget-container\">\n\t\t\t\t\t\t\t<ul>\n<li>U\u00e7ak Rezervasyonlar\u0131<\/li>\n<li>Otel Rezervasyonlar\u0131<\/li>\n<li>Vize Hizmetleri&nbsp;<\/li>\n<li>Ara\u00e7 Kiralama ve Transfer<br><br><\/li>\n<\/ul>\t\t\t\t\t\t<\/div>\n\t\t\t\t<\/div>\n\t\t\t\t<div class=\"elementor-element elementor-element-ce7f8f8 elementor-align-center elementor-widget elementor-widget-button\" data-id=\"ce7f8f8\" data-element_type=\"widget\" data-widget_type=\"button.default\">\n\t\t\t\t<div class=\"elementor-widget-container\">\n\t\t\t\t\t<div class=\"elementor-button-wrapper\">\n\t\t\t<a class=\"elementor-button elementor-button-link elementor-size-sm\" href=\"https:\/\/gatewaykurumsal.com\/?page_id=2313&#038;lang=tr\">\n\t\t\t\t\t\t<span class=\"elementor-button-content-wrapper\">\n\t\t\t\t\t\t<span class=\"elementor-button-icon\">\n\t\t\t\t<svg aria-hidden=\"true\" class=\"e-font-icon-svg e-fas-info-circle\" viewBox=\"0 0 512 512\" xmlns=\"http:\/\/www.w3.org\/2000\/svg\"><path d=\"M256 8C119.043 8 8 119.083 8 256c0 136.997 111.043 248 248 248s248-111.003 248-248C504 119.083 392.957 8 256 8zm0 110c23.196 0 42 18.804 42 42s-18.804 42-42 42-42-18.804-42-42 18.804-42 42-42zm56 254c0 6.627-5.373 12-12 12h-88c-6.627 0-12-5.373-12-12v-24c0-6.627 5.373-12 12-12h12v-64h-12c-6.627 0-12-5.373-12-12v-24c0-6.627 5.373-12 12-12h64c6.627 0 12 5.373 12 12v100h12c6.627 0 12 5.373 12 12v24z\"><\/path><\/svg>\t\t\t<\/span>\n\t\t\t\t\t\t\t\t\t<span class=\"elementor-button-text\">Detayl\u0131 Bilgi<\/span>\n\t\t\t\t\t<\/span>\n\t\t\t\t\t<\/a>\n\t\t<\/div>\n\t\t\t\t<\/div>\n\t\t\t\t<\/div>\n\t\t\t\t\t<\/div>\n\t\t<\/div>\n\t\t\t\t<div class=\"has_eae_slider elementor-column elementor-col-25 elementor-top-column elementor-element elementor-element-2e28234\" data-id=\"2e28234\" data-element_type=\"column\" data-settings=\"{&quot;background_background&quot;:&quot;classic&quot;}\">\n\t\t\t<div class=\"elementor-widget-wrap elementor-element-populated\">\n\t\t\t\t\t\t<div class=\"elementor-element elementor-element-0ff513d elementor-widget elementor-widget-heading\" data-id=\"0ff513d\" data-element_type=\"widget\" data-widget_type=\"heading.default\">\n\t\t\t\t<div class=\"elementor-widget-container\">\n\t\t\t<h2 class=\"elementor-heading-title elementor-size-default\">Relocation <br>Hizmetleri<\/h2>\t\t<\/div>\n\t\t\t\t<\/div>\n\t\t\t\t<div class=\"elementor-element elementor-element-4da9b2d elementor-widget elementor-widget-image\" data-id=\"4da9b2d\" data-element_type=\"widget\" data-widget_type=\"image.default\">\n\t\t\t\t<div class=\"elementor-widget-container\">\n\t\t\t\t\t\t\t\t\t\t\t\t\t<img decoding=\"async\" width=\"1024\" height=\"585\" src=\"https:\/\/gatewaykurumsal.com\/wp-content\/uploads\/2024\/12\/Expat-1024x585.webp\" class=\"attachment-large size-large wp-image-1559\" alt=\"\" srcset=\"https:\/\/gatewaykurumsal.com\/wp-content\/uploads\/2024\/12\/Expat-1024x585.webp 1024w, https:\/\/gatewaykurumsal.com\/wp-content\/uploads\/2024\/12\/Expat-300x171.webp 300w, https:\/\/gatewaykurumsal.com\/wp-content\/uploads\/2024\/12\/Expat-768x439.webp 768w, https:\/\/gatewaykurumsal.com\/wp-content\/uploads\/2024\/12\/Expat-1536x878.webp 1536w, https:\/\/gatewaykurumsal.com\/wp-content\/uploads\/2024\/12\/Expat.webp 1792w\" sizes=\"(max-width: 1024px) 100vw, 1024px\" \/>\t\t\t\t\t\t\t\t\t\t\t\t\t<\/div>\n\t\t\t\t<\/div>\n\t\t\t\t<div class=\"elementor-element elementor-element-eef9e55 elementor-widget elementor-widget-spacer\" data-id=\"eef9e55\" data-element_type=\"widget\" data-widget_type=\"spacer.default\">\n\t\t\t\t<div class=\"elementor-widget-container\">\n\t\t\t\t\t<div class=\"elementor-spacer\">\n\t\t\t<div class=\"elementor-spacer-inner\"><\/div>\n\t\t<\/div>\n\t\t\t\t<\/div>\n\t\t\t\t<\/div>\n\t\t\t\t<div class=\"elementor-element elementor-element-5f7109f elementor-widget elementor-widget-text-editor\" data-id=\"5f7109f\" data-element_type=\"widget\" data-widget_type=\"text-editor.default\">\n\t\t\t\t<div class=\"elementor-widget-container\">\n\t\t\t\t\t\t\t<ul><li>G\u00f6\u00e7menlik Hizmetleri<\/li><li>Kar\u015f\u0131lama Hizmetleri<\/li><li>Var\u0131\u015f Sonras\u0131 Hizmetler<\/li><li>Ayr\u0131l\u0131\u015f Hizmetleri<\/li><li>Yabanc\u0131 \u00c7al\u0131\u015fan Hizmetleri<\/li><\/ul>\t\t\t\t\t\t<\/div>\n\t\t\t\t<\/div>\n\t\t\t\t<div class=\"elementor-element elementor-element-0256636 elementor-align-center elementor-widget elementor-widget-button\" data-id=\"0256636\" data-element_type=\"widget\" data-widget_type=\"button.default\">\n\t\t\t\t<div class=\"elementor-widget-container\">\n\t\t\t\t\t<div class=\"elementor-button-wrapper\">\n\t\t\t<a class=\"elementor-button elementor-button-link elementor-size-sm\" href=\"https:\/\/gatewaykurumsal.com\/?page_id=2495&#038;lang=tr\">\n\t\t\t\t\t\t<span class=\"elementor-button-content-wrapper\">\n\t\t\t\t\t\t<span class=\"elementor-button-icon\">\n\t\t\t\t<svg aria-hidden=\"true\" class=\"e-font-icon-svg e-fas-info-circle\" viewBox=\"0 0 512 512\" xmlns=\"http:\/\/www.w3.org\/2000\/svg\"><path d=\"M256 8C119.043 8 8 119.083 8 256c0 136.997 111.043 248 248 248s248-111.003 248-248C504 119.083 392.957 8 256 8zm0 110c23.196 0 42 18.804 42 42s-18.804 42-42 42-42-18.804-42-42 18.804-42 42-42zm56 254c0 6.627-5.373 12-12 12h-88c-6.627 0-12-5.373-12-12v-24c0-6.627 5.373-12 12-12h12v-64h-12c-6.627 0-12-5.373-12-12v-24c0-6.627 5.373-12 12-12h64c6.627 0 12 5.373 12 12v100h12c6.627 0 12 5.373 12 12v24z\"><\/path><\/svg>\t\t\t<\/span>\n\t\t\t\t\t\t\t\t\t<span class=\"elementor-button-text\">Detayl\u0131 Bilgi<\/span>\n\t\t\t\t\t<\/span>\n\t\t\t\t\t<\/a>\n\t\t<\/div>\n\t\t\t\t<\/div>\n\t\t\t\t<\/div>\n\t\t\t\t\t<\/div>\n\t\t<\/div>\n\t\t\t\t<div class=\"has_eae_slider elementor-column elementor-col-25 elementor-top-column elementor-element elementor-element-2befe32\" data-id=\"2befe32\" data-element_type=\"column\" data-settings=\"{&quot;background_background&quot;:&quot;classic&quot;}\">\n\t\t\t<div class=\"elementor-widget-wrap elementor-element-populated\">\n\t\t\t\t\t\t<div class=\"elementor-element elementor-element-df7f426 elementor-widget elementor-widget-heading\" data-id=\"df7f426\" data-element_type=\"widget\" data-widget_type=\"heading.default\">\n\t\t\t\t<div class=\"elementor-widget-container\">\n\t\t\t<h2 class=\"elementor-heading-title elementor-size-default\">Stratejik \u0130\u015f<br>\u00c7\u00f6z\u00fcmleri<\/h2>\t\t<\/div>\n\t\t\t\t<\/div>\n\t\t\t\t<div class=\"elementor-element elementor-element-f100ac0 elementor-widget elementor-widget-image\" data-id=\"f100ac0\" data-element_type=\"widget\" data-widget_type=\"image.default\">\n\t\t\t\t<div class=\"elementor-widget-container\">\n\t\t\t\t\t\t\t\t\t\t\t\t\t<img loading=\"lazy\" decoding=\"async\" width=\"1024\" height=\"585\" src=\"https:\/\/gatewaykurumsal.com\/wp-content\/uploads\/2024\/12\/Business-Solutios-1024x585.webp\" class=\"attachment-large size-large wp-image-1560\" alt=\"\" srcset=\"https:\/\/gatewaykurumsal.com\/wp-content\/uploads\/2024\/12\/Business-Solutios-1024x585.webp 1024w, https:\/\/gatewaykurumsal.com\/wp-content\/uploads\/2024\/12\/Business-Solutios-300x171.webp 300w, https:\/\/gatewaykurumsal.com\/wp-content\/uploads\/2024\/12\/Business-Solutios-768x439.webp 768w, https:\/\/gatewaykurumsal.com\/wp-content\/uploads\/2024\/12\/Business-Solutios-1536x878.webp 1536w, https:\/\/gatewaykurumsal.com\/wp-content\/uploads\/2024\/12\/Business-Solutios.webp 1792w\" sizes=\"(max-width: 1024px) 100vw, 1024px\" \/>\t\t\t\t\t\t\t\t\t\t\t\t\t<\/div>\n\t\t\t\t<\/div>\n\t\t\t\t<div class=\"elementor-element elementor-element-0795ec5 elementor-widget elementor-widget-spacer\" data-id=\"0795ec5\" data-element_type=\"widget\" data-widget_type=\"spacer.default\">\n\t\t\t\t<div class=\"elementor-widget-container\">\n\t\t\t\t\t<div class=\"elementor-spacer\">\n\t\t\t<div class=\"elementor-spacer-inner\"><\/div>\n\t\t<\/div>\n\t\t\t\t<\/div>\n\t\t\t\t<\/div>\n\t\t\t\t<div class=\"elementor-element elementor-element-ce49207 elementor-widget elementor-widget-text-editor\" data-id=\"ce49207\" data-element_type=\"widget\" data-widget_type=\"text-editor.default\">\n\t\t\t\t<div class=\"elementor-widget-container\">\n\t\t\t\t\t\t\t<ul>\n<li>Stratejik \u0130\u015f Dan\u0131\u015fmanl\u0131\u011f\u0131<\/li>\n<li>\u0130\u015f S\u00fcre\u00e7leri Optimizasyonu<\/li>\n<li>S&amp;P Statejileri<\/li>\n<li>\u0130K Y\u00f6netimi<br><br><\/li>\n<\/ul>\t\t\t\t\t\t<\/div>\n\t\t\t\t<\/div>\n\t\t\t\t<div class=\"elementor-element elementor-element-6b06fd4 elementor-align-center elementor-widget elementor-widget-button\" data-id=\"6b06fd4\" data-element_type=\"widget\" data-widget_type=\"button.default\">\n\t\t\t\t<div class=\"elementor-widget-container\">\n\t\t\t\t\t<div class=\"elementor-button-wrapper\">\n\t\t\t<a class=\"elementor-button elementor-size-sm\" role=\"button\">\n\t\t\t\t\t\t<span class=\"elementor-button-content-wrapper\">\n\t\t\t\t\t\t<span class=\"elementor-button-icon\">\n\t\t\t\t<svg aria-hidden=\"true\" class=\"e-font-icon-svg e-fas-info-circle\" viewBox=\"0 0 512 512\" xmlns=\"http:\/\/www.w3.org\/2000\/svg\"><path d=\"M256 8C119.043 8 8 119.083 8 256c0 136.997 111.043 248 248 248s248-111.003 248-248C504 119.083 392.957 8 256 8zm0 110c23.196 0 42 18.804 42 42s-18.804 42-42 42-42-18.804-42-42 18.804-42 42-42zm56 254c0 6.627-5.373 12-12 12h-88c-6.627 0-12-5.373-12-12v-24c0-6.627 5.373-12 12-12h12v-64h-12c-6.627 0-12-5.373-12-12v-24c0-6.627 5.373-12 12-12h64c6.627 0 12 5.373 12 12v100h12c6.627 0 12 5.373 12 12v24z\"><\/path><\/svg>\t\t\t<\/span>\n\t\t\t\t\t\t\t\t\t<span class=\"elementor-button-text\">Detayl\u0131 Bilgi<\/span>\n\t\t\t\t\t<\/span>\n\t\t\t\t\t<\/a>\n\t\t<\/div>\n\t\t\t\t<\/div>\n\t\t\t\t<\/div>\n\t\t\t\t\t<\/div>\n\t\t<\/div>\n\t\t\t\t\t<\/div>\n\t\t<\/section>\n\t\t\t\t<\/div>\n\t\t","protected":false},"excerpt":{"rendered":"<p>MICE Hizmetleri Te\u015fvik Programlar\u0131 \u00dcr\u00fcn Lansmanlar\u0131 Toplant\u0131lar Konferanslar Detayl\u0131 Bilgi Kurumsal SeyahatY\u00f6netimi U\u00e7ak Rezervasyonlar\u0131 Otel Rezervasyonlar\u0131 Vize Hizmetleri&nbsp; Ara\u00e7 Kiralama ve Transfer Detayl\u0131 Bilgi Relocation Hizmetleri G\u00f6\u00e7menlik Hizmetleri Kar\u015f\u0131lama Hizmetleri Var\u0131\u015f Sonras\u0131 Hizmetler Ayr\u0131l\u0131\u015f Hizmetleri Yabanc\u0131 \u00c7al\u0131\u015fan Hizmetleri Detayl\u0131 Bilgi Stratejik \u0130\u015f\u00c7\u00f6z\u00fcmleri Stratejik \u0130\u015f Dan\u0131\u015fmanl\u0131\u011f\u0131 \u0130\u015f S\u00fcre\u00e7leri Optimizasyonu S&amp;P Statejileri \u0130K Y\u00f6netimi Detayl\u0131 Bilgi<\/p>\n","protected":false},"author":1,"featured_media":0,"parent":0,"menu_order":0,"comment_status":"closed","ping_status":"closed","template":"","meta":{"_eb_attr":"","_uag_custom_page_level_css":"","footnotes":""},"class_list":["post-2542","page","type-page","status-publish","hentry"],"blocksy_meta":[],"uagb_featured_image_src":{"full":false,"thumbnail":false,"medium":false,"medium_large":false,"large":false,"1536x1536":false,"2048x2048":false},"uagb_author_info":{"display_name":"admin","author_link":"https:\/\/gatewaykurumsal.com\/?author=1"},"uagb_comment_info":0,"uagb_excerpt":"MICE Hizmetleri Te\u015fvik Programlar\u0131 \u00dcr\u00fcn Lansmanlar\u0131 Toplant\u0131lar Konferanslar Detayl\u0131 Bilgi Kurumsal SeyahatY\u00f6netimi U\u00e7ak Rezervasyonlar\u0131 Otel Rezervasyonlar\u0131 Vize Hizmetleri&nbsp; Ara\u00e7 Kiralama ve Transfer Detayl\u0131 Bilgi Relocation Hizmetleri G\u00f6\u00e7menlik Hizmetleri Kar\u015f\u0131lama Hizmetleri Var\u0131\u015f Sonras\u0131 Hizmetler Ayr\u0131l\u0131\u015f Hizmetleri Yabanc\u0131 \u00c7al\u0131\u015fan Hizmetleri Detayl\u0131 Bilgi Stratejik \u0130\u015f\u00c7\u00f6z\u00fcmleri Stratejik \u0130\u015f Dan\u0131\u015fmanl\u0131\u011f\u0131 \u0130\u015f S\u00fcre\u00e7leri Optimizasyonu S&amp;P Statejileri \u0130K Y\u00f6netimi Detayl\u0131 Bilgi","_links":{"self":[{"href":"https:\/\/gatewaykurumsal.com\/index.php?rest_route=\/wp\/v2\/pages\/2542"}],"collection":[{"href":"https:\/\/gatewaykurumsal.com\/index.php?rest_route=\/wp\/v2\/pages"}],"about":[{"href":"https:\/\/gatewaykurumsal.com\/index.php?rest_route=\/wp\/v2\/types\/page"}],"author":[{"embeddable":true,"href":"https:\/\/gatewaykurumsal.com\/index.php?rest_route=\/wp\/v2\/users\/1"}],"replies":[{"embeddable":true,"href":"https:\/\/gatewaykurumsal.com\/index.php?rest_route=%2Fwp%2Fv2%2Fcomments&post=2542"}],"version-history":[{"count":11,"href":"https:\/\/gatewaykurumsal.com\/index.php?rest_route=\/wp\/v2\/pages\/2542\/revisions"}],"predecessor-version":[{"id":2625,"href":"https:\/\/gatewaykurumsal.com\/index.php?rest_route=\/wp\/v2\/pages\/2542\/revisions\/2625"}],"wp:attachment":[{"href":"https:\/\/gatewaykurumsal.com\/index.php?rest_route=%2Fwp%2Fv2%2Fmedia&parent=2542"}],"curies":[{"name":"wp","href":"https:\/\/api.w.org\/{rel}","templated":true}]}}