{"id":2534,"date":"2024-12-31T12:29:20","date_gmt":"2024-12-31T12:29:20","guid":{"rendered":"https:\/\/gatewaykurumsal.com\/?page_id=2534"},"modified":"2025-01-17T09:14:41","modified_gmt":"2025-01-17T09:14:41","slug":"yabanci-calisan-hizmetleri","status":"publish","type":"page","link":"https:\/\/gatewaykurumsal.com\/?page_id=2534&lang=tr","title":{"rendered":"Yabanc\u0131 \u00c7al\u0131\u015fan Hizmetleri"},"content":{"rendered":"\t\t<div data-elementor-type=\"wp-page\" data-elementor-id=\"2534\" class=\"elementor elementor-2534\">\n\t\t\t\t\t\t<section class=\"has_eae_slider elementor-section elementor-top-section elementor-element elementor-element-8943a34 ct-section-stretched elementor-section-full_width elementor-section-height-min-height elementor-section-height-default elementor-section-items-middle\" data-id=\"8943a34\" data-element_type=\"section\" data-settings=\"{&quot;background_background&quot;:&quot;classic&quot;}\">\n\t\t\t\t\t\t<div class=\"elementor-container elementor-column-gap-default\">\n\t\t\t\t\t<div class=\"has_eae_slider elementor-column elementor-col-100 elementor-top-column elementor-element elementor-element-209b111\" data-id=\"209b111\" data-element_type=\"column\">\n\t\t\t<div class=\"elementor-widget-wrap\">\n\t\t\t\t\t\t\t<\/div>\n\t\t<\/div>\n\t\t\t\t\t<\/div>\n\t\t<\/section>\n\t\t\t\t<section class=\"has_eae_slider elementor-section elementor-top-section elementor-element elementor-element-f5f42e5 elementor-section-boxed elementor-section-height-default elementor-section-height-default\" data-id=\"f5f42e5\" data-element_type=\"section\">\n\t\t\t\t\t\t<div class=\"elementor-container elementor-column-gap-default\">\n\t\t\t\t\t<div class=\"has_eae_slider elementor-column elementor-col-100 elementor-top-column elementor-element elementor-element-f444595\" data-id=\"f444595\" data-element_type=\"column\">\n\t\t\t<div class=\"elementor-widget-wrap elementor-element-populated\">\n\t\t\t\t\t\t<div class=\"elementor-element elementor-element-1ab2d63 elementor-position-left elementor-widget__width-initial elementor-view-default elementor-mobile-position-top elementor-vertical-align-top elementor-widget elementor-widget-icon-box\" data-id=\"1ab2d63\" data-element_type=\"widget\" data-widget_type=\"icon-box.default\">\n\t\t\t\t<div class=\"elementor-widget-container\">\n\t\t\t\t\t<div class=\"elementor-icon-box-wrapper\">\n\n\t\t\t\t\t\t<div class=\"elementor-icon-box-icon\">\n\t\t\t\t<span  class=\"elementor-icon elementor-animation-\">\n\t\t\t\t<svg aria-hidden=\"true\" class=\"e-font-icon-svg e-fas-search-location\" viewBox=\"0 0 512 512\" xmlns=\"http:\/\/www.w3.org\/2000\/svg\"><path d=\"M505.04 442.66l-99.71-99.69c-4.5-4.5-10.6-7-17-7h-16.3c27.6-35.3 44-79.69 44-127.99C416.03 93.09 322.92 0 208.02 0S0 93.09 0 207.98s93.11 207.98 208.02 207.98c48.3 0 92.71-16.4 128.01-44v16.3c0 6.4 2.5 12.5 7 17l99.71 99.69c9.4 9.4 24.6 9.4 33.9 0l28.3-28.3c9.4-9.4 9.4-24.59.1-33.99zm-297.02-90.7c-79.54 0-144-64.34-144-143.98 0-79.53 64.35-143.98 144-143.98 79.54 0 144 64.34 144 143.98 0 79.53-64.35 143.98-144 143.98zm.02-239.96c-40.78 0-73.84 33.05-73.84 73.83 0 32.96 48.26 93.05 66.75 114.86a9.24 9.24 0 0 0 14.18 0c18.49-21.81 66.75-81.89 66.75-114.86 0-40.78-33.06-73.83-73.84-73.83zm0 96c-13.26 0-24-10.75-24-24 0-13.26 10.75-24 24-24s24 10.74 24 24c0 13.25-10.75 24-24 24z\"><\/path><\/svg>\t\t\t\t<\/span>\n\t\t\t<\/div>\n\t\t\t\n\t\t\t\t\t\t<div class=\"elementor-icon-box-content\">\n\n\t\t\t\t\t\t\t\t\t<h3 class=\"elementor-icon-box-title\">\n\t\t\t\t\t\t<span  >\n\t\t\t\t\t\t\tYabanc\u0131 \u00c7al\u0131\u015fan Hizmetleri\t\t\t\t\t\t<\/span>\n\t\t\t\t\t<\/h3>\n\t\t\t\t\n\t\t\t\t\n\t\t\t<\/div>\n\t\t\t\n\t\t<\/div>\n\t\t\t\t<\/div>\n\t\t\t\t<\/div>\n\t\t\t\t<div class=\"elementor-element elementor-element-04805dd elementor-widget elementor-widget-text-editor\" data-id=\"04805dd\" data-element_type=\"widget\" data-widget_type=\"text-editor.default\">\n\t\t\t\t<div class=\"elementor-widget-container\">\n\t\t\t\t\t\t\t<p>\u201cGateway, \u015firketler, \u00e7al\u0131\u015fanlar, bireyler, aileler ve \u00f6\u011frenciler i\u00e7in benzersiz bir ta\u015f\u0131nma deneyimi sunar.\u201d<\/p>\t\t\t\t\t\t<\/div>\n\t\t\t\t<\/div>\n\t\t\t\t\t<\/div>\n\t\t<\/div>\n\t\t\t\t\t<\/div>\n\t\t<\/section>\n\t\t\t\t<section class=\"has_eae_slider elementor-section elementor-top-section elementor-element elementor-element-6073f98 ct-section-stretched elementor-section-boxed elementor-section-height-default elementor-section-height-default\" data-id=\"6073f98\" data-element_type=\"section\">\n\t\t\t\t\t\t<div class=\"elementor-container elementor-column-gap-default\">\n\t\t\t\t\t<div class=\"has_eae_slider elementor-column elementor-col-100 elementor-top-column elementor-element elementor-element-65b9862\" data-id=\"65b9862\" data-element_type=\"column\">\n\t\t\t<div class=\"elementor-widget-wrap elementor-element-populated\">\n\t\t\t\t\t\t<div class=\"elementor-element elementor-element-947bb52 elementor-widget__width-initial elementor-widget elementor-widget-text-editor\" data-id=\"947bb52\" data-element_type=\"widget\" data-widget_type=\"text-editor.default\">\n\t\t\t\t<div class=\"elementor-widget-container\">\n\t\t\t\t\t\t\t<p>Yeni \u00e7evrenize en h\u0131zl\u0131 \u015fekilde uyum sa\u011flaman\u0131z i\u00e7in, g\u00fcnl\u00fck hayat\u0131n k\u00fc\u00e7\u00fck detaylar\u0131nda siz ve ailenize destek oluyoruz. Ta\u015f\u0131nma s\u00fcrecinizi kolayla\u015ft\u0131rarak konforlu bir ba\u015flang\u0131\u00e7 yapman\u0131z\u0131 sa\u011fl\u0131yoruz.<\/p><p><strong>\u2713 Havaliman\u0131 Kar\u015f\u0131lama<br \/><\/strong>&#8211; Yetkili ve tam sigortal\u0131 ara\u00e7 ve \u015fof\u00f6rlerle havaliman\u0131 transferinizi organize ediyoruz.<\/p><p><strong>\u2713 Ev Yerle\u015fim Deste\u011fi<br \/><\/strong>&#8211; Elektrik, do\u011falgaz, kablo TV, su ve internet gibi temel aboneliklerin ba\u011flanmas\u0131.<br \/>&#8211; Ki\u015fisel mobil hat aboneli\u011finin olu\u015fturulmas\u0131.<br \/>&#8211; Eve giri\u015finizden \u00f6nce temel market ihtiya\u00e7lar\u0131n\u0131z\u0131n kar\u015f\u0131lanmas\u0131.<\/p><p><strong>\u2713 Ehliyet D\u00f6n\u00fc\u015f\u00fcm\u00fc<br \/><\/strong>&#8211; Orijinal ehliyetinizin T\u00fcrk ehliyetine \u00e7evrilmesi i\u00e7in gerekli belgelerle ba\u015fvurunuzu \u0130l Emniyet M\u00fcd\u00fcrl\u00fc\u011f\u00fc trafik \u015fubesine yapman\u0131z gerekir. Gateway, t\u00fcm evrak i\u015flemlerini sizin ad\u0131n\u0131za \u00fcstlenir ve ba\u015fvuru s\u00fcrecinde rehberlik eder.<\/p><p><strong>\u2713 Ara\u00e7 Kayd\u0131<br \/><\/strong>&#8211; Arac\u0131n\u0131z\u0131n ilgili kuruma kayd\u0131n\u0131 yapman\u0131z i\u00e7in gerekli belgeleri haz\u0131rlama ve kay\u0131t s\u00fcrecinde destek sa\u011fl\u0131yoruz.<\/p><p><strong>\u2713 Evcil Hayvan Bak\u0131m\u0131 Hizmetleri<br \/><\/strong>&#8211; \u0130lk giri\u015fte evcil hayvanlar\u0131n\u0131z i\u00e7in konaklama d\u00fczenlemeleri yap\u0131yoruz.<br \/>&#8211; \u0130lk sa\u011fl\u0131k kontrol\u00fc, T\u00fcrk pasaportu \u00e7\u0131kart\u0131lmas\u0131, veteriner ve evcil hayvan d\u00fckkan\u0131 tan\u0131t\u0131m\u0131 gibi konularda rehberlik sa\u011fl\u0131yoruz.<\/p><p><strong>\u2713 Dil E\u011fitimi<br \/><\/strong>&#8211; T\u00fcrk\u00e7e \u00f6\u011frenmeniz i\u00e7in grup dersleri veya bireysel seanslar d\u00fczenliyoruz.<\/p><p><strong>\u2713 En \u0130yi Sigorta Kapsam\u0131n\u0131 Bulma<br \/><\/strong>&#8211; \u00d6zel sa\u011fl\u0131k, ya\u015fam, ev, ara\u00e7 sigortas\u0131 gibi ihtiya\u00e7lar\u0131n\u0131za uygun sigorta \u00e7\u00f6z\u00fcmleri sunuyoruz.<\/p><p><strong>\u2713 Noter ve Apostil \u0130\u015flemleri<\/strong><\/p><p><strong>\u2713 Vergi Kimlik Numaras\u0131 Alma \/ Banka Hesab\u0131 A\u00e7\u0131l\u0131\u015f\u0131<br \/><\/strong>&#8211; Vergi numaras\u0131 edinme ve banka hesab\u0131 a\u00e7ma s\u00fcrecinizde rehberlik ediyoruz.<\/p>\t\t\t\t\t\t<\/div>\n\t\t\t\t<\/div>\n\t\t\t\t\t<\/div>\n\t\t<\/div>\n\t\t\t\t\t<\/div>\n\t\t<\/section>\n\t\t\t\t<section class=\"has_eae_slider elementor-section elementor-top-section elementor-element elementor-element-6fbbf34 ct-section-stretched elementor-section-full_width elementor-hidden-mobile elementor-section-height-default elementor-section-height-default\" data-id=\"6fbbf34\" data-element_type=\"section\">\n\t\t\t\t\t\t<div class=\"elementor-container elementor-column-gap-default\">\n\t\t\t\t\t<div class=\"has_eae_slider elementor-column elementor-col-100 elementor-top-column elementor-element elementor-element-92657ee\" data-id=\"92657ee\" data-element_type=\"column\">\n\t\t\t<div class=\"elementor-widget-wrap elementor-element-populated\">\n\t\t\t\t\t\t<div class=\"elementor-element elementor-element-12c55bd elementor-widget-divider--view-line_icon elementor-hidden-mobile elementor-view-default elementor-widget-divider--element-align-center elementor-widget elementor-widget-divider\" data-id=\"12c55bd\" data-element_type=\"widget\" data-widget_type=\"divider.default\">\n\t\t\t\t<div class=\"elementor-widget-container\">\n\t\t\t\t\t<div class=\"elementor-divider\">\n\t\t\t<span class=\"elementor-divider-separator\">\n\t\t\t\t\t\t\t<div class=\"elementor-icon elementor-divider__element\">\n\t\t\t\t\t<svg aria-hidden=\"true\" class=\"e-font-icon-svg e-fas-chevron-down\" viewBox=\"0 0 448 512\" xmlns=\"http:\/\/www.w3.org\/2000\/svg\"><path d=\"M207.029 381.476L12.686 187.132c-9.373-9.373-9.373-24.569 0-33.941l22.667-22.667c9.357-9.357 24.522-9.375 33.901-.04L224 284.505l154.745-154.021c9.379-9.335 24.544-9.317 33.901.04l22.667 22.667c9.373 9.373 9.373 24.569 0 33.941L240.971 381.476c-9.373 9.372-24.569 9.372-33.942 0z\"><\/path><\/svg><\/div>\n\t\t\t\t\t\t<\/span>\n\t\t<\/div>\n\t\t\t\t<\/div>\n\t\t\t\t<\/div>\n\t\t\t\t\t<\/div>\n\t\t<\/div>\n\t\t\t\t\t<\/div>\n\t\t<\/section>\n\t\t\t\t<section class=\"has_eae_slider elementor-section elementor-top-section elementor-element elementor-element-5a54503 ct-section-stretched elementor-hidden-mobile elementor-section-boxed elementor-section-height-default elementor-section-height-default\" data-id=\"5a54503\" data-element_type=\"section\">\n\t\t\t\t\t\t<div class=\"elementor-container elementor-column-gap-wider\">\n\t\t\t\t\t<div class=\"has_eae_slider elementor-column elementor-col-20 elementor-top-column elementor-element elementor-element-1d20530\" data-id=\"1d20530\" data-element_type=\"column\">\n\t\t\t<div class=\"elementor-widget-wrap elementor-element-populated\">\n\t\t\t\t\t\t<div class=\"elementor-element elementor-element-38375cf elementor-align-center elementor-widget elementor-widget-button\" data-id=\"38375cf\" data-element_type=\"widget\" data-widget_type=\"button.default\">\n\t\t\t\t<div class=\"elementor-widget-container\">\n\t\t\t\t\t<div class=\"elementor-button-wrapper\">\n\t\t\t<a class=\"elementor-button elementor-button-link elementor-size-sm\" href=\"https:\/\/gatewaykurumsal.com\/?page_id=2504&#038;lang=tr\">\n\t\t\t\t\t\t<span class=\"elementor-button-content-wrapper\">\n\t\t\t\t\t\t\t\t\t<span class=\"elementor-button-text\">G\u00f6\u00e7menlik<br>  Hizmetleri<\/span>\n\t\t\t\t\t<\/span>\n\t\t\t\t\t<\/a>\n\t\t<\/div>\n\t\t\t\t<\/div>\n\t\t\t\t<\/div>\n\t\t\t\t<div class=\"elementor-element elementor-element-eabb899 elementor-widget elementor-widget-image\" data-id=\"eabb899\" data-element_type=\"widget\" data-widget_type=\"image.default\">\n\t\t\t\t<div class=\"elementor-widget-container\">\n\t\t\t\t\t\t\t\t\t\t\t\t\t<img fetchpriority=\"high\" decoding=\"async\" width=\"1024\" height=\"724\" src=\"https:\/\/gatewaykurumsal.com\/wp-content\/uploads\/2024\/12\/immg-1024x724.png\" class=\"attachment-large size-large wp-image-1938\" alt=\"\" srcset=\"https:\/\/gatewaykurumsal.com\/wp-content\/uploads\/2024\/12\/immg-1024x724.png 1024w, https:\/\/gatewaykurumsal.com\/wp-content\/uploads\/2024\/12\/immg-300x212.png 300w, https:\/\/gatewaykurumsal.com\/wp-content\/uploads\/2024\/12\/immg-768x543.png 768w, https:\/\/gatewaykurumsal.com\/wp-content\/uploads\/2024\/12\/immg-1536x1086.png 1536w, https:\/\/gatewaykurumsal.com\/wp-content\/uploads\/2024\/12\/immg.png 2000w\" sizes=\"(max-width: 1024px) 100vw, 1024px\" \/>\t\t\t\t\t\t\t\t\t\t\t\t\t<\/div>\n\t\t\t\t<\/div>\n\t\t\t\t\t<\/div>\n\t\t<\/div>\n\t\t\t\t<div class=\"has_eae_slider elementor-column elementor-col-20 elementor-top-column elementor-element elementor-element-adfd22f\" data-id=\"adfd22f\" data-element_type=\"column\">\n\t\t\t<div class=\"elementor-widget-wrap elementor-element-populated\">\n\t\t\t\t\t\t<div class=\"elementor-element elementor-element-292c1cd elementor-align-center elementor-widget elementor-widget-button\" data-id=\"292c1cd\" data-element_type=\"widget\" data-widget_type=\"button.default\">\n\t\t\t\t<div class=\"elementor-widget-container\">\n\t\t\t\t\t<div class=\"elementor-button-wrapper\">\n\t\t\t<a class=\"elementor-button elementor-button-link elementor-size-sm\" href=\"https:\/\/gatewaykurumsal.com\/?page_id=2513&#038;lang=tr\">\n\t\t\t\t\t\t<span class=\"elementor-button-content-wrapper\">\n\t\t\t\t\t\t\t\t\t<span class=\"elementor-button-text\">Kar\u015f\u0131lama <br> Hizmetleri<\/span>\n\t\t\t\t\t<\/span>\n\t\t\t\t\t<\/a>\n\t\t<\/div>\n\t\t\t\t<\/div>\n\t\t\t\t<\/div>\n\t\t\t\t<div class=\"elementor-element elementor-element-1a57e53 elementor-widget elementor-widget-image\" data-id=\"1a57e53\" data-element_type=\"widget\" data-widget_type=\"image.default\">\n\t\t\t\t<div class=\"elementor-widget-container\">\n\t\t\t\t\t\t\t\t\t\t\t\t\t<img decoding=\"async\" width=\"1024\" height=\"724\" src=\"https:\/\/gatewaykurumsal.com\/wp-content\/uploads\/2024\/12\/ev-1024x724.png\" class=\"attachment-large size-large wp-image-1966\" alt=\"\" srcset=\"https:\/\/gatewaykurumsal.com\/wp-content\/uploads\/2024\/12\/ev-1024x724.png 1024w, https:\/\/gatewaykurumsal.com\/wp-content\/uploads\/2024\/12\/ev-300x212.png 300w, https:\/\/gatewaykurumsal.com\/wp-content\/uploads\/2024\/12\/ev-768x543.png 768w, https:\/\/gatewaykurumsal.com\/wp-content\/uploads\/2024\/12\/ev-1536x1086.png 1536w, https:\/\/gatewaykurumsal.com\/wp-content\/uploads\/2024\/12\/ev.png 2000w\" sizes=\"(max-width: 1024px) 100vw, 1024px\" \/>\t\t\t\t\t\t\t\t\t\t\t\t\t<\/div>\n\t\t\t\t<\/div>\n\t\t\t\t\t<\/div>\n\t\t<\/div>\n\t\t\t\t<div class=\"has_eae_slider elementor-column elementor-col-20 elementor-top-column elementor-element elementor-element-be01071\" data-id=\"be01071\" data-element_type=\"column\">\n\t\t\t<div class=\"elementor-widget-wrap elementor-element-populated\">\n\t\t\t\t\t\t<div class=\"elementor-element elementor-element-bebf263 elementor-align-center elementor-widget elementor-widget-button\" data-id=\"bebf263\" data-element_type=\"widget\" data-widget_type=\"button.default\">\n\t\t\t\t<div class=\"elementor-widget-container\">\n\t\t\t\t\t<div class=\"elementor-button-wrapper\">\n\t\t\t<a class=\"elementor-button elementor-button-link elementor-size-sm\" href=\"https:\/\/gatewaykurumsal.com\/?page_id=2522&#038;lang=tr\">\n\t\t\t\t\t\t<span class=\"elementor-button-content-wrapper\">\n\t\t\t\t\t\t\t\t\t<span class=\"elementor-button-text\">Var\u0131\u015f Sonras\u0131 <br> Hizmetler<\/span>\n\t\t\t\t\t<\/span>\n\t\t\t\t\t<\/a>\n\t\t<\/div>\n\t\t\t\t<\/div>\n\t\t\t\t<\/div>\n\t\t\t\t<div class=\"elementor-element elementor-element-9442a32 elementor-widget elementor-widget-image\" data-id=\"9442a32\" data-element_type=\"widget\" data-widget_type=\"image.default\">\n\t\t\t\t<div class=\"elementor-widget-container\">\n\t\t\t\t\t\t\t\t\t\t\t\t\t<img decoding=\"async\" width=\"1024\" height=\"724\" src=\"https:\/\/gatewaykurumsal.com\/wp-content\/uploads\/2024\/12\/oryantasyon-1024x724.png\" class=\"attachment-large size-large wp-image-2393\" alt=\"\" srcset=\"https:\/\/gatewaykurumsal.com\/wp-content\/uploads\/2024\/12\/oryantasyon-1024x724.png 1024w, https:\/\/gatewaykurumsal.com\/wp-content\/uploads\/2024\/12\/oryantasyon-300x212.png 300w, https:\/\/gatewaykurumsal.com\/wp-content\/uploads\/2024\/12\/oryantasyon-768x543.png 768w, https:\/\/gatewaykurumsal.com\/wp-content\/uploads\/2024\/12\/oryantasyon-1536x1086.png 1536w, https:\/\/gatewaykurumsal.com\/wp-content\/uploads\/2024\/12\/oryantasyon.png 2000w\" sizes=\"(max-width: 1024px) 100vw, 1024px\" \/>\t\t\t\t\t\t\t\t\t\t\t\t\t<\/div>\n\t\t\t\t<\/div>\n\t\t\t\t\t<\/div>\n\t\t<\/div>\n\t\t\t\t<div class=\"has_eae_slider elementor-column elementor-col-20 elementor-top-column elementor-element elementor-element-f58681b\" data-id=\"f58681b\" data-element_type=\"column\">\n\t\t\t<div class=\"elementor-widget-wrap elementor-element-populated\">\n\t\t\t\t\t\t<div class=\"elementor-element elementor-element-955ec3e elementor-align-center elementor-widget elementor-widget-button\" data-id=\"955ec3e\" data-element_type=\"widget\" data-widget_type=\"button.default\">\n\t\t\t\t<div class=\"elementor-widget-container\">\n\t\t\t\t\t<div class=\"elementor-button-wrapper\">\n\t\t\t<a class=\"elementor-button elementor-button-link elementor-size-sm\" href=\"https:\/\/gatewaykurumsal.com\/?page_id=2528&#038;lang=tr\">\n\t\t\t\t\t\t<span class=\"elementor-button-content-wrapper\">\n\t\t\t\t\t\t\t\t\t<span class=\"elementor-button-text\">Ayr\u0131l\u0131\u015f <br> Hizmetleri<\/span>\n\t\t\t\t\t<\/span>\n\t\t\t\t\t<\/a>\n\t\t<\/div>\n\t\t\t\t<\/div>\n\t\t\t\t<\/div>\n\t\t\t\t<div class=\"elementor-element elementor-element-a8912d9 elementor-widget elementor-widget-image\" data-id=\"a8912d9\" data-element_type=\"widget\" data-widget_type=\"image.default\">\n\t\t\t\t<div class=\"elementor-widget-container\">\n\t\t\t\t\t\t\t\t\t\t\t\t\t<img loading=\"lazy\" decoding=\"async\" width=\"1024\" height=\"724\" src=\"https:\/\/gatewaykurumsal.com\/wp-content\/uploads\/2024\/12\/departure-3-1024x724.png\" class=\"attachment-large size-large wp-image-2402\" alt=\"\" srcset=\"https:\/\/gatewaykurumsal.com\/wp-content\/uploads\/2024\/12\/departure-3-1024x724.png 1024w, https:\/\/gatewaykurumsal.com\/wp-content\/uploads\/2024\/12\/departure-3-300x212.png 300w, https:\/\/gatewaykurumsal.com\/wp-content\/uploads\/2024\/12\/departure-3-768x543.png 768w, https:\/\/gatewaykurumsal.com\/wp-content\/uploads\/2024\/12\/departure-3-1536x1086.png 1536w, https:\/\/gatewaykurumsal.com\/wp-content\/uploads\/2024\/12\/departure-3.png 2000w\" sizes=\"(max-width: 1024px) 100vw, 1024px\" \/>\t\t\t\t\t\t\t\t\t\t\t\t\t<\/div>\n\t\t\t\t<\/div>\n\t\t\t\t\t<\/div>\n\t\t<\/div>\n\t\t\t\t<div class=\"has_eae_slider elementor-column elementor-col-20 elementor-top-column elementor-element elementor-element-e998682\" data-id=\"e998682\" data-element_type=\"column\">\n\t\t\t<div class=\"elementor-widget-wrap elementor-element-populated\">\n\t\t\t\t\t\t<div class=\"elementor-element elementor-element-898aaa9 elementor-align-center elementor-widget elementor-widget-button\" data-id=\"898aaa9\" data-element_type=\"widget\" data-widget_type=\"button.default\">\n\t\t\t\t<div class=\"elementor-widget-container\">\n\t\t\t\t\t<div class=\"elementor-button-wrapper\">\n\t\t\t<a class=\"elementor-button elementor-size-sm\" role=\"button\">\n\t\t\t\t\t\t<span class=\"elementor-button-content-wrapper\">\n\t\t\t\t\t\t\t\t\t<span class=\"elementor-button-text\">Yabanc\u0131 \u00c7al\u0131\u015fan<br> Hizmetleri<\/span>\n\t\t\t\t\t<\/span>\n\t\t\t\t\t<\/a>\n\t\t<\/div>\n\t\t\t\t<\/div>\n\t\t\t\t<\/div>\n\t\t\t\t<div class=\"elementor-element elementor-element-8bf647d elementor-widget elementor-widget-image\" data-id=\"8bf647d\" data-element_type=\"widget\" data-widget_type=\"image.default\">\n\t\t\t\t<div class=\"elementor-widget-container\">\n\t\t\t\t\t\t\t\t\t\t\t\t\t<img loading=\"lazy\" decoding=\"async\" width=\"1024\" height=\"724\" src=\"https:\/\/gatewaykurumsal.com\/wp-content\/uploads\/2024\/12\/inset-1024x724.png\" class=\"attachment-large size-large wp-image-1940\" alt=\"\" srcset=\"https:\/\/gatewaykurumsal.com\/wp-content\/uploads\/2024\/12\/inset-1024x724.png 1024w, https:\/\/gatewaykurumsal.com\/wp-content\/uploads\/2024\/12\/inset-300x212.png 300w, https:\/\/gatewaykurumsal.com\/wp-content\/uploads\/2024\/12\/inset-768x543.png 768w, https:\/\/gatewaykurumsal.com\/wp-content\/uploads\/2024\/12\/inset-1536x1086.png 1536w, https:\/\/gatewaykurumsal.com\/wp-content\/uploads\/2024\/12\/inset.png 2000w\" sizes=\"(max-width: 1024px) 100vw, 1024px\" \/>\t\t\t\t\t\t\t\t\t\t\t\t\t<\/div>\n\t\t\t\t<\/div>\n\t\t\t\t\t<\/div>\n\t\t<\/div>\n\t\t\t\t\t<\/div>\n\t\t<\/section>\n\t\t\t\t<\/div>\n\t\t","protected":false},"excerpt":{"rendered":"<p>Yabanc\u0131 \u00c7al\u0131\u015fan Hizmetleri \u201cGateway, \u015firketler, \u00e7al\u0131\u015fanlar, bireyler, aileler ve \u00f6\u011frenciler i\u00e7in benzersiz bir ta\u015f\u0131nma deneyimi sunar.\u201d Yeni \u00e7evrenize en h\u0131zl\u0131 \u015fekilde uyum sa\u011flaman\u0131z i\u00e7in, g\u00fcnl\u00fck hayat\u0131n k\u00fc\u00e7\u00fck detaylar\u0131nda siz ve ailenize destek oluyoruz. Ta\u015f\u0131nma s\u00fcrecinizi kolayla\u015ft\u0131rarak konforlu bir ba\u015flang\u0131\u00e7 yapman\u0131z\u0131 sa\u011fl\u0131yoruz. \u2713 Havaliman\u0131 Kar\u015f\u0131lama&#8211; Yetkili ve tam sigortal\u0131 ara\u00e7 ve \u015fof\u00f6rlerle havaliman\u0131 transferinizi organize ediyoruz. [&hellip;]<\/p>\n","protected":false},"author":1,"featured_media":0,"parent":2495,"menu_order":3,"comment_status":"closed","ping_status":"closed","template":"","meta":{"_eb_attr":"","_uag_custom_page_level_css":"","footnotes":""},"class_list":["post-2534","page","type-page","status-publish","hentry"],"blocksy_meta":[],"uagb_featured_image_src":{"full":false,"thumbnail":false,"medium":false,"medium_large":false,"large":false,"1536x1536":false,"2048x2048":false},"uagb_author_info":{"display_name":"admin","author_link":"https:\/\/gatewaykurumsal.com\/?author=1"},"uagb_comment_info":0,"uagb_excerpt":"Yabanc\u0131 \u00c7al\u0131\u015fan Hizmetleri \u201cGateway, \u015firketler, \u00e7al\u0131\u015fanlar, bireyler, aileler ve \u00f6\u011frenciler i\u00e7in benzersiz bir ta\u015f\u0131nma deneyimi sunar.\u201d Yeni \u00e7evrenize en h\u0131zl\u0131 \u015fekilde uyum sa\u011flaman\u0131z i\u00e7in, g\u00fcnl\u00fck hayat\u0131n k\u00fc\u00e7\u00fck detaylar\u0131nda siz ve ailenize destek oluyoruz. Ta\u015f\u0131nma s\u00fcrecinizi kolayla\u015ft\u0131rarak konforlu bir ba\u015flang\u0131\u00e7 yapman\u0131z\u0131 sa\u011fl\u0131yoruz. \u2713 Havaliman\u0131 Kar\u015f\u0131lama&#8211; Yetkili ve tam sigortal\u0131 ara\u00e7 ve \u015fof\u00f6rlerle havaliman\u0131 transferinizi organize ediyoruz.&hellip;","_links":{"self":[{"href":"https:\/\/gatewaykurumsal.com\/index.php?rest_route=\/wp\/v2\/pages\/2534"}],"collection":[{"href":"https:\/\/gatewaykurumsal.com\/index.php?rest_route=\/wp\/v2\/pages"}],"about":[{"href":"https:\/\/gatewaykurumsal.com\/index.php?rest_route=\/wp\/v2\/types\/page"}],"author":[{"embeddable":true,"href":"https:\/\/gatewaykurumsal.com\/index.php?rest_route=\/wp\/v2\/users\/1"}],"replies":[{"embeddable":true,"href":"https:\/\/gatewaykurumsal.com\/index.php?rest_route=%2Fwp%2Fv2%2Fcomments&post=2534"}],"version-history":[{"count":14,"href":"https:\/\/gatewaykurumsal.com\/index.php?rest_route=\/wp\/v2\/pages\/2534\/revisions"}],"predecessor-version":[{"id":2804,"href":"https:\/\/gatewaykurumsal.com\/index.php?rest_route=\/wp\/v2\/pages\/2534\/revisions\/2804"}],"up":[{"embeddable":true,"href":"https:\/\/gatewaykurumsal.com\/index.php?rest_route=\/wp\/v2\/pages\/2495"}],"wp:attachment":[{"href":"https:\/\/gatewaykurumsal.com\/index.php?rest_route=%2Fwp%2Fv2%2Fmedia&parent=2534"}],"curies":[{"name":"wp","href":"https:\/\/api.w.org\/{rel}","templated":true}]}}