{"id":2528,"date":"2024-12-31T12:22:09","date_gmt":"2024-12-31T12:22:09","guid":{"rendered":"https:\/\/gatewaykurumsal.com\/?page_id=2528"},"modified":"2025-01-17T09:14:16","modified_gmt":"2025-01-17T09:14:16","slug":"ayrilis-hizmetleri","status":"publish","type":"page","link":"https:\/\/gatewaykurumsal.com\/?page_id=2528&lang=tr","title":{"rendered":"Ayr\u0131l\u0131\u015f Hizmetleri"},"content":{"rendered":"\t\t<div data-elementor-type=\"wp-page\" data-elementor-id=\"2528\" class=\"elementor elementor-2528\">\n\t\t\t\t\t\t<section class=\"has_eae_slider elementor-section elementor-top-section elementor-element elementor-element-e6fa96c ct-section-stretched elementor-section-full_width elementor-section-height-min-height elementor-section-height-default elementor-section-items-middle\" data-id=\"e6fa96c\" data-element_type=\"section\" data-settings=\"{&quot;background_background&quot;:&quot;classic&quot;}\">\n\t\t\t\t\t\t<div class=\"elementor-container elementor-column-gap-default\">\n\t\t\t\t\t<div class=\"has_eae_slider elementor-column elementor-col-100 elementor-top-column elementor-element elementor-element-4f4bb1e\" data-id=\"4f4bb1e\" data-element_type=\"column\">\n\t\t\t<div class=\"elementor-widget-wrap\">\n\t\t\t\t\t\t\t<\/div>\n\t\t<\/div>\n\t\t\t\t\t<\/div>\n\t\t<\/section>\n\t\t\t\t<section class=\"has_eae_slider elementor-section elementor-top-section elementor-element elementor-element-4dc4cff elementor-section-boxed elementor-section-height-default elementor-section-height-default\" data-id=\"4dc4cff\" data-element_type=\"section\">\n\t\t\t\t\t\t<div class=\"elementor-container elementor-column-gap-default\">\n\t\t\t\t\t<div class=\"has_eae_slider elementor-column elementor-col-100 elementor-top-column elementor-element elementor-element-aadc6c5\" data-id=\"aadc6c5\" data-element_type=\"column\">\n\t\t\t<div class=\"elementor-widget-wrap elementor-element-populated\">\n\t\t\t\t\t\t<div class=\"elementor-element elementor-element-848b18c elementor-position-left elementor-widget__width-initial elementor-view-default elementor-mobile-position-top elementor-vertical-align-top elementor-widget elementor-widget-icon-box\" data-id=\"848b18c\" data-element_type=\"widget\" data-widget_type=\"icon-box.default\">\n\t\t\t\t<div class=\"elementor-widget-container\">\n\t\t\t\t\t<div class=\"elementor-icon-box-wrapper\">\n\n\t\t\t\t\t\t<div class=\"elementor-icon-box-icon\">\n\t\t\t\t<span  class=\"elementor-icon elementor-animation-\">\n\t\t\t\t<svg aria-hidden=\"true\" class=\"e-font-icon-svg e-fas-house-user\" viewBox=\"0 0 576 512\" xmlns=\"http:\/\/www.w3.org\/2000\/svg\"><path d=\"M570.69,236.27,512,184.44V48a16,16,0,0,0-16-16H432a16,16,0,0,0-16,16V99.67L314.78,10.3C308.5,4.61,296.53,0,288,0s-20.46,4.61-26.74,10.3l-256,226A18.27,18.27,0,0,0,0,248.2a18.64,18.64,0,0,0,4.09,10.71L25.5,282.7a21.14,21.14,0,0,0,12,5.3,21.67,21.67,0,0,0,10.69-4.11l15.9-14V480a32,32,0,0,0,32,32H480a32,32,0,0,0,32-32V269.88l15.91,14A21.94,21.94,0,0,0,538.63,288a20.89,20.89,0,0,0,11.87-5.31l21.41-23.81A21.64,21.64,0,0,0,576,248.19,21,21,0,0,0,570.69,236.27ZM288,176a64,64,0,1,1-64,64A64,64,0,0,1,288,176ZM400,448H176a16,16,0,0,1-16-16,96,96,0,0,1,96-96h64a96,96,0,0,1,96,96A16,16,0,0,1,400,448Z\"><\/path><\/svg>\t\t\t\t<\/span>\n\t\t\t<\/div>\n\t\t\t\n\t\t\t\t\t\t<div class=\"elementor-icon-box-content\">\n\n\t\t\t\t\t\t\t\t\t<h3 class=\"elementor-icon-box-title\">\n\t\t\t\t\t\t<span  >\n\t\t\t\t\t\t\tAyr\u0131l\u0131\u015f Hizmetleri\t\t\t\t\t\t<\/span>\n\t\t\t\t\t<\/h3>\n\t\t\t\t\n\t\t\t\t\n\t\t\t<\/div>\n\t\t\t\n\t\t<\/div>\n\t\t\t\t<\/div>\n\t\t\t\t<\/div>\n\t\t\t\t<div class=\"elementor-element elementor-element-7b4834a elementor-widget elementor-widget-text-editor\" data-id=\"7b4834a\" data-element_type=\"widget\" data-widget_type=\"text-editor.default\">\n\t\t\t\t<div class=\"elementor-widget-container\">\n\t\t\t\t\t\t\t<p>\u201cGateway, \u015firketler, \u00e7al\u0131\u015fanlar, bireyler, aileler ve \u00f6\u011frenciler i\u00e7in benzersiz bir ta\u015f\u0131nma deneyimi sunar.\u201d<\/p>\t\t\t\t\t\t<\/div>\n\t\t\t\t<\/div>\n\t\t\t\t\t<\/div>\n\t\t<\/div>\n\t\t\t\t\t<\/div>\n\t\t<\/section>\n\t\t\t\t<section class=\"has_eae_slider elementor-section elementor-top-section elementor-element elementor-element-9724c5f ct-section-stretched elementor-section-boxed elementor-section-height-default elementor-section-height-default\" data-id=\"9724c5f\" data-element_type=\"section\">\n\t\t\t\t\t\t<div class=\"elementor-container elementor-column-gap-default\">\n\t\t\t\t\t<div class=\"has_eae_slider elementor-column elementor-col-100 elementor-top-column elementor-element elementor-element-4ecd08d\" data-id=\"4ecd08d\" data-element_type=\"column\">\n\t\t\t<div class=\"elementor-widget-wrap elementor-element-populated\">\n\t\t\t\t\t\t<div class=\"elementor-element elementor-element-928a089 elementor-widget__width-initial elementor-widget elementor-widget-text-editor\" data-id=\"928a089\" data-element_type=\"widget\" data-widget_type=\"text-editor.default\">\n\t\t\t\t<div class=\"elementor-widget-container\">\n\t\t\t\t\t\t\t<p><strong>\u2713 Ayr\u0131l\u0131\u015f Hizmetleri<\/strong><br \/>Evinize d\u00f6n\u00fc\u015f zaman\u0131 geldi\u011finde, Gateway olarak s\u00fcreci sorunsuz ve g\u00fcvenli bir \u015fekilde tamamlaman\u0131z i\u00e7in gerekli t\u00fcm deste\u011fi sa\u011fl\u0131yoruz. Depozito iadesi s\u00fcrecini takip edip, aboneliklerin sonland\u0131r\u0131lmas\u0131n\u0131, internet kayd\u0131n\u0131n iptalini organize edip ve t\u00fcm i\u015flemler i\u00e7in kapsaml\u0131 bir kontrol listesi sunuyoruz. Evdeki mevcut durumu belgelemek i\u00e7in foto\u011frafl\u0131yor ve denetim raporuyla kar\u015f\u0131la\u015ft\u0131r\u0131yoruz.<br \/>E\u011fer ta\u015f\u0131nma s\u00fcrecinde ge\u00e7ici bir konaklamaya ihtiya\u00e7 duyarsan\u0131z, mobilyalar\u0131n\u0131z\u0131 ta\u015f\u0131rken konaklama d\u00fczenlemeleri de yapabiliriz.<\/p><p><span style=\"text-decoration: underline;\"><strong>Avantajlar:<\/strong><\/span><\/p><ul><li>Kira s\u00f6zle\u015fmesi, sigorta ve banka hesaplar\u0131n\u0131n iptali.<\/li><li>G\u00fcvenli iptal ve kay\u0131t silme i\u015flemleri, d\u00f6n\u00fc\u015f sonras\u0131 ya\u015fanabilecek olas\u0131 sorunlar\u0131n takibi.<\/li><li>Evde \u00f6n denetim yap\u0131lmas\u0131.<\/li><li>Ev teslim raporunun haz\u0131rlanmas\u0131.<\/li><li>Depozito iadesinin takibi.<\/li><li>Temizlik \u015firketinin organize edilmesi.<\/li><li>U\u00e7ak bileti ve havaliman\u0131 transferi d\u00fczenlemeleri.<\/li><\/ul>\t\t\t\t\t\t<\/div>\n\t\t\t\t<\/div>\n\t\t\t\t\t<\/div>\n\t\t<\/div>\n\t\t\t\t\t<\/div>\n\t\t<\/section>\n\t\t\t\t<section class=\"has_eae_slider elementor-section elementor-top-section elementor-element elementor-element-249652a ct-section-stretched elementor-section-full_width elementor-hidden-mobile elementor-section-height-default elementor-section-height-default\" data-id=\"249652a\" data-element_type=\"section\">\n\t\t\t\t\t\t<div class=\"elementor-container elementor-column-gap-default\">\n\t\t\t\t\t<div class=\"has_eae_slider elementor-column elementor-col-100 elementor-top-column elementor-element elementor-element-ee6afbb\" data-id=\"ee6afbb\" data-element_type=\"column\">\n\t\t\t<div class=\"elementor-widget-wrap elementor-element-populated\">\n\t\t\t\t\t\t<div class=\"elementor-element elementor-element-d4af903 elementor-widget-divider--view-line_icon elementor-hidden-mobile elementor-view-default elementor-widget-divider--element-align-center elementor-widget elementor-widget-divider\" data-id=\"d4af903\" data-element_type=\"widget\" data-widget_type=\"divider.default\">\n\t\t\t\t<div class=\"elementor-widget-container\">\n\t\t\t\t\t<div class=\"elementor-divider\">\n\t\t\t<span class=\"elementor-divider-separator\">\n\t\t\t\t\t\t\t<div class=\"elementor-icon elementor-divider__element\">\n\t\t\t\t\t<svg aria-hidden=\"true\" class=\"e-font-icon-svg e-fas-chevron-down\" viewBox=\"0 0 448 512\" xmlns=\"http:\/\/www.w3.org\/2000\/svg\"><path d=\"M207.029 381.476L12.686 187.132c-9.373-9.373-9.373-24.569 0-33.941l22.667-22.667c9.357-9.357 24.522-9.375 33.901-.04L224 284.505l154.745-154.021c9.379-9.335 24.544-9.317 33.901.04l22.667 22.667c9.373 9.373 9.373 24.569 0 33.941L240.971 381.476c-9.373 9.372-24.569 9.372-33.942 0z\"><\/path><\/svg><\/div>\n\t\t\t\t\t\t<\/span>\n\t\t<\/div>\n\t\t\t\t<\/div>\n\t\t\t\t<\/div>\n\t\t\t\t\t<\/div>\n\t\t<\/div>\n\t\t\t\t\t<\/div>\n\t\t<\/section>\n\t\t\t\t<section class=\"has_eae_slider elementor-section elementor-top-section elementor-element elementor-element-fac932b ct-section-stretched elementor-hidden-mobile elementor-section-boxed elementor-section-height-default elementor-section-height-default\" data-id=\"fac932b\" data-element_type=\"section\">\n\t\t\t\t\t\t<div class=\"elementor-container elementor-column-gap-wider\">\n\t\t\t\t\t<div class=\"has_eae_slider elementor-column elementor-col-20 elementor-top-column elementor-element elementor-element-7ab161b\" data-id=\"7ab161b\" data-element_type=\"column\">\n\t\t\t<div class=\"elementor-widget-wrap elementor-element-populated\">\n\t\t\t\t\t\t<div class=\"elementor-element elementor-element-4d02639 elementor-align-center elementor-widget elementor-widget-button\" data-id=\"4d02639\" data-element_type=\"widget\" data-widget_type=\"button.default\">\n\t\t\t\t<div class=\"elementor-widget-container\">\n\t\t\t\t\t<div class=\"elementor-button-wrapper\">\n\t\t\t<a class=\"elementor-button elementor-button-link elementor-size-sm\" href=\"https:\/\/gatewaykurumsal.com\/?page_id=2504&#038;lang=tr\">\n\t\t\t\t\t\t<span class=\"elementor-button-content-wrapper\">\n\t\t\t\t\t\t\t\t\t<span class=\"elementor-button-text\">G\u00f6\u00e7menlik<br>  Hizmetleri<\/span>\n\t\t\t\t\t<\/span>\n\t\t\t\t\t<\/a>\n\t\t<\/div>\n\t\t\t\t<\/div>\n\t\t\t\t<\/div>\n\t\t\t\t<div class=\"elementor-element elementor-element-db1ea3d elementor-widget elementor-widget-image\" data-id=\"db1ea3d\" data-element_type=\"widget\" data-widget_type=\"image.default\">\n\t\t\t\t<div class=\"elementor-widget-container\">\n\t\t\t\t\t\t\t\t\t\t\t\t\t<img fetchpriority=\"high\" decoding=\"async\" width=\"1024\" height=\"724\" src=\"https:\/\/gatewaykurumsal.com\/wp-content\/uploads\/2024\/12\/immg-1024x724.png\" class=\"attachment-large size-large wp-image-1938\" alt=\"\" srcset=\"https:\/\/gatewaykurumsal.com\/wp-content\/uploads\/2024\/12\/immg-1024x724.png 1024w, https:\/\/gatewaykurumsal.com\/wp-content\/uploads\/2024\/12\/immg-300x212.png 300w, https:\/\/gatewaykurumsal.com\/wp-content\/uploads\/2024\/12\/immg-768x543.png 768w, https:\/\/gatewaykurumsal.com\/wp-content\/uploads\/2024\/12\/immg-1536x1086.png 1536w, https:\/\/gatewaykurumsal.com\/wp-content\/uploads\/2024\/12\/immg.png 2000w\" sizes=\"(max-width: 1024px) 100vw, 1024px\" \/>\t\t\t\t\t\t\t\t\t\t\t\t\t<\/div>\n\t\t\t\t<\/div>\n\t\t\t\t\t<\/div>\n\t\t<\/div>\n\t\t\t\t<div class=\"has_eae_slider elementor-column elementor-col-20 elementor-top-column elementor-element elementor-element-33140b4\" data-id=\"33140b4\" data-element_type=\"column\">\n\t\t\t<div class=\"elementor-widget-wrap elementor-element-populated\">\n\t\t\t\t\t\t<div class=\"elementor-element elementor-element-4e69c14 elementor-align-center elementor-widget elementor-widget-button\" data-id=\"4e69c14\" data-element_type=\"widget\" data-widget_type=\"button.default\">\n\t\t\t\t<div class=\"elementor-widget-container\">\n\t\t\t\t\t<div class=\"elementor-button-wrapper\">\n\t\t\t<a class=\"elementor-button elementor-button-link elementor-size-sm\" href=\"https:\/\/gatewaykurumsal.com\/?page_id=2513&#038;lang=tr\">\n\t\t\t\t\t\t<span class=\"elementor-button-content-wrapper\">\n\t\t\t\t\t\t\t\t\t<span class=\"elementor-button-text\">Kar\u015f\u0131lama <br> Hizmetleri<\/span>\n\t\t\t\t\t<\/span>\n\t\t\t\t\t<\/a>\n\t\t<\/div>\n\t\t\t\t<\/div>\n\t\t\t\t<\/div>\n\t\t\t\t<div class=\"elementor-element elementor-element-b9043b8 elementor-widget elementor-widget-image\" data-id=\"b9043b8\" data-element_type=\"widget\" data-widget_type=\"image.default\">\n\t\t\t\t<div class=\"elementor-widget-container\">\n\t\t\t\t\t\t\t\t\t\t\t\t\t<img decoding=\"async\" width=\"1024\" height=\"724\" src=\"https:\/\/gatewaykurumsal.com\/wp-content\/uploads\/2024\/12\/ev-1024x724.png\" class=\"attachment-large size-large wp-image-1966\" alt=\"\" srcset=\"https:\/\/gatewaykurumsal.com\/wp-content\/uploads\/2024\/12\/ev-1024x724.png 1024w, https:\/\/gatewaykurumsal.com\/wp-content\/uploads\/2024\/12\/ev-300x212.png 300w, https:\/\/gatewaykurumsal.com\/wp-content\/uploads\/2024\/12\/ev-768x543.png 768w, https:\/\/gatewaykurumsal.com\/wp-content\/uploads\/2024\/12\/ev-1536x1086.png 1536w, https:\/\/gatewaykurumsal.com\/wp-content\/uploads\/2024\/12\/ev.png 2000w\" sizes=\"(max-width: 1024px) 100vw, 1024px\" \/>\t\t\t\t\t\t\t\t\t\t\t\t\t<\/div>\n\t\t\t\t<\/div>\n\t\t\t\t\t<\/div>\n\t\t<\/div>\n\t\t\t\t<div class=\"has_eae_slider elementor-column elementor-col-20 elementor-top-column elementor-element elementor-element-0d89c3f\" data-id=\"0d89c3f\" data-element_type=\"column\">\n\t\t\t<div class=\"elementor-widget-wrap elementor-element-populated\">\n\t\t\t\t\t\t<div class=\"elementor-element elementor-element-4387d9e elementor-align-center elementor-widget elementor-widget-button\" data-id=\"4387d9e\" data-element_type=\"widget\" data-widget_type=\"button.default\">\n\t\t\t\t<div class=\"elementor-widget-container\">\n\t\t\t\t\t<div class=\"elementor-button-wrapper\">\n\t\t\t<a class=\"elementor-button elementor-button-link elementor-size-sm\" href=\"https:\/\/gatewaykurumsal.com\/?page_id=2522&#038;lang=tr\">\n\t\t\t\t\t\t<span class=\"elementor-button-content-wrapper\">\n\t\t\t\t\t\t\t\t\t<span class=\"elementor-button-text\">Var\u0131\u015f Sonras\u0131 <br> Hizmetler<\/span>\n\t\t\t\t\t<\/span>\n\t\t\t\t\t<\/a>\n\t\t<\/div>\n\t\t\t\t<\/div>\n\t\t\t\t<\/div>\n\t\t\t\t<div class=\"elementor-element elementor-element-6d6ebc4 elementor-widget elementor-widget-image\" data-id=\"6d6ebc4\" data-element_type=\"widget\" data-widget_type=\"image.default\">\n\t\t\t\t<div class=\"elementor-widget-container\">\n\t\t\t\t\t\t\t\t\t\t\t\t\t<img decoding=\"async\" width=\"1024\" height=\"724\" src=\"https:\/\/gatewaykurumsal.com\/wp-content\/uploads\/2024\/12\/oryantasyon-1024x724.png\" class=\"attachment-large size-large wp-image-2393\" alt=\"\" srcset=\"https:\/\/gatewaykurumsal.com\/wp-content\/uploads\/2024\/12\/oryantasyon-1024x724.png 1024w, https:\/\/gatewaykurumsal.com\/wp-content\/uploads\/2024\/12\/oryantasyon-300x212.png 300w, https:\/\/gatewaykurumsal.com\/wp-content\/uploads\/2024\/12\/oryantasyon-768x543.png 768w, https:\/\/gatewaykurumsal.com\/wp-content\/uploads\/2024\/12\/oryantasyon-1536x1086.png 1536w, https:\/\/gatewaykurumsal.com\/wp-content\/uploads\/2024\/12\/oryantasyon.png 2000w\" sizes=\"(max-width: 1024px) 100vw, 1024px\" \/>\t\t\t\t\t\t\t\t\t\t\t\t\t<\/div>\n\t\t\t\t<\/div>\n\t\t\t\t\t<\/div>\n\t\t<\/div>\n\t\t\t\t<div class=\"has_eae_slider elementor-column elementor-col-20 elementor-top-column elementor-element elementor-element-21c6ae1\" data-id=\"21c6ae1\" data-element_type=\"column\">\n\t\t\t<div class=\"elementor-widget-wrap elementor-element-populated\">\n\t\t\t\t\t\t<div class=\"elementor-element elementor-element-f8507d6 elementor-align-center elementor-widget elementor-widget-button\" data-id=\"f8507d6\" data-element_type=\"widget\" data-widget_type=\"button.default\">\n\t\t\t\t<div class=\"elementor-widget-container\">\n\t\t\t\t\t<div class=\"elementor-button-wrapper\">\n\t\t\t<a class=\"elementor-button elementor-size-sm\" role=\"button\">\n\t\t\t\t\t\t<span class=\"elementor-button-content-wrapper\">\n\t\t\t\t\t\t\t\t\t<span class=\"elementor-button-text\">Ayr\u0131l\u0131\u015f <br> Hizmetleri<\/span>\n\t\t\t\t\t<\/span>\n\t\t\t\t\t<\/a>\n\t\t<\/div>\n\t\t\t\t<\/div>\n\t\t\t\t<\/div>\n\t\t\t\t<div class=\"elementor-element elementor-element-48d3c52 elementor-widget elementor-widget-image\" data-id=\"48d3c52\" data-element_type=\"widget\" data-widget_type=\"image.default\">\n\t\t\t\t<div class=\"elementor-widget-container\">\n\t\t\t\t\t\t\t\t\t\t\t\t\t<img loading=\"lazy\" decoding=\"async\" width=\"1024\" height=\"724\" src=\"https:\/\/gatewaykurumsal.com\/wp-content\/uploads\/2024\/12\/departure-3-1024x724.png\" class=\"attachment-large size-large wp-image-2402\" alt=\"\" srcset=\"https:\/\/gatewaykurumsal.com\/wp-content\/uploads\/2024\/12\/departure-3-1024x724.png 1024w, https:\/\/gatewaykurumsal.com\/wp-content\/uploads\/2024\/12\/departure-3-300x212.png 300w, https:\/\/gatewaykurumsal.com\/wp-content\/uploads\/2024\/12\/departure-3-768x543.png 768w, https:\/\/gatewaykurumsal.com\/wp-content\/uploads\/2024\/12\/departure-3-1536x1086.png 1536w, https:\/\/gatewaykurumsal.com\/wp-content\/uploads\/2024\/12\/departure-3.png 2000w\" sizes=\"(max-width: 1024px) 100vw, 1024px\" \/>\t\t\t\t\t\t\t\t\t\t\t\t\t<\/div>\n\t\t\t\t<\/div>\n\t\t\t\t\t<\/div>\n\t\t<\/div>\n\t\t\t\t<div class=\"has_eae_slider elementor-column elementor-col-20 elementor-top-column elementor-element elementor-element-1f92ad5\" data-id=\"1f92ad5\" data-element_type=\"column\">\n\t\t\t<div class=\"elementor-widget-wrap elementor-element-populated\">\n\t\t\t\t\t\t<div class=\"elementor-element elementor-element-ef0e9e9 elementor-align-center elementor-widget elementor-widget-button\" data-id=\"ef0e9e9\" data-element_type=\"widget\" data-widget_type=\"button.default\">\n\t\t\t\t<div class=\"elementor-widget-container\">\n\t\t\t\t\t<div class=\"elementor-button-wrapper\">\n\t\t\t<a class=\"elementor-button elementor-button-link elementor-size-sm\" href=\"https:\/\/gatewaykurumsal.com\/?page_id=2534&#038;lang=tr\">\n\t\t\t\t\t\t<span class=\"elementor-button-content-wrapper\">\n\t\t\t\t\t\t\t\t\t<span class=\"elementor-button-text\">Yabanc\u0131 \u00c7al\u0131\u015fan<br> Hizmetleri<\/span>\n\t\t\t\t\t<\/span>\n\t\t\t\t\t<\/a>\n\t\t<\/div>\n\t\t\t\t<\/div>\n\t\t\t\t<\/div>\n\t\t\t\t<div class=\"elementor-element elementor-element-db8a3af elementor-widget elementor-widget-image\" data-id=\"db8a3af\" data-element_type=\"widget\" data-widget_type=\"image.default\">\n\t\t\t\t<div class=\"elementor-widget-container\">\n\t\t\t\t\t\t\t\t\t\t\t\t\t<img loading=\"lazy\" decoding=\"async\" width=\"1024\" height=\"724\" src=\"https:\/\/gatewaykurumsal.com\/wp-content\/uploads\/2024\/12\/inset-1024x724.png\" class=\"attachment-large size-large wp-image-1940\" alt=\"\" srcset=\"https:\/\/gatewaykurumsal.com\/wp-content\/uploads\/2024\/12\/inset-1024x724.png 1024w, https:\/\/gatewaykurumsal.com\/wp-content\/uploads\/2024\/12\/inset-300x212.png 300w, https:\/\/gatewaykurumsal.com\/wp-content\/uploads\/2024\/12\/inset-768x543.png 768w, https:\/\/gatewaykurumsal.com\/wp-content\/uploads\/2024\/12\/inset-1536x1086.png 1536w, https:\/\/gatewaykurumsal.com\/wp-content\/uploads\/2024\/12\/inset.png 2000w\" sizes=\"(max-width: 1024px) 100vw, 1024px\" \/>\t\t\t\t\t\t\t\t\t\t\t\t\t<\/div>\n\t\t\t\t<\/div>\n\t\t\t\t\t<\/div>\n\t\t<\/div>\n\t\t\t\t\t<\/div>\n\t\t<\/section>\n\t\t\t\t<\/div>\n\t\t","protected":false},"excerpt":{"rendered":"<p>Ayr\u0131l\u0131\u015f Hizmetleri \u201cGateway, \u015firketler, \u00e7al\u0131\u015fanlar, bireyler, aileler ve \u00f6\u011frenciler i\u00e7in benzersiz bir ta\u015f\u0131nma deneyimi sunar.\u201d \u2713 Ayr\u0131l\u0131\u015f HizmetleriEvinize d\u00f6n\u00fc\u015f zaman\u0131 geldi\u011finde, Gateway olarak s\u00fcreci sorunsuz ve g\u00fcvenli bir \u015fekilde tamamlaman\u0131z i\u00e7in gerekli t\u00fcm deste\u011fi sa\u011fl\u0131yoruz. Depozito iadesi s\u00fcrecini takip edip, aboneliklerin sonland\u0131r\u0131lmas\u0131n\u0131, internet kayd\u0131n\u0131n iptalini organize edip ve t\u00fcm i\u015flemler i\u00e7in kapsaml\u0131 bir kontrol listesi [&hellip;]<\/p>\n","protected":false},"author":1,"featured_media":0,"parent":0,"menu_order":0,"comment_status":"closed","ping_status":"closed","template":"","meta":{"_eb_attr":"","_uag_custom_page_level_css":"","footnotes":""},"class_list":["post-2528","page","type-page","status-publish","hentry"],"blocksy_meta":[],"uagb_featured_image_src":{"full":false,"thumbnail":false,"medium":false,"medium_large":false,"large":false,"1536x1536":false,"2048x2048":false},"uagb_author_info":{"display_name":"admin","author_link":"https:\/\/gatewaykurumsal.com\/?author=1"},"uagb_comment_info":0,"uagb_excerpt":"Ayr\u0131l\u0131\u015f Hizmetleri \u201cGateway, \u015firketler, \u00e7al\u0131\u015fanlar, bireyler, aileler ve \u00f6\u011frenciler i\u00e7in benzersiz bir ta\u015f\u0131nma deneyimi sunar.\u201d \u2713 Ayr\u0131l\u0131\u015f HizmetleriEvinize d\u00f6n\u00fc\u015f zaman\u0131 geldi\u011finde, Gateway olarak s\u00fcreci sorunsuz ve g\u00fcvenli bir \u015fekilde tamamlaman\u0131z i\u00e7in gerekli t\u00fcm deste\u011fi sa\u011fl\u0131yoruz. Depozito iadesi s\u00fcrecini takip edip, aboneliklerin sonland\u0131r\u0131lmas\u0131n\u0131, internet kayd\u0131n\u0131n iptalini organize edip ve t\u00fcm i\u015flemler i\u00e7in kapsaml\u0131 bir kontrol listesi&hellip;","_links":{"self":[{"href":"https:\/\/gatewaykurumsal.com\/index.php?rest_route=\/wp\/v2\/pages\/2528"}],"collection":[{"href":"https:\/\/gatewaykurumsal.com\/index.php?rest_route=\/wp\/v2\/pages"}],"about":[{"href":"https:\/\/gatewaykurumsal.com\/index.php?rest_route=\/wp\/v2\/types\/page"}],"author":[{"embeddable":true,"href":"https:\/\/gatewaykurumsal.com\/index.php?rest_route=\/wp\/v2\/users\/1"}],"replies":[{"embeddable":true,"href":"https:\/\/gatewaykurumsal.com\/index.php?rest_route=%2Fwp%2Fv2%2Fcomments&post=2528"}],"version-history":[{"count":11,"href":"https:\/\/gatewaykurumsal.com\/index.php?rest_route=\/wp\/v2\/pages\/2528\/revisions"}],"predecessor-version":[{"id":2798,"href":"https:\/\/gatewaykurumsal.com\/index.php?rest_route=\/wp\/v2\/pages\/2528\/revisions\/2798"}],"wp:attachment":[{"href":"https:\/\/gatewaykurumsal.com\/index.php?rest_route=%2Fwp%2Fv2%2Fmedia&parent=2528"}],"curies":[{"name":"wp","href":"https:\/\/api.w.org\/{rel}","templated":true}]}}