{"id":2522,"date":"2024-12-31T12:17:08","date_gmt":"2024-12-31T12:17:08","guid":{"rendered":"https:\/\/gatewaykurumsal.com\/?page_id=2522"},"modified":"2025-01-17T09:13:57","modified_gmt":"2025-01-17T09:13:57","slug":"varis-sonrasi-hizmetler","status":"publish","type":"page","link":"https:\/\/gatewaykurumsal.com\/?page_id=2522&lang=tr","title":{"rendered":"Var\u0131\u015f Sonras\u0131 Hizmetler"},"content":{"rendered":"\t\t<div data-elementor-type=\"wp-page\" data-elementor-id=\"2522\" class=\"elementor elementor-2522\">\n\t\t\t\t\t\t<section class=\"has_eae_slider elementor-section elementor-top-section elementor-element elementor-element-7f25e32 ct-section-stretched elementor-section-full_width elementor-section-height-min-height elementor-section-height-default elementor-section-items-middle\" data-id=\"7f25e32\" data-element_type=\"section\" data-settings=\"{&quot;background_background&quot;:&quot;classic&quot;}\">\n\t\t\t\t\t\t<div class=\"elementor-container elementor-column-gap-default\">\n\t\t\t\t\t<div class=\"has_eae_slider elementor-column elementor-col-100 elementor-top-column elementor-element elementor-element-3db412c\" data-id=\"3db412c\" data-element_type=\"column\">\n\t\t\t<div class=\"elementor-widget-wrap\">\n\t\t\t\t\t\t\t<\/div>\n\t\t<\/div>\n\t\t\t\t\t<\/div>\n\t\t<\/section>\n\t\t\t\t<section class=\"has_eae_slider elementor-section elementor-top-section elementor-element elementor-element-d0302f5 elementor-section-boxed elementor-section-height-default elementor-section-height-default\" data-id=\"d0302f5\" data-element_type=\"section\">\n\t\t\t\t\t\t<div class=\"elementor-container elementor-column-gap-default\">\n\t\t\t\t\t<div class=\"has_eae_slider elementor-column elementor-col-100 elementor-top-column elementor-element elementor-element-bc72c67\" data-id=\"bc72c67\" data-element_type=\"column\">\n\t\t\t<div class=\"elementor-widget-wrap elementor-element-populated\">\n\t\t\t\t\t\t<div class=\"elementor-element elementor-element-f2ae8f3 elementor-position-left elementor-widget__width-initial elementor-view-default elementor-mobile-position-top elementor-vertical-align-top elementor-widget elementor-widget-icon-box\" data-id=\"f2ae8f3\" data-element_type=\"widget\" data-widget_type=\"icon-box.default\">\n\t\t\t\t<div class=\"elementor-widget-container\">\n\t\t\t\t\t<div class=\"elementor-icon-box-wrapper\">\n\n\t\t\t\t\t\t<div class=\"elementor-icon-box-icon\">\n\t\t\t\t<span  class=\"elementor-icon elementor-animation-\">\n\t\t\t\t<svg aria-hidden=\"true\" class=\"e-font-icon-svg e-fas-house-user\" viewBox=\"0 0 576 512\" xmlns=\"http:\/\/www.w3.org\/2000\/svg\"><path d=\"M570.69,236.27,512,184.44V48a16,16,0,0,0-16-16H432a16,16,0,0,0-16,16V99.67L314.78,10.3C308.5,4.61,296.53,0,288,0s-20.46,4.61-26.74,10.3l-256,226A18.27,18.27,0,0,0,0,248.2a18.64,18.64,0,0,0,4.09,10.71L25.5,282.7a21.14,21.14,0,0,0,12,5.3,21.67,21.67,0,0,0,10.69-4.11l15.9-14V480a32,32,0,0,0,32,32H480a32,32,0,0,0,32-32V269.88l15.91,14A21.94,21.94,0,0,0,538.63,288a20.89,20.89,0,0,0,11.87-5.31l21.41-23.81A21.64,21.64,0,0,0,576,248.19,21,21,0,0,0,570.69,236.27ZM288,176a64,64,0,1,1-64,64A64,64,0,0,1,288,176ZM400,448H176a16,16,0,0,1-16-16,96,96,0,0,1,96-96h64a96,96,0,0,1,96,96A16,16,0,0,1,400,448Z\"><\/path><\/svg>\t\t\t\t<\/span>\n\t\t\t<\/div>\n\t\t\t\n\t\t\t\t\t\t<div class=\"elementor-icon-box-content\">\n\n\t\t\t\t\t\t\t\t\t<h3 class=\"elementor-icon-box-title\">\n\t\t\t\t\t\t<span  >\n\t\t\t\t\t\t\tVar\u0131\u015f Sonras\u0131 Hizmetler\t\t\t\t\t\t<\/span>\n\t\t\t\t\t<\/h3>\n\t\t\t\t\n\t\t\t\t\n\t\t\t<\/div>\n\t\t\t\n\t\t<\/div>\n\t\t\t\t<\/div>\n\t\t\t\t<\/div>\n\t\t\t\t<div class=\"elementor-element elementor-element-86bbd59 elementor-widget elementor-widget-text-editor\" data-id=\"86bbd59\" data-element_type=\"widget\" data-widget_type=\"text-editor.default\">\n\t\t\t\t<div class=\"elementor-widget-container\">\n\t\t\t\t\t\t\t<p>\u201cGateway, \u015firketler, \u00e7al\u0131\u015fanlar, bireyler, aileler ve \u00f6\u011frenciler i\u00e7in benzersiz bir ta\u015f\u0131nma deneyimi sunar.\u201d<\/p>\t\t\t\t\t\t<\/div>\n\t\t\t\t<\/div>\n\t\t\t\t\t<\/div>\n\t\t<\/div>\n\t\t\t\t\t<\/div>\n\t\t<\/section>\n\t\t\t\t<section class=\"has_eae_slider elementor-section elementor-top-section elementor-element elementor-element-cdcfc18 ct-section-stretched elementor-section-boxed elementor-section-height-default elementor-section-height-default\" data-id=\"cdcfc18\" data-element_type=\"section\">\n\t\t\t\t\t\t<div class=\"elementor-container elementor-column-gap-default\">\n\t\t\t\t\t<div class=\"has_eae_slider elementor-column elementor-col-100 elementor-top-column elementor-element elementor-element-19a8871\" data-id=\"19a8871\" data-element_type=\"column\">\n\t\t\t<div class=\"elementor-widget-wrap elementor-element-populated\">\n\t\t\t\t\t\t<div class=\"elementor-element elementor-element-2c3f65f elementor-widget__width-initial elementor-widget elementor-widget-text-editor\" data-id=\"2c3f65f\" data-element_type=\"widget\" data-widget_type=\"text-editor.default\">\n\t\t\t\t<div class=\"elementor-widget-container\">\n\t\t\t\t\t\t\t<p><strong>\u2713 Oryantasyon Hizmeti<\/strong><br \/>Gateway olarak ta\u015f\u0131nma s\u00fcrecinin en ba\u015f\u0131ndan itibaren k\u00fclt\u00fcrel ve duygusal rehberlik sunmay\u0131 hedefliyoruz. Her ailenin ihtiya\u00e7lar\u0131na \u00f6zel olarak haz\u0131rlanm\u0131\u015f bilgi ve kaynaklarla, avantajlar\u0131 ve dezavantajlar\u0131yla farkl\u0131 b\u00f6lgeleri tan\u0131tmaktan mutluluk duyuyoruz.<\/p><p><span style=\"text-decoration: underline;\"><strong>Avantajlar:<\/strong><\/span><\/p><ul><li>Uzun vadeli konaklaman\u0131z i\u00e7in en uygun lokasyonu se\u00e7meden \u00f6nce kapsaml\u0131 bir \u015fekilde bilgi sahibi olabilirsiniz.<\/li><li>\u00dclke ve \u015fehir hakk\u0131nda tarihi ve k\u00fclt\u00fcrel bilgilere a\u015final\u0131k kazan\u0131rs\u0131n\u0131z.<\/li><li>Sa\u011fl\u0131k hizmetleri, ula\u015f\u0131m merkezleri, okullar, acil servisler ve b\u00f6lgesel trendler hakk\u0131nda bilgi edinebilirsiniz.<\/li><li>\u00c7ocuklar\u0131n\u0131z\u0131n ihtiya\u00e7lar\u0131na uygun \u00e7evreyi de\u011ferlendirme f\u0131rsat\u0131 bulursunuz.<\/li><li>Al\u0131\u015fveri\u015f b\u00f6lgeleri hakk\u0131nda bilgi alarak, yerel halk gibi uygun fiyatlarla al\u0131\u015fveri\u015f yapabilirsiniz.<\/li><li>E\u011fer ya\u015famak istedi\u011finiz b\u00f6lgeyi zaten se\u00e7tiyseniz, ihtiya\u00e7lar\u0131n\u0131za uygun yeni bir program tasarlayabiliriz.<\/li><\/ul>\t\t\t\t\t\t<\/div>\n\t\t\t\t<\/div>\n\t\t\t\t\t<\/div>\n\t\t<\/div>\n\t\t\t\t\t<\/div>\n\t\t<\/section>\n\t\t\t\t<section class=\"has_eae_slider elementor-section elementor-top-section elementor-element elementor-element-1c23778 ct-section-stretched elementor-section-full_width elementor-hidden-mobile elementor-section-height-default elementor-section-height-default\" data-id=\"1c23778\" data-element_type=\"section\">\n\t\t\t\t\t\t<div class=\"elementor-container elementor-column-gap-default\">\n\t\t\t\t\t<div class=\"has_eae_slider elementor-column elementor-col-100 elementor-top-column elementor-element elementor-element-689b2ed\" data-id=\"689b2ed\" data-element_type=\"column\">\n\t\t\t<div class=\"elementor-widget-wrap elementor-element-populated\">\n\t\t\t\t\t\t<div class=\"elementor-element elementor-element-78b5441 elementor-widget-divider--view-line_icon elementor-hidden-mobile elementor-view-default elementor-widget-divider--element-align-center elementor-widget elementor-widget-divider\" data-id=\"78b5441\" data-element_type=\"widget\" data-widget_type=\"divider.default\">\n\t\t\t\t<div class=\"elementor-widget-container\">\n\t\t\t\t\t<div class=\"elementor-divider\">\n\t\t\t<span class=\"elementor-divider-separator\">\n\t\t\t\t\t\t\t<div class=\"elementor-icon elementor-divider__element\">\n\t\t\t\t\t<svg aria-hidden=\"true\" class=\"e-font-icon-svg e-fas-chevron-down\" viewBox=\"0 0 448 512\" xmlns=\"http:\/\/www.w3.org\/2000\/svg\"><path d=\"M207.029 381.476L12.686 187.132c-9.373-9.373-9.373-24.569 0-33.941l22.667-22.667c9.357-9.357 24.522-9.375 33.901-.04L224 284.505l154.745-154.021c9.379-9.335 24.544-9.317 33.901.04l22.667 22.667c9.373 9.373 9.373 24.569 0 33.941L240.971 381.476c-9.373 9.372-24.569 9.372-33.942 0z\"><\/path><\/svg><\/div>\n\t\t\t\t\t\t<\/span>\n\t\t<\/div>\n\t\t\t\t<\/div>\n\t\t\t\t<\/div>\n\t\t\t\t\t<\/div>\n\t\t<\/div>\n\t\t\t\t\t<\/div>\n\t\t<\/section>\n\t\t\t\t<section class=\"has_eae_slider elementor-section elementor-top-section elementor-element elementor-element-c8d3dae ct-section-stretched elementor-hidden-mobile elementor-section-boxed elementor-section-height-default elementor-section-height-default\" data-id=\"c8d3dae\" data-element_type=\"section\">\n\t\t\t\t\t\t<div class=\"elementor-container elementor-column-gap-wider\">\n\t\t\t\t\t<div class=\"has_eae_slider elementor-column elementor-col-20 elementor-top-column elementor-element elementor-element-b45822a\" data-id=\"b45822a\" data-element_type=\"column\">\n\t\t\t<div class=\"elementor-widget-wrap elementor-element-populated\">\n\t\t\t\t\t\t<div class=\"elementor-element elementor-element-13159ed elementor-align-center elementor-widget elementor-widget-button\" data-id=\"13159ed\" data-element_type=\"widget\" data-widget_type=\"button.default\">\n\t\t\t\t<div class=\"elementor-widget-container\">\n\t\t\t\t\t<div class=\"elementor-button-wrapper\">\n\t\t\t<a class=\"elementor-button elementor-button-link elementor-size-sm\" href=\"https:\/\/gatewaykurumsal.com\/?page_id=2504&#038;lang=tr\">\n\t\t\t\t\t\t<span class=\"elementor-button-content-wrapper\">\n\t\t\t\t\t\t\t\t\t<span class=\"elementor-button-text\">G\u00f6\u00e7menlik<br>  Hizmetleri<\/span>\n\t\t\t\t\t<\/span>\n\t\t\t\t\t<\/a>\n\t\t<\/div>\n\t\t\t\t<\/div>\n\t\t\t\t<\/div>\n\t\t\t\t<div class=\"elementor-element elementor-element-b0243a2 elementor-widget elementor-widget-image\" data-id=\"b0243a2\" data-element_type=\"widget\" data-widget_type=\"image.default\">\n\t\t\t\t<div class=\"elementor-widget-container\">\n\t\t\t\t\t\t\t\t\t\t\t\t\t<img fetchpriority=\"high\" decoding=\"async\" width=\"1024\" height=\"724\" src=\"https:\/\/gatewaykurumsal.com\/wp-content\/uploads\/2024\/12\/immg-1024x724.png\" class=\"attachment-large size-large wp-image-1938\" alt=\"\" srcset=\"https:\/\/gatewaykurumsal.com\/wp-content\/uploads\/2024\/12\/immg-1024x724.png 1024w, https:\/\/gatewaykurumsal.com\/wp-content\/uploads\/2024\/12\/immg-300x212.png 300w, https:\/\/gatewaykurumsal.com\/wp-content\/uploads\/2024\/12\/immg-768x543.png 768w, https:\/\/gatewaykurumsal.com\/wp-content\/uploads\/2024\/12\/immg-1536x1086.png 1536w, https:\/\/gatewaykurumsal.com\/wp-content\/uploads\/2024\/12\/immg.png 2000w\" sizes=\"(max-width: 1024px) 100vw, 1024px\" \/>\t\t\t\t\t\t\t\t\t\t\t\t\t<\/div>\n\t\t\t\t<\/div>\n\t\t\t\t\t<\/div>\n\t\t<\/div>\n\t\t\t\t<div class=\"has_eae_slider elementor-column elementor-col-20 elementor-top-column elementor-element elementor-element-83146e4\" data-id=\"83146e4\" data-element_type=\"column\">\n\t\t\t<div class=\"elementor-widget-wrap elementor-element-populated\">\n\t\t\t\t\t\t<div class=\"elementor-element elementor-element-8b7cfb7 elementor-align-center elementor-widget elementor-widget-button\" data-id=\"8b7cfb7\" data-element_type=\"widget\" data-widget_type=\"button.default\">\n\t\t\t\t<div class=\"elementor-widget-container\">\n\t\t\t\t\t<div class=\"elementor-button-wrapper\">\n\t\t\t<a class=\"elementor-button elementor-button-link elementor-size-sm\" href=\"https:\/\/gatewaykurumsal.com\/?page_id=2513&#038;lang=tr\">\n\t\t\t\t\t\t<span class=\"elementor-button-content-wrapper\">\n\t\t\t\t\t\t\t\t\t<span class=\"elementor-button-text\">Kar\u015f\u0131lama <br> Hizmetleri<\/span>\n\t\t\t\t\t<\/span>\n\t\t\t\t\t<\/a>\n\t\t<\/div>\n\t\t\t\t<\/div>\n\t\t\t\t<\/div>\n\t\t\t\t<div class=\"elementor-element elementor-element-3527ea7 elementor-widget elementor-widget-image\" data-id=\"3527ea7\" data-element_type=\"widget\" data-widget_type=\"image.default\">\n\t\t\t\t<div class=\"elementor-widget-container\">\n\t\t\t\t\t\t\t\t\t\t\t\t\t<img decoding=\"async\" width=\"1024\" height=\"724\" src=\"https:\/\/gatewaykurumsal.com\/wp-content\/uploads\/2024\/12\/ev-1024x724.png\" class=\"attachment-large size-large wp-image-1966\" alt=\"\" srcset=\"https:\/\/gatewaykurumsal.com\/wp-content\/uploads\/2024\/12\/ev-1024x724.png 1024w, https:\/\/gatewaykurumsal.com\/wp-content\/uploads\/2024\/12\/ev-300x212.png 300w, https:\/\/gatewaykurumsal.com\/wp-content\/uploads\/2024\/12\/ev-768x543.png 768w, https:\/\/gatewaykurumsal.com\/wp-content\/uploads\/2024\/12\/ev-1536x1086.png 1536w, https:\/\/gatewaykurumsal.com\/wp-content\/uploads\/2024\/12\/ev.png 2000w\" sizes=\"(max-width: 1024px) 100vw, 1024px\" \/>\t\t\t\t\t\t\t\t\t\t\t\t\t<\/div>\n\t\t\t\t<\/div>\n\t\t\t\t\t<\/div>\n\t\t<\/div>\n\t\t\t\t<div class=\"has_eae_slider elementor-column elementor-col-20 elementor-top-column elementor-element elementor-element-acb4342\" data-id=\"acb4342\" data-element_type=\"column\">\n\t\t\t<div class=\"elementor-widget-wrap elementor-element-populated\">\n\t\t\t\t\t\t<div class=\"elementor-element elementor-element-98603a0 elementor-align-center elementor-widget elementor-widget-button\" data-id=\"98603a0\" data-element_type=\"widget\" data-widget_type=\"button.default\">\n\t\t\t\t<div class=\"elementor-widget-container\">\n\t\t\t\t\t<div class=\"elementor-button-wrapper\">\n\t\t\t<a class=\"elementor-button elementor-size-sm\" role=\"button\">\n\t\t\t\t\t\t<span class=\"elementor-button-content-wrapper\">\n\t\t\t\t\t\t\t\t\t<span class=\"elementor-button-text\">Var\u0131\u015f Sonras\u0131 <br> Hizmetler<\/span>\n\t\t\t\t\t<\/span>\n\t\t\t\t\t<\/a>\n\t\t<\/div>\n\t\t\t\t<\/div>\n\t\t\t\t<\/div>\n\t\t\t\t<div class=\"elementor-element elementor-element-bc361b1 elementor-widget elementor-widget-image\" data-id=\"bc361b1\" data-element_type=\"widget\" data-widget_type=\"image.default\">\n\t\t\t\t<div class=\"elementor-widget-container\">\n\t\t\t\t\t\t\t\t\t\t\t\t\t<img decoding=\"async\" width=\"1024\" height=\"724\" src=\"https:\/\/gatewaykurumsal.com\/wp-content\/uploads\/2024\/12\/oryantasyon-1024x724.png\" class=\"attachment-large size-large wp-image-2393\" alt=\"\" srcset=\"https:\/\/gatewaykurumsal.com\/wp-content\/uploads\/2024\/12\/oryantasyon-1024x724.png 1024w, https:\/\/gatewaykurumsal.com\/wp-content\/uploads\/2024\/12\/oryantasyon-300x212.png 300w, https:\/\/gatewaykurumsal.com\/wp-content\/uploads\/2024\/12\/oryantasyon-768x543.png 768w, https:\/\/gatewaykurumsal.com\/wp-content\/uploads\/2024\/12\/oryantasyon-1536x1086.png 1536w, https:\/\/gatewaykurumsal.com\/wp-content\/uploads\/2024\/12\/oryantasyon.png 2000w\" sizes=\"(max-width: 1024px) 100vw, 1024px\" \/>\t\t\t\t\t\t\t\t\t\t\t\t\t<\/div>\n\t\t\t\t<\/div>\n\t\t\t\t\t<\/div>\n\t\t<\/div>\n\t\t\t\t<div class=\"has_eae_slider elementor-column elementor-col-20 elementor-top-column elementor-element elementor-element-3a6fd23\" data-id=\"3a6fd23\" data-element_type=\"column\">\n\t\t\t<div class=\"elementor-widget-wrap elementor-element-populated\">\n\t\t\t\t\t\t<div class=\"elementor-element elementor-element-779a5de elementor-align-center elementor-widget elementor-widget-button\" data-id=\"779a5de\" data-element_type=\"widget\" data-widget_type=\"button.default\">\n\t\t\t\t<div class=\"elementor-widget-container\">\n\t\t\t\t\t<div class=\"elementor-button-wrapper\">\n\t\t\t<a class=\"elementor-button elementor-button-link elementor-size-sm\" href=\"https:\/\/gatewaykurumsal.com\/?page_id=2528&#038;lang=tr\">\n\t\t\t\t\t\t<span class=\"elementor-button-content-wrapper\">\n\t\t\t\t\t\t\t\t\t<span class=\"elementor-button-text\">Ayr\u0131l\u0131\u015f <br> Hizmetleri<\/span>\n\t\t\t\t\t<\/span>\n\t\t\t\t\t<\/a>\n\t\t<\/div>\n\t\t\t\t<\/div>\n\t\t\t\t<\/div>\n\t\t\t\t<div class=\"elementor-element elementor-element-74771a7 elementor-widget elementor-widget-image\" data-id=\"74771a7\" data-element_type=\"widget\" data-widget_type=\"image.default\">\n\t\t\t\t<div class=\"elementor-widget-container\">\n\t\t\t\t\t\t\t\t\t\t\t\t\t<img loading=\"lazy\" decoding=\"async\" width=\"1024\" height=\"724\" src=\"https:\/\/gatewaykurumsal.com\/wp-content\/uploads\/2024\/12\/departure-3-1024x724.png\" class=\"attachment-large size-large wp-image-2402\" alt=\"\" srcset=\"https:\/\/gatewaykurumsal.com\/wp-content\/uploads\/2024\/12\/departure-3-1024x724.png 1024w, https:\/\/gatewaykurumsal.com\/wp-content\/uploads\/2024\/12\/departure-3-300x212.png 300w, https:\/\/gatewaykurumsal.com\/wp-content\/uploads\/2024\/12\/departure-3-768x543.png 768w, https:\/\/gatewaykurumsal.com\/wp-content\/uploads\/2024\/12\/departure-3-1536x1086.png 1536w, https:\/\/gatewaykurumsal.com\/wp-content\/uploads\/2024\/12\/departure-3.png 2000w\" sizes=\"(max-width: 1024px) 100vw, 1024px\" \/>\t\t\t\t\t\t\t\t\t\t\t\t\t<\/div>\n\t\t\t\t<\/div>\n\t\t\t\t\t<\/div>\n\t\t<\/div>\n\t\t\t\t<div class=\"has_eae_slider elementor-column elementor-col-20 elementor-top-column elementor-element elementor-element-ad139f5\" data-id=\"ad139f5\" data-element_type=\"column\">\n\t\t\t<div class=\"elementor-widget-wrap elementor-element-populated\">\n\t\t\t\t\t\t<div class=\"elementor-element elementor-element-38c31dc elementor-align-center elementor-widget elementor-widget-button\" data-id=\"38c31dc\" data-element_type=\"widget\" data-widget_type=\"button.default\">\n\t\t\t\t<div class=\"elementor-widget-container\">\n\t\t\t\t\t<div class=\"elementor-button-wrapper\">\n\t\t\t<a class=\"elementor-button elementor-button-link elementor-size-sm\" href=\"https:\/\/gatewaykurumsal.com\/?page_id=2534&#038;lang=tr\">\n\t\t\t\t\t\t<span class=\"elementor-button-content-wrapper\">\n\t\t\t\t\t\t\t\t\t<span class=\"elementor-button-text\">Yabanc\u0131 \u00c7al\u0131\u015fan<br> Hizmetleri<\/span>\n\t\t\t\t\t<\/span>\n\t\t\t\t\t<\/a>\n\t\t<\/div>\n\t\t\t\t<\/div>\n\t\t\t\t<\/div>\n\t\t\t\t<div class=\"elementor-element elementor-element-c06018a elementor-widget elementor-widget-image\" data-id=\"c06018a\" data-element_type=\"widget\" data-widget_type=\"image.default\">\n\t\t\t\t<div class=\"elementor-widget-container\">\n\t\t\t\t\t\t\t\t\t\t\t\t\t<img loading=\"lazy\" decoding=\"async\" width=\"1024\" height=\"724\" src=\"https:\/\/gatewaykurumsal.com\/wp-content\/uploads\/2024\/12\/inset-1024x724.png\" class=\"attachment-large size-large wp-image-1940\" alt=\"\" srcset=\"https:\/\/gatewaykurumsal.com\/wp-content\/uploads\/2024\/12\/inset-1024x724.png 1024w, https:\/\/gatewaykurumsal.com\/wp-content\/uploads\/2024\/12\/inset-300x212.png 300w, https:\/\/gatewaykurumsal.com\/wp-content\/uploads\/2024\/12\/inset-768x543.png 768w, https:\/\/gatewaykurumsal.com\/wp-content\/uploads\/2024\/12\/inset-1536x1086.png 1536w, https:\/\/gatewaykurumsal.com\/wp-content\/uploads\/2024\/12\/inset.png 2000w\" sizes=\"(max-width: 1024px) 100vw, 1024px\" \/>\t\t\t\t\t\t\t\t\t\t\t\t\t<\/div>\n\t\t\t\t<\/div>\n\t\t\t\t\t<\/div>\n\t\t<\/div>\n\t\t\t\t\t<\/div>\n\t\t<\/section>\n\t\t\t\t<\/div>\n\t\t","protected":false},"excerpt":{"rendered":"<p>Var\u0131\u015f Sonras\u0131 Hizmetler \u201cGateway, \u015firketler, \u00e7al\u0131\u015fanlar, bireyler, aileler ve \u00f6\u011frenciler i\u00e7in benzersiz bir ta\u015f\u0131nma deneyimi sunar.\u201d \u2713 Oryantasyon HizmetiGateway olarak ta\u015f\u0131nma s\u00fcrecinin en ba\u015f\u0131ndan itibaren k\u00fclt\u00fcrel ve duygusal rehberlik sunmay\u0131 hedefliyoruz. Her ailenin ihtiya\u00e7lar\u0131na \u00f6zel olarak haz\u0131rlanm\u0131\u015f bilgi ve kaynaklarla, avantajlar\u0131 ve dezavantajlar\u0131yla farkl\u0131 b\u00f6lgeleri tan\u0131tmaktan mutluluk duyuyoruz. Avantajlar: Uzun vadeli konaklaman\u0131z i\u00e7in en uygun [&hellip;]<\/p>\n","protected":false},"author":1,"featured_media":0,"parent":0,"menu_order":0,"comment_status":"closed","ping_status":"closed","template":"","meta":{"_eb_attr":"","_uag_custom_page_level_css":"","footnotes":""},"class_list":["post-2522","page","type-page","status-publish","hentry"],"blocksy_meta":[],"uagb_featured_image_src":{"full":false,"thumbnail":false,"medium":false,"medium_large":false,"large":false,"1536x1536":false,"2048x2048":false},"uagb_author_info":{"display_name":"admin","author_link":"https:\/\/gatewaykurumsal.com\/?author=1"},"uagb_comment_info":0,"uagb_excerpt":"Var\u0131\u015f Sonras\u0131 Hizmetler \u201cGateway, \u015firketler, \u00e7al\u0131\u015fanlar, bireyler, aileler ve \u00f6\u011frenciler i\u00e7in benzersiz bir ta\u015f\u0131nma deneyimi sunar.\u201d \u2713 Oryantasyon HizmetiGateway olarak ta\u015f\u0131nma s\u00fcrecinin en ba\u015f\u0131ndan itibaren k\u00fclt\u00fcrel ve duygusal rehberlik sunmay\u0131 hedefliyoruz. Her ailenin ihtiya\u00e7lar\u0131na \u00f6zel olarak haz\u0131rlanm\u0131\u015f bilgi ve kaynaklarla, avantajlar\u0131 ve dezavantajlar\u0131yla farkl\u0131 b\u00f6lgeleri tan\u0131tmaktan mutluluk duyuyoruz. Avantajlar: Uzun vadeli konaklaman\u0131z i\u00e7in en uygun&hellip;","_links":{"self":[{"href":"https:\/\/gatewaykurumsal.com\/index.php?rest_route=\/wp\/v2\/pages\/2522"}],"collection":[{"href":"https:\/\/gatewaykurumsal.com\/index.php?rest_route=\/wp\/v2\/pages"}],"about":[{"href":"https:\/\/gatewaykurumsal.com\/index.php?rest_route=\/wp\/v2\/types\/page"}],"author":[{"embeddable":true,"href":"https:\/\/gatewaykurumsal.com\/index.php?rest_route=\/wp\/v2\/users\/1"}],"replies":[{"embeddable":true,"href":"https:\/\/gatewaykurumsal.com\/index.php?rest_route=%2Fwp%2Fv2%2Fcomments&post=2522"}],"version-history":[{"count":11,"href":"https:\/\/gatewaykurumsal.com\/index.php?rest_route=\/wp\/v2\/pages\/2522\/revisions"}],"predecessor-version":[{"id":2795,"href":"https:\/\/gatewaykurumsal.com\/index.php?rest_route=\/wp\/v2\/pages\/2522\/revisions\/2795"}],"wp:attachment":[{"href":"https:\/\/gatewaykurumsal.com\/index.php?rest_route=%2Fwp%2Fv2%2Fmedia&parent=2522"}],"curies":[{"name":"wp","href":"https:\/\/api.w.org\/{rel}","templated":true}]}}