{"id":2513,"date":"2024-12-31T12:09:19","date_gmt":"2024-12-31T12:09:19","guid":{"rendered":"https:\/\/gatewaykurumsal.com\/?page_id=2513"},"modified":"2025-01-17T09:13:40","modified_gmt":"2025-01-17T09:13:40","slug":"karsilama-hizmetleri","status":"publish","type":"page","link":"https:\/\/gatewaykurumsal.com\/?page_id=2513&lang=tr","title":{"rendered":"Kar\u015f\u0131lama Hizmetleri"},"content":{"rendered":"\t\t<div data-elementor-type=\"wp-page\" data-elementor-id=\"2513\" class=\"elementor elementor-2513\">\n\t\t\t\t\t\t<section class=\"has_eae_slider elementor-section elementor-top-section elementor-element elementor-element-2ccdce5 ct-section-stretched elementor-section-full_width elementor-section-height-min-height elementor-section-height-default elementor-section-items-middle\" data-id=\"2ccdce5\" data-element_type=\"section\" data-settings=\"{&quot;background_background&quot;:&quot;classic&quot;}\">\n\t\t\t\t\t\t<div class=\"elementor-container elementor-column-gap-default\">\n\t\t\t\t\t<div class=\"has_eae_slider elementor-column elementor-col-100 elementor-top-column elementor-element elementor-element-4171336\" data-id=\"4171336\" data-element_type=\"column\">\n\t\t\t<div class=\"elementor-widget-wrap\">\n\t\t\t\t\t\t\t<\/div>\n\t\t<\/div>\n\t\t\t\t\t<\/div>\n\t\t<\/section>\n\t\t\t\t<section class=\"has_eae_slider elementor-section elementor-top-section elementor-element elementor-element-36e3bfb elementor-section-boxed elementor-section-height-default elementor-section-height-default\" data-id=\"36e3bfb\" data-element_type=\"section\">\n\t\t\t\t\t\t<div class=\"elementor-container elementor-column-gap-default\">\n\t\t\t\t\t<div class=\"has_eae_slider elementor-column elementor-col-100 elementor-top-column elementor-element elementor-element-b888c55\" data-id=\"b888c55\" data-element_type=\"column\">\n\t\t\t<div class=\"elementor-widget-wrap elementor-element-populated\">\n\t\t\t\t\t\t<div class=\"elementor-element elementor-element-1fe0932 elementor-position-left elementor-widget__width-initial elementor-view-default elementor-mobile-position-top elementor-vertical-align-top elementor-widget elementor-widget-icon-box\" data-id=\"1fe0932\" data-element_type=\"widget\" data-widget_type=\"icon-box.default\">\n\t\t\t\t<div class=\"elementor-widget-container\">\n\t\t\t\t\t<div class=\"elementor-icon-box-wrapper\">\n\n\t\t\t\t\t\t<div class=\"elementor-icon-box-icon\">\n\t\t\t\t<span  class=\"elementor-icon elementor-animation-\">\n\t\t\t\t<svg aria-hidden=\"true\" class=\"e-font-icon-svg e-fas-house-user\" viewBox=\"0 0 576 512\" xmlns=\"http:\/\/www.w3.org\/2000\/svg\"><path d=\"M570.69,236.27,512,184.44V48a16,16,0,0,0-16-16H432a16,16,0,0,0-16,16V99.67L314.78,10.3C308.5,4.61,296.53,0,288,0s-20.46,4.61-26.74,10.3l-256,226A18.27,18.27,0,0,0,0,248.2a18.64,18.64,0,0,0,4.09,10.71L25.5,282.7a21.14,21.14,0,0,0,12,5.3,21.67,21.67,0,0,0,10.69-4.11l15.9-14V480a32,32,0,0,0,32,32H480a32,32,0,0,0,32-32V269.88l15.91,14A21.94,21.94,0,0,0,538.63,288a20.89,20.89,0,0,0,11.87-5.31l21.41-23.81A21.64,21.64,0,0,0,576,248.19,21,21,0,0,0,570.69,236.27ZM288,176a64,64,0,1,1-64,64A64,64,0,0,1,288,176ZM400,448H176a16,16,0,0,1-16-16,96,96,0,0,1,96-96h64a96,96,0,0,1,96,96A16,16,0,0,1,400,448Z\"><\/path><\/svg>\t\t\t\t<\/span>\n\t\t\t<\/div>\n\t\t\t\n\t\t\t\t\t\t<div class=\"elementor-icon-box-content\">\n\n\t\t\t\t\t\t\t\t\t<h3 class=\"elementor-icon-box-title\">\n\t\t\t\t\t\t<span  >\n\t\t\t\t\t\t\tKar\u015f\u0131lama Hizmetleri\t\t\t\t\t\t<\/span>\n\t\t\t\t\t<\/h3>\n\t\t\t\t\n\t\t\t\t\n\t\t\t<\/div>\n\t\t\t\n\t\t<\/div>\n\t\t\t\t<\/div>\n\t\t\t\t<\/div>\n\t\t\t\t<div class=\"elementor-element elementor-element-4e6267d elementor-widget elementor-widget-text-editor\" data-id=\"4e6267d\" data-element_type=\"widget\" data-widget_type=\"text-editor.default\">\n\t\t\t\t<div class=\"elementor-widget-container\">\n\t\t\t\t\t\t\t<p>\u201cGateway, \u015firketler, \u00e7al\u0131\u015fanlar, bireyler, aileler ve \u00f6\u011frenciler i\u00e7in benzersiz bir ta\u015f\u0131nma deneyimi sunar.\u201d<\/p>\t\t\t\t\t\t<\/div>\n\t\t\t\t<\/div>\n\t\t\t\t\t<\/div>\n\t\t<\/div>\n\t\t\t\t\t<\/div>\n\t\t<\/section>\n\t\t\t\t<section class=\"has_eae_slider elementor-section elementor-top-section elementor-element elementor-element-ebc42c2 ct-section-stretched elementor-section-boxed elementor-section-height-default elementor-section-height-default\" data-id=\"ebc42c2\" data-element_type=\"section\">\n\t\t\t\t\t\t<div class=\"elementor-container elementor-column-gap-default\">\n\t\t\t\t\t<div class=\"has_eae_slider elementor-column elementor-col-100 elementor-top-column elementor-element elementor-element-d77b0fa\" data-id=\"d77b0fa\" data-element_type=\"column\">\n\t\t\t<div class=\"elementor-widget-wrap elementor-element-populated\">\n\t\t\t\t\t\t<div class=\"elementor-element elementor-element-72ae6c9 elementor-widget__width-initial elementor-widget elementor-widget-text-editor\" data-id=\"72ae6c9\" data-element_type=\"widget\" data-widget_type=\"text-editor.default\">\n\t\t\t\t<div class=\"elementor-widget-container\">\n\t\t\t\t\t\t\t<div class=\"flex-shrink-0 flex flex-col relative items-end\"><div><div class=\"pt-0\"><div class=\"gizmo-bot-avatar flex h-8 w-8 items-center justify-center overflow-hidden rounded-full\"><div class=\"relative p-1 rounded-sm flex items-center justify-center bg-token-main-surface-primary text-token-text-primary h-8 w-8\"><strong>\u2713 Kar\u015f\u0131lama Hizmeti<\/strong><\/div><\/div><\/div><\/div><\/div><div class=\"group\/conversation-turn relative flex w-full min-w-0 flex-col agent-turn\"><div class=\"flex-col gap-1 md:gap-3\"><div class=\"flex max-w-full flex-col flex-grow\"><div class=\"min-h-8 text-message flex w-full flex-col items-end gap-2 whitespace-normal break-words text-start [.text-message+&amp;]:mt-5\" dir=\"auto\" data-message-author-role=\"assistant\" data-message-id=\"b5cbf560-8254-416a-bbe0-6437cf176b5b\" data-message-model-slug=\"gpt-4o\"><div class=\"flex w-full flex-col gap-1 empty:hidden first:pt-[3px]\"><div class=\"markdown prose w-full break-words dark:prose-invert light\"><p>Gateway Dan\u0131\u015fman\u0131, \u00f6nceden belirlenen bir zamanda m\u00fc\u015fteriyi ve ailesini kar\u015f\u0131lar. En y\u00fcksek g\u00fcvenlik ve konfor standartlar\u0131nda, m\u00fc\u015fterimizi otellerine veya evlerine ula\u015ft\u0131rmak i\u00e7in transfer hizmeti sa\u011fl\u0131yoruz.<\/p><p><span style=\"text-decoration: underline;\"><strong>Avantajlar:<\/strong><\/span><\/p><ul><li>G\u00fcvenli ve tam sigorta kapsam\u0131na sahip ara\u00e7lar.<\/li><li>Referansl\u0131 ve yetkili i\u015f ortaklar\u0131.<\/li><li>Yeni bir \u00fclkede ilk temas ile stresin azalt\u0131lmas\u0131.<\/li><\/ul><p><strong>\u2713 Ge\u00e7ici Konaklama<\/strong><br \/>M\u00fc\u015fterilerimiz, ta\u015f\u0131nmadan \u00f6nce ge\u00e7ici bir konaklamaya ihtiya\u00e7 duyarsa, ihtiya\u00e7 ve b\u00fct\u00e7elerine uygun (Oda, mobilya vb.) en iyi se\u00e7enekleri ara\u015ft\u0131r\u0131yor ve foto\u011fraf, tesis bilgileri, otopark, spor salonu, marketler ve ma\u011fazalar gibi detayl\u0131 bilgilerle sunuyoruz.<br \/>Se\u00e7iminizi yapt\u0131ktan sonra, Gateway olarak ge\u00e7ici konaklaman\u0131z\u0131 geli\u015finizden \u00f6nce organize ediyoruz. Ayr\u0131ca, dan\u0131\u015fmanlar\u0131m\u0131z temel market ihtiya\u00e7lar\u0131n\u0131 da \u00f6nceden temin eder.<\/p><p><span style=\"text-decoration: underline;\"><strong>Avantajlar:<\/strong><\/span><\/p><ul><li>\u00d6nceden yerinde kontrol ve kalite denetimi.<\/li><li>Otellere k\u0131yasla, mobilyal\u0131 ve tam donan\u0131ml\u0131, bireysel ihtiya\u00e7lara daha uygun se\u00e7enekler.<\/li><li>Aileler i\u00e7in otellere k\u0131yasla daha geni\u015f ya\u015fam alan\u0131.<\/li><li>Otellere g\u00f6re daha uygun maliyetli \u00e7\u00f6z\u00fcmler.<\/li><\/ul><p><strong>\u2713 Ev Bulma Hizmeti<\/strong><br \/>Tercihlerinizi ve b\u00fct\u00e7enizi g\u00f6z \u00f6n\u00fcnde bulundurarak ki\u015fisel bir arama kriteri belirliyoruz. Gateway, ihtiya\u00e7lar\u0131n\u0131za en uygun evleri sunman\u0131n \u00f6nemini anl\u0131yor ve buna g\u00f6re en iyi alternatifleri olu\u015fturuyor.<br \/>M\u00fc\u015fterilerimizin ihtiya\u00e7lar\u0131n\u0131 tam olarak anlad\u0131ktan sonra, detayl\u0131 bir liste haz\u0131rlar ve size sunar\u0131z. Siz se\u00e7imlerinizi yapt\u0131ktan sonra, ev sahipleriyle tarihleri belirler ve evleri g\u00f6rmek i\u00e7in randevu olu\u015ftuyoruz. T\u00fcm d\u00fczenlemeleri biz yap\u0131yor; sizi otelinizden veya ge\u00e7ici konaklaman\u0131zdan al\u0131yor ve tekrar b\u0131rak\u0131yoruz. Programlar, 1 g\u00fcnl\u00fck, 3 g\u00fcnl\u00fck veya \u00f6nceden bulunmu\u015f ev deste\u011fi i\u00e7erecek \u015fekilde esnek bir \u015fekilde tasarlanabilir.<\/p><p><span style=\"text-decoration: underline;\"><strong>Avantajlar:<\/strong><\/span><\/p><ul><li>B\u00fcy\u00fck \u00f6l\u00e7\u00fcde zaman tasarrufu sa\u011flar.<\/li><li>Potansiyel hayal k\u0131r\u0131kl\u0131klar\u0131n\u0131 \u00f6nler.<\/li><li>Kolay ileti\u015fim ve ula\u015f\u0131m imkan\u0131.<\/li><li>Yasal s\u00f6zle\u015fmelerin kontrol\u00fc, benzer ko\u015fullardaki ev fiyatlar\u0131n\u0131n analizi ve her a\u00e7\u0131dan koruma sa\u011flar.<\/li><li>Yerel kurallar ve gelenekler hakk\u0131nda bilgi sahibi olma.<\/li><\/ul><p><strong>\u2713 Ek Hizmetler:<\/strong><\/p><ul><li>&#8220;Denetim Raporu&#8221;: Ta\u015f\u0131nmadan \u00f6nce ve s\u00f6zle\u015fmeden sonra, gelecekteki depozito sorunlar\u0131n\u0131 \u00f6nlemek i\u00e7in haz\u0131rlan\u0131r.<\/li><li>&#8220;Ho\u015f Geldiniz Bro\u015f\u00fcr\u00fc&#8221;: Kira s\u00f6zle\u015fmesini ve evin ko\u015fullar\u0131n\u0131 anlaman\u0131za yard\u0131mc\u0131 olacak bir rehber.<\/li><li>T\u00fcm s\u00fcreci, raporlar\u0131 ve s\u00f6zle\u015fmeleri i\u00e7eren bir dosya haz\u0131rlayarak size bir set halinde teslim ederiz.<\/li><\/ul><\/div><\/div><\/div><\/div><\/div><\/div>\t\t\t\t\t\t<\/div>\n\t\t\t\t<\/div>\n\t\t\t\t\t<\/div>\n\t\t<\/div>\n\t\t\t\t\t<\/div>\n\t\t<\/section>\n\t\t\t\t<section class=\"has_eae_slider elementor-section elementor-top-section elementor-element elementor-element-34aa3d7 ct-section-stretched elementor-section-full_width elementor-hidden-mobile elementor-section-height-default elementor-section-height-default\" data-id=\"34aa3d7\" data-element_type=\"section\">\n\t\t\t\t\t\t<div class=\"elementor-container elementor-column-gap-default\">\n\t\t\t\t\t<div class=\"has_eae_slider elementor-column elementor-col-100 elementor-top-column elementor-element elementor-element-aa9e468\" data-id=\"aa9e468\" data-element_type=\"column\">\n\t\t\t<div class=\"elementor-widget-wrap elementor-element-populated\">\n\t\t\t\t\t\t<div class=\"elementor-element elementor-element-4d82c1a elementor-widget-divider--view-line_icon elementor-hidden-mobile elementor-view-default elementor-widget-divider--element-align-center elementor-widget elementor-widget-divider\" data-id=\"4d82c1a\" data-element_type=\"widget\" data-widget_type=\"divider.default\">\n\t\t\t\t<div class=\"elementor-widget-container\">\n\t\t\t\t\t<div class=\"elementor-divider\">\n\t\t\t<span class=\"elementor-divider-separator\">\n\t\t\t\t\t\t\t<div class=\"elementor-icon elementor-divider__element\">\n\t\t\t\t\t<svg aria-hidden=\"true\" class=\"e-font-icon-svg e-fas-chevron-down\" viewBox=\"0 0 448 512\" xmlns=\"http:\/\/www.w3.org\/2000\/svg\"><path d=\"M207.029 381.476L12.686 187.132c-9.373-9.373-9.373-24.569 0-33.941l22.667-22.667c9.357-9.357 24.522-9.375 33.901-.04L224 284.505l154.745-154.021c9.379-9.335 24.544-9.317 33.901.04l22.667 22.667c9.373 9.373 9.373 24.569 0 33.941L240.971 381.476c-9.373 9.372-24.569 9.372-33.942 0z\"><\/path><\/svg><\/div>\n\t\t\t\t\t\t<\/span>\n\t\t<\/div>\n\t\t\t\t<\/div>\n\t\t\t\t<\/div>\n\t\t\t\t\t<\/div>\n\t\t<\/div>\n\t\t\t\t\t<\/div>\n\t\t<\/section>\n\t\t\t\t<section class=\"has_eae_slider elementor-section elementor-top-section elementor-element elementor-element-e7cc564 ct-section-stretched elementor-hidden-mobile elementor-section-boxed elementor-section-height-default elementor-section-height-default\" data-id=\"e7cc564\" data-element_type=\"section\">\n\t\t\t\t\t\t<div class=\"elementor-container elementor-column-gap-wider\">\n\t\t\t\t\t<div class=\"has_eae_slider elementor-column elementor-col-20 elementor-top-column elementor-element elementor-element-a282411\" data-id=\"a282411\" data-element_type=\"column\">\n\t\t\t<div class=\"elementor-widget-wrap elementor-element-populated\">\n\t\t\t\t\t\t<div class=\"elementor-element elementor-element-0ca76a9 elementor-align-center elementor-widget elementor-widget-button\" data-id=\"0ca76a9\" data-element_type=\"widget\" data-widget_type=\"button.default\">\n\t\t\t\t<div class=\"elementor-widget-container\">\n\t\t\t\t\t<div class=\"elementor-button-wrapper\">\n\t\t\t<a class=\"elementor-button elementor-button-link elementor-size-sm\" href=\"https:\/\/gatewaykurumsal.com\/?page_id=2504&#038;lang=tr\">\n\t\t\t\t\t\t<span class=\"elementor-button-content-wrapper\">\n\t\t\t\t\t\t\t\t\t<span class=\"elementor-button-text\">G\u00f6\u00e7menlik<br>  Hizmetleri<\/span>\n\t\t\t\t\t<\/span>\n\t\t\t\t\t<\/a>\n\t\t<\/div>\n\t\t\t\t<\/div>\n\t\t\t\t<\/div>\n\t\t\t\t<div class=\"elementor-element elementor-element-a84a6c0 elementor-widget elementor-widget-image\" data-id=\"a84a6c0\" data-element_type=\"widget\" data-widget_type=\"image.default\">\n\t\t\t\t<div class=\"elementor-widget-container\">\n\t\t\t\t\t\t\t\t\t\t\t\t\t<img fetchpriority=\"high\" decoding=\"async\" width=\"1024\" height=\"724\" src=\"https:\/\/gatewaykurumsal.com\/wp-content\/uploads\/2024\/12\/immg-1024x724.png\" class=\"attachment-large size-large wp-image-1938\" alt=\"\" srcset=\"https:\/\/gatewaykurumsal.com\/wp-content\/uploads\/2024\/12\/immg-1024x724.png 1024w, https:\/\/gatewaykurumsal.com\/wp-content\/uploads\/2024\/12\/immg-300x212.png 300w, https:\/\/gatewaykurumsal.com\/wp-content\/uploads\/2024\/12\/immg-768x543.png 768w, https:\/\/gatewaykurumsal.com\/wp-content\/uploads\/2024\/12\/immg-1536x1086.png 1536w, https:\/\/gatewaykurumsal.com\/wp-content\/uploads\/2024\/12\/immg.png 2000w\" sizes=\"(max-width: 1024px) 100vw, 1024px\" \/>\t\t\t\t\t\t\t\t\t\t\t\t\t<\/div>\n\t\t\t\t<\/div>\n\t\t\t\t\t<\/div>\n\t\t<\/div>\n\t\t\t\t<div class=\"has_eae_slider elementor-column elementor-col-20 elementor-top-column elementor-element elementor-element-98e5e67\" data-id=\"98e5e67\" data-element_type=\"column\">\n\t\t\t<div class=\"elementor-widget-wrap elementor-element-populated\">\n\t\t\t\t\t\t<div class=\"elementor-element elementor-element-e4c48da elementor-align-center elementor-widget elementor-widget-button\" data-id=\"e4c48da\" data-element_type=\"widget\" data-widget_type=\"button.default\">\n\t\t\t\t<div class=\"elementor-widget-container\">\n\t\t\t\t\t<div class=\"elementor-button-wrapper\">\n\t\t\t<a class=\"elementor-button elementor-size-sm\" role=\"button\">\n\t\t\t\t\t\t<span class=\"elementor-button-content-wrapper\">\n\t\t\t\t\t\t\t\t\t<span class=\"elementor-button-text\">Kar\u015f\u0131lama <br> Hizmetleri<\/span>\n\t\t\t\t\t<\/span>\n\t\t\t\t\t<\/a>\n\t\t<\/div>\n\t\t\t\t<\/div>\n\t\t\t\t<\/div>\n\t\t\t\t<div class=\"elementor-element elementor-element-fab4d70 elementor-widget elementor-widget-image\" data-id=\"fab4d70\" data-element_type=\"widget\" data-widget_type=\"image.default\">\n\t\t\t\t<div class=\"elementor-widget-container\">\n\t\t\t\t\t\t\t\t\t\t\t\t\t<img decoding=\"async\" width=\"1024\" height=\"724\" src=\"https:\/\/gatewaykurumsal.com\/wp-content\/uploads\/2024\/12\/ev-1024x724.png\" class=\"attachment-large size-large wp-image-1966\" alt=\"\" srcset=\"https:\/\/gatewaykurumsal.com\/wp-content\/uploads\/2024\/12\/ev-1024x724.png 1024w, https:\/\/gatewaykurumsal.com\/wp-content\/uploads\/2024\/12\/ev-300x212.png 300w, https:\/\/gatewaykurumsal.com\/wp-content\/uploads\/2024\/12\/ev-768x543.png 768w, https:\/\/gatewaykurumsal.com\/wp-content\/uploads\/2024\/12\/ev-1536x1086.png 1536w, https:\/\/gatewaykurumsal.com\/wp-content\/uploads\/2024\/12\/ev.png 2000w\" sizes=\"(max-width: 1024px) 100vw, 1024px\" \/>\t\t\t\t\t\t\t\t\t\t\t\t\t<\/div>\n\t\t\t\t<\/div>\n\t\t\t\t\t<\/div>\n\t\t<\/div>\n\t\t\t\t<div class=\"has_eae_slider elementor-column elementor-col-20 elementor-top-column elementor-element elementor-element-7c8b3ac\" data-id=\"7c8b3ac\" data-element_type=\"column\">\n\t\t\t<div class=\"elementor-widget-wrap elementor-element-populated\">\n\t\t\t\t\t\t<div class=\"elementor-element elementor-element-8207160 elementor-align-center elementor-widget elementor-widget-button\" data-id=\"8207160\" data-element_type=\"widget\" data-widget_type=\"button.default\">\n\t\t\t\t<div class=\"elementor-widget-container\">\n\t\t\t\t\t<div class=\"elementor-button-wrapper\">\n\t\t\t<a class=\"elementor-button elementor-button-link elementor-size-sm\" href=\"https:\/\/gatewaykurumsal.com\/?page_id=2522&#038;lang=tr\">\n\t\t\t\t\t\t<span class=\"elementor-button-content-wrapper\">\n\t\t\t\t\t\t\t\t\t<span class=\"elementor-button-text\">Var\u0131\u015f Sonras\u0131 <br> Hizmetler<\/span>\n\t\t\t\t\t<\/span>\n\t\t\t\t\t<\/a>\n\t\t<\/div>\n\t\t\t\t<\/div>\n\t\t\t\t<\/div>\n\t\t\t\t<div class=\"elementor-element elementor-element-fd01cc0 elementor-widget elementor-widget-image\" data-id=\"fd01cc0\" data-element_type=\"widget\" data-widget_type=\"image.default\">\n\t\t\t\t<div class=\"elementor-widget-container\">\n\t\t\t\t\t\t\t\t\t\t\t\t\t<img decoding=\"async\" width=\"1024\" height=\"724\" src=\"https:\/\/gatewaykurumsal.com\/wp-content\/uploads\/2024\/12\/oryantasyon-1024x724.png\" class=\"attachment-large size-large wp-image-2393\" alt=\"\" srcset=\"https:\/\/gatewaykurumsal.com\/wp-content\/uploads\/2024\/12\/oryantasyon-1024x724.png 1024w, https:\/\/gatewaykurumsal.com\/wp-content\/uploads\/2024\/12\/oryantasyon-300x212.png 300w, https:\/\/gatewaykurumsal.com\/wp-content\/uploads\/2024\/12\/oryantasyon-768x543.png 768w, https:\/\/gatewaykurumsal.com\/wp-content\/uploads\/2024\/12\/oryantasyon-1536x1086.png 1536w, https:\/\/gatewaykurumsal.com\/wp-content\/uploads\/2024\/12\/oryantasyon.png 2000w\" sizes=\"(max-width: 1024px) 100vw, 1024px\" \/>\t\t\t\t\t\t\t\t\t\t\t\t\t<\/div>\n\t\t\t\t<\/div>\n\t\t\t\t\t<\/div>\n\t\t<\/div>\n\t\t\t\t<div class=\"has_eae_slider elementor-column elementor-col-20 elementor-top-column elementor-element elementor-element-bbf1578\" data-id=\"bbf1578\" data-element_type=\"column\">\n\t\t\t<div class=\"elementor-widget-wrap elementor-element-populated\">\n\t\t\t\t\t\t<div class=\"elementor-element elementor-element-938989a elementor-align-center elementor-widget elementor-widget-button\" data-id=\"938989a\" data-element_type=\"widget\" data-widget_type=\"button.default\">\n\t\t\t\t<div class=\"elementor-widget-container\">\n\t\t\t\t\t<div class=\"elementor-button-wrapper\">\n\t\t\t<a class=\"elementor-button elementor-button-link elementor-size-sm\" href=\"https:\/\/gatewaykurumsal.com\/?page_id=2528&#038;lang=tr\">\n\t\t\t\t\t\t<span class=\"elementor-button-content-wrapper\">\n\t\t\t\t\t\t\t\t\t<span class=\"elementor-button-text\">Ayr\u0131l\u0131\u015f <br> Hizmetleri<\/span>\n\t\t\t\t\t<\/span>\n\t\t\t\t\t<\/a>\n\t\t<\/div>\n\t\t\t\t<\/div>\n\t\t\t\t<\/div>\n\t\t\t\t<div class=\"elementor-element elementor-element-785d36a elementor-widget elementor-widget-image\" data-id=\"785d36a\" data-element_type=\"widget\" data-widget_type=\"image.default\">\n\t\t\t\t<div class=\"elementor-widget-container\">\n\t\t\t\t\t\t\t\t\t\t\t\t\t<img loading=\"lazy\" decoding=\"async\" width=\"1024\" height=\"724\" src=\"https:\/\/gatewaykurumsal.com\/wp-content\/uploads\/2024\/12\/departure-3-1024x724.png\" class=\"attachment-large size-large wp-image-2402\" alt=\"\" srcset=\"https:\/\/gatewaykurumsal.com\/wp-content\/uploads\/2024\/12\/departure-3-1024x724.png 1024w, https:\/\/gatewaykurumsal.com\/wp-content\/uploads\/2024\/12\/departure-3-300x212.png 300w, https:\/\/gatewaykurumsal.com\/wp-content\/uploads\/2024\/12\/departure-3-768x543.png 768w, https:\/\/gatewaykurumsal.com\/wp-content\/uploads\/2024\/12\/departure-3-1536x1086.png 1536w, https:\/\/gatewaykurumsal.com\/wp-content\/uploads\/2024\/12\/departure-3.png 2000w\" sizes=\"(max-width: 1024px) 100vw, 1024px\" \/>\t\t\t\t\t\t\t\t\t\t\t\t\t<\/div>\n\t\t\t\t<\/div>\n\t\t\t\t\t<\/div>\n\t\t<\/div>\n\t\t\t\t<div class=\"has_eae_slider elementor-column elementor-col-20 elementor-top-column elementor-element elementor-element-d37b5e7\" data-id=\"d37b5e7\" data-element_type=\"column\">\n\t\t\t<div class=\"elementor-widget-wrap elementor-element-populated\">\n\t\t\t\t\t\t<div class=\"elementor-element elementor-element-27eca31 elementor-align-center elementor-widget elementor-widget-button\" data-id=\"27eca31\" data-element_type=\"widget\" data-widget_type=\"button.default\">\n\t\t\t\t<div class=\"elementor-widget-container\">\n\t\t\t\t\t<div class=\"elementor-button-wrapper\">\n\t\t\t<a class=\"elementor-button elementor-button-link elementor-size-sm\" href=\"https:\/\/gatewaykurumsal.com\/?page_id=2534&#038;lang=tr\">\n\t\t\t\t\t\t<span class=\"elementor-button-content-wrapper\">\n\t\t\t\t\t\t\t\t\t<span class=\"elementor-button-text\">Yabanc\u0131 \u00c7al\u0131\u015fan<br> Hizmetleri<\/span>\n\t\t\t\t\t<\/span>\n\t\t\t\t\t<\/a>\n\t\t<\/div>\n\t\t\t\t<\/div>\n\t\t\t\t<\/div>\n\t\t\t\t<div class=\"elementor-element elementor-element-7e48131 elementor-widget elementor-widget-image\" data-id=\"7e48131\" data-element_type=\"widget\" data-widget_type=\"image.default\">\n\t\t\t\t<div class=\"elementor-widget-container\">\n\t\t\t\t\t\t\t\t\t\t\t\t\t<img loading=\"lazy\" decoding=\"async\" width=\"1024\" height=\"724\" src=\"https:\/\/gatewaykurumsal.com\/wp-content\/uploads\/2024\/12\/inset-1024x724.png\" class=\"attachment-large size-large wp-image-1940\" alt=\"\" srcset=\"https:\/\/gatewaykurumsal.com\/wp-content\/uploads\/2024\/12\/inset-1024x724.png 1024w, https:\/\/gatewaykurumsal.com\/wp-content\/uploads\/2024\/12\/inset-300x212.png 300w, https:\/\/gatewaykurumsal.com\/wp-content\/uploads\/2024\/12\/inset-768x543.png 768w, https:\/\/gatewaykurumsal.com\/wp-content\/uploads\/2024\/12\/inset-1536x1086.png 1536w, https:\/\/gatewaykurumsal.com\/wp-content\/uploads\/2024\/12\/inset.png 2000w\" sizes=\"(max-width: 1024px) 100vw, 1024px\" \/>\t\t\t\t\t\t\t\t\t\t\t\t\t<\/div>\n\t\t\t\t<\/div>\n\t\t\t\t\t<\/div>\n\t\t<\/div>\n\t\t\t\t\t<\/div>\n\t\t<\/section>\n\t\t\t\t<\/div>\n\t\t","protected":false},"excerpt":{"rendered":"<p>Kar\u015f\u0131lama Hizmetleri \u201cGateway, \u015firketler, \u00e7al\u0131\u015fanlar, bireyler, aileler ve \u00f6\u011frenciler i\u00e7in benzersiz bir ta\u015f\u0131nma deneyimi sunar.\u201d \u2713 Kar\u015f\u0131lama Hizmeti Gateway Dan\u0131\u015fman\u0131, \u00f6nceden belirlenen bir zamanda m\u00fc\u015fteriyi ve ailesini kar\u015f\u0131lar. En y\u00fcksek g\u00fcvenlik ve konfor standartlar\u0131nda, m\u00fc\u015fterimizi otellerine veya evlerine ula\u015ft\u0131rmak i\u00e7in transfer hizmeti sa\u011fl\u0131yoruz. Avantajlar: G\u00fcvenli ve tam sigorta kapsam\u0131na sahip ara\u00e7lar. Referansl\u0131 ve yetkili i\u015f [&hellip;]<\/p>\n","protected":false},"author":1,"featured_media":0,"parent":2495,"menu_order":2,"comment_status":"closed","ping_status":"closed","template":"","meta":{"_eb_attr":"","_uag_custom_page_level_css":"","footnotes":""},"class_list":["post-2513","page","type-page","status-publish","hentry"],"blocksy_meta":[],"uagb_featured_image_src":{"full":false,"thumbnail":false,"medium":false,"medium_large":false,"large":false,"1536x1536":false,"2048x2048":false},"uagb_author_info":{"display_name":"admin","author_link":"https:\/\/gatewaykurumsal.com\/?author=1"},"uagb_comment_info":0,"uagb_excerpt":"Kar\u015f\u0131lama Hizmetleri \u201cGateway, \u015firketler, \u00e7al\u0131\u015fanlar, bireyler, aileler ve \u00f6\u011frenciler i\u00e7in benzersiz bir ta\u015f\u0131nma deneyimi sunar.\u201d \u2713 Kar\u015f\u0131lama Hizmeti Gateway Dan\u0131\u015fman\u0131, \u00f6nceden belirlenen bir zamanda m\u00fc\u015fteriyi ve ailesini kar\u015f\u0131lar. En y\u00fcksek g\u00fcvenlik ve konfor standartlar\u0131nda, m\u00fc\u015fterimizi otellerine veya evlerine ula\u015ft\u0131rmak i\u00e7in transfer hizmeti sa\u011fl\u0131yoruz. Avantajlar: G\u00fcvenli ve tam sigorta kapsam\u0131na sahip ara\u00e7lar. Referansl\u0131 ve yetkili i\u015f&hellip;","_links":{"self":[{"href":"https:\/\/gatewaykurumsal.com\/index.php?rest_route=\/wp\/v2\/pages\/2513"}],"collection":[{"href":"https:\/\/gatewaykurumsal.com\/index.php?rest_route=\/wp\/v2\/pages"}],"about":[{"href":"https:\/\/gatewaykurumsal.com\/index.php?rest_route=\/wp\/v2\/types\/page"}],"author":[{"embeddable":true,"href":"https:\/\/gatewaykurumsal.com\/index.php?rest_route=\/wp\/v2\/users\/1"}],"replies":[{"embeddable":true,"href":"https:\/\/gatewaykurumsal.com\/index.php?rest_route=%2Fwp%2Fv2%2Fcomments&post=2513"}],"version-history":[{"count":11,"href":"https:\/\/gatewaykurumsal.com\/index.php?rest_route=\/wp\/v2\/pages\/2513\/revisions"}],"predecessor-version":[{"id":2792,"href":"https:\/\/gatewaykurumsal.com\/index.php?rest_route=\/wp\/v2\/pages\/2513\/revisions\/2792"}],"up":[{"embeddable":true,"href":"https:\/\/gatewaykurumsal.com\/index.php?rest_route=\/wp\/v2\/pages\/2495"}],"wp:attachment":[{"href":"https:\/\/gatewaykurumsal.com\/index.php?rest_route=%2Fwp%2Fv2%2Fmedia&parent=2513"}],"curies":[{"name":"wp","href":"https:\/\/api.w.org\/{rel}","templated":true}]}}