{"id":2504,"date":"2024-12-31T11:59:15","date_gmt":"2024-12-31T11:59:15","guid":{"rendered":"https:\/\/gatewaykurumsal.com\/?page_id=2504"},"modified":"2025-01-17T09:13:13","modified_gmt":"2025-01-17T09:13:13","slug":"gocmenlik-hizmetleri","status":"publish","type":"page","link":"https:\/\/gatewaykurumsal.com\/?page_id=2504&lang=tr","title":{"rendered":"G\u00f6\u00e7menlik Hizmetleri"},"content":{"rendered":"\t\t<div data-elementor-type=\"wp-page\" data-elementor-id=\"2504\" class=\"elementor elementor-2504\">\n\t\t\t\t\t\t<section class=\"has_eae_slider elementor-section elementor-top-section elementor-element elementor-element-9d8ba96 ct-section-stretched elementor-section-full_width elementor-section-height-min-height elementor-section-height-default elementor-section-items-middle\" data-id=\"9d8ba96\" data-element_type=\"section\" data-settings=\"{&quot;background_background&quot;:&quot;classic&quot;}\">\n\t\t\t\t\t\t<div class=\"elementor-container elementor-column-gap-default\">\n\t\t\t\t\t<div class=\"has_eae_slider elementor-column elementor-col-100 elementor-top-column elementor-element elementor-element-6aa4ace\" data-id=\"6aa4ace\" data-element_type=\"column\">\n\t\t\t<div class=\"elementor-widget-wrap\">\n\t\t\t\t\t\t\t<\/div>\n\t\t<\/div>\n\t\t\t\t\t<\/div>\n\t\t<\/section>\n\t\t\t\t<section class=\"has_eae_slider elementor-section elementor-top-section elementor-element elementor-element-dc9cb16 elementor-section-boxed elementor-section-height-default elementor-section-height-default\" data-id=\"dc9cb16\" data-element_type=\"section\">\n\t\t\t\t\t\t<div class=\"elementor-container elementor-column-gap-default\">\n\t\t\t\t\t<div class=\"has_eae_slider elementor-column elementor-col-100 elementor-top-column elementor-element elementor-element-a689ee0\" data-id=\"a689ee0\" data-element_type=\"column\">\n\t\t\t<div class=\"elementor-widget-wrap elementor-element-populated\">\n\t\t\t\t\t\t<div class=\"elementor-element elementor-element-aa8c99a elementor-position-left elementor-widget__width-initial elementor-view-default elementor-mobile-position-top elementor-vertical-align-top elementor-widget elementor-widget-icon-box\" data-id=\"aa8c99a\" data-element_type=\"widget\" data-widget_type=\"icon-box.default\">\n\t\t\t\t<div class=\"elementor-widget-container\">\n\t\t\t\t\t<div class=\"elementor-icon-box-wrapper\">\n\n\t\t\t\t\t\t<div class=\"elementor-icon-box-icon\">\n\t\t\t\t<span  class=\"elementor-icon elementor-animation-\">\n\t\t\t\t<svg aria-hidden=\"true\" class=\"e-font-icon-svg e-fas-passport\" viewBox=\"0 0 448 512\" xmlns=\"http:\/\/www.w3.org\/2000\/svg\"><path d=\"M129.62 176h39.09c1.49-27.03 6.54-51.35 14.21-70.41-27.71 13.24-48.02 39.19-53.3 70.41zm0 32c5.29 31.22 25.59 57.17 53.3 70.41-7.68-19.06-12.72-43.38-14.21-70.41h-39.09zM224 286.69c7.69-7.45 20.77-34.42 23.43-78.69h-46.87c2.67 44.26 15.75 71.24 23.44 78.69zM200.57 176h46.87c-2.66-44.26-15.74-71.24-23.43-78.69-7.7 7.45-20.78 34.43-23.44 78.69zm64.51 102.41c27.71-13.24 48.02-39.19 53.3-70.41h-39.09c-1.49 27.03-6.53 51.35-14.21 70.41zM416 0H64C28.65 0 0 28.65 0 64v384c0 35.35 28.65 64 64 64h352c17.67 0 32-14.33 32-32V32c0-17.67-14.33-32-32-32zm-80 416H112c-8.8 0-16-7.2-16-16s7.2-16 16-16h224c8.8 0 16 7.2 16 16s-7.2 16-16 16zm-112-96c-70.69 0-128-57.31-128-128S153.31 64 224 64s128 57.31 128 128-57.31 128-128 128zm41.08-214.41c7.68 19.06 12.72 43.38 14.21 70.41h39.09c-5.28-31.22-25.59-57.17-53.3-70.41z\"><\/path><\/svg>\t\t\t\t<\/span>\n\t\t\t<\/div>\n\t\t\t\n\t\t\t\t\t\t<div class=\"elementor-icon-box-content\">\n\n\t\t\t\t\t\t\t\t\t<h3 class=\"elementor-icon-box-title\">\n\t\t\t\t\t\t<span  >\n\t\t\t\t\t\t\tG\u00f6\u00e7menlik Hizmetleri\t\t\t\t\t\t<\/span>\n\t\t\t\t\t<\/h3>\n\t\t\t\t\n\t\t\t\t\n\t\t\t<\/div>\n\t\t\t\n\t\t<\/div>\n\t\t\t\t<\/div>\n\t\t\t\t<\/div>\n\t\t\t\t<div class=\"elementor-element elementor-element-4bfc508 elementor-widget__width-initial elementor-widget elementor-widget-text-editor\" data-id=\"4bfc508\" data-element_type=\"widget\" data-widget_type=\"text-editor.default\">\n\t\t\t\t<div class=\"elementor-widget-container\">\n\t\t\t\t\t\t\t<p>&#8220;Gateway, \u015firketler, \u00e7al\u0131\u015fanlar, bireyler, aileler ve \u00f6\u011frenciler i\u00e7in benzersiz bir ta\u015f\u0131nma deneyimi sunar.&#8221;<\/p>\t\t\t\t\t\t<\/div>\n\t\t\t\t<\/div>\n\t\t\t\t\t<\/div>\n\t\t<\/div>\n\t\t\t\t\t<\/div>\n\t\t<\/section>\n\t\t\t\t<section class=\"has_eae_slider elementor-section elementor-top-section elementor-element elementor-element-199c509 ct-section-stretched elementor-section-boxed elementor-section-height-default elementor-section-height-default\" data-id=\"199c509\" data-element_type=\"section\">\n\t\t\t\t\t\t<div class=\"elementor-container elementor-column-gap-default\">\n\t\t\t\t\t<div class=\"has_eae_slider elementor-column elementor-col-100 elementor-top-column elementor-element elementor-element-9fc6139\" data-id=\"9fc6139\" data-element_type=\"column\">\n\t\t\t<div class=\"elementor-widget-wrap elementor-element-populated\">\n\t\t\t\t\t\t<div class=\"elementor-element elementor-element-0d0398b elementor-widget__width-initial elementor-widget elementor-widget-text-editor\" data-id=\"0d0398b\" data-element_type=\"widget\" data-widget_type=\"text-editor.default\">\n\t\t\t\t<div class=\"elementor-widget-container\">\n\t\t\t\t\t\t\t<p><strong>\u2713 \u00c7al\u0131\u015fma \u0130zni<\/strong><br \/>(\u0130lk Ba\u015fvuru \/ Uzatma \/ \u0130ptal)<br \/>Gateway olarak i\u015fveren ve \u00e7al\u0131\u015fan\u0131n mevcut durumu ile gelecekteki \u00e7al\u0131\u015fma detaylar\u0131n\u0131 ilgili mevzuata uygun \u015fekilde analiz ediyoruz. Ba\u015fvuru t\u00fcr\u00fcne g\u00f6re, \u00e7al\u0131\u015fma izni almak veya uzatmak i\u00e7in gerekli t\u00fcm bilgileri, kritik tan\u0131mlar\u0131 dahil ederek haz\u0131rl\u0131yoruz.<br \/>Unutmay\u0131n, basit bir hata bile olumsuz sonu\u00e7lara yol a\u00e7abilir. Gateway, detayl\u0131 ve deneyime dayal\u0131 bir hizmet sunar.<\/p><p>\u00c7al\u0131\u015fma izni ba\u015fvurusu i\u00e7in gerekli t\u00fcm sistem ihtiya\u00e7lar\u0131n\u0131, belgelerin zaman\u0131nda bildirimini ve \u00c7al\u0131\u015fma ve Sosyal G\u00fcvenlik Bakanl\u0131\u011f\u0131\u2019na yap\u0131lmas\u0131 gereken bildirimleri organize ediyoruz. Dan\u0131\u015fmanlar\u0131m\u0131z, izin s\u00fcrecinin son a\u015famas\u0131na kadar t\u00fcm i\u015flemleri birebir takip eder ve ba\u015fvuru sahibine s\u00fcre\u00e7le ilgili geli\u015fmeler hakk\u0131nda bilgi verir.<\/p><p><span style=\"text-decoration: underline;\"><strong>Avantajlar:<\/strong><\/span><\/p><ul><li>Zaman al\u0131c\u0131 b\u00fcrokratik i\u015flemleri en aza indirir.<\/li><li>Gerekli belgelerin \u00f6n kontrol\u00fc ve uygunluk denetimi.<\/li><li>\u0130htiya\u00e7 duyulan belgelerin derlenmesi.<\/li><li>Sistem ve \u00c7al\u0131\u015fma Bakanl\u0131\u011f\u0131 arac\u0131l\u0131\u011f\u0131yla ad\u0131m ad\u0131m s\u00fcre\u00e7 takibi.<\/li><li>Uzatma s\u00fcrelerinin takibi ve g\u00fcncel mevzuat hat\u0131rlatmas\u0131.<\/li><li>Terc\u00fcme, apostil ve noter i\u015flemlerinin zaman\u0131nda d\u00fczenlenmesi.<\/li><li>Yetkili makamlarla yak\u0131n i\u015fbirli\u011fi ve gerekirse ziyaret.<\/li><li>\u00c7al\u0131\u015fma izni ile ilgili mevzuat g\u00fcncellemeleri hakk\u0131nda bir y\u0131l boyunca \u00fccretsiz bilgilendirme.<\/li><\/ul><p><strong>\u2713 Oturma \u0130zni<\/strong><br \/>(\u0130lk Ba\u015fvuru \/ Uzatma \/ \u0130ptal)<br \/>Gateway olarak sizin veya aile bireylerinizin oturma izni almas\u0131 i\u00e7in gerekli prosed\u00fcrleri ba\u015flat\u0131yor, her s\u00fcre\u00e7 i\u00e7in ki\u015fiselle\u015ftirilmi\u015f hizmetler sunuyoruz.<\/p><p><span style=\"text-decoration: underline;\"><strong>Avantajlar:<\/strong><\/span><\/p><ul><li>Zaman al\u0131c\u0131 b\u00fcrokratik i\u015flemleri en aza indirir.<\/li><li>Gerekli belgelerin \u00f6n kontrol\u00fc ve uygunluk denetimi.<\/li><li>\u0130htiya\u00e7 duyulan belgelerin derlenmesi.<\/li><li>Sistem ve G\u00f6\u00e7 \u0130daresi arac\u0131l\u0131\u011f\u0131yla ad\u0131m ad\u0131m s\u00fcre\u00e7 takibi.<\/li><li>Uzatma s\u00fcrelerinin takibi ve g\u00fcncel mevzuat hat\u0131rlatmas\u0131.<\/li><li>Terc\u00fcme, apostil, noter i\u015flemleri ve sigorta d\u00fczenlemelerinin zaman\u0131nda yap\u0131lmas\u0131.<\/li><li>Yetkili makamlarla yak\u0131n i\u015fbirli\u011fi ve gerekirse ziyaret.<\/li><li>Yerel adres kay\u0131t i\u015flemleri.<\/li><\/ul>\t\t\t\t\t\t<\/div>\n\t\t\t\t<\/div>\n\t\t\t\t\t<\/div>\n\t\t<\/div>\n\t\t\t\t\t<\/div>\n\t\t<\/section>\n\t\t\t\t<section class=\"has_eae_slider elementor-section elementor-top-section elementor-element elementor-element-f451966 ct-section-stretched elementor-section-full_width elementor-hidden-mobile elementor-section-height-default elementor-section-height-default\" data-id=\"f451966\" data-element_type=\"section\">\n\t\t\t\t\t\t<div class=\"elementor-container elementor-column-gap-default\">\n\t\t\t\t\t<div class=\"has_eae_slider elementor-column elementor-col-100 elementor-top-column elementor-element elementor-element-175b194\" data-id=\"175b194\" data-element_type=\"column\">\n\t\t\t<div class=\"elementor-widget-wrap elementor-element-populated\">\n\t\t\t\t\t\t<div class=\"elementor-element elementor-element-98b4d4f elementor-widget-divider--view-line_icon elementor-hidden-mobile elementor-view-default elementor-widget-divider--element-align-center elementor-widget elementor-widget-divider\" data-id=\"98b4d4f\" data-element_type=\"widget\" data-widget_type=\"divider.default\">\n\t\t\t\t<div class=\"elementor-widget-container\">\n\t\t\t\t\t<div class=\"elementor-divider\">\n\t\t\t<span class=\"elementor-divider-separator\">\n\t\t\t\t\t\t\t<div class=\"elementor-icon elementor-divider__element\">\n\t\t\t\t\t<svg aria-hidden=\"true\" class=\"e-font-icon-svg e-fas-chevron-down\" viewBox=\"0 0 448 512\" xmlns=\"http:\/\/www.w3.org\/2000\/svg\"><path d=\"M207.029 381.476L12.686 187.132c-9.373-9.373-9.373-24.569 0-33.941l22.667-22.667c9.357-9.357 24.522-9.375 33.901-.04L224 284.505l154.745-154.021c9.379-9.335 24.544-9.317 33.901.04l22.667 22.667c9.373 9.373 9.373 24.569 0 33.941L240.971 381.476c-9.373 9.372-24.569 9.372-33.942 0z\"><\/path><\/svg><\/div>\n\t\t\t\t\t\t<\/span>\n\t\t<\/div>\n\t\t\t\t<\/div>\n\t\t\t\t<\/div>\n\t\t\t\t\t<\/div>\n\t\t<\/div>\n\t\t\t\t\t<\/div>\n\t\t<\/section>\n\t\t\t\t<section class=\"has_eae_slider elementor-section elementor-top-section elementor-element elementor-element-2444a46 ct-section-stretched elementor-hidden-mobile elementor-section-boxed elementor-section-height-default elementor-section-height-default\" data-id=\"2444a46\" data-element_type=\"section\">\n\t\t\t\t\t\t<div class=\"elementor-container elementor-column-gap-wider\">\n\t\t\t\t\t<div class=\"has_eae_slider elementor-column elementor-col-20 elementor-top-column elementor-element elementor-element-5c4e219\" data-id=\"5c4e219\" data-element_type=\"column\">\n\t\t\t<div class=\"elementor-widget-wrap elementor-element-populated\">\n\t\t\t\t\t\t<div class=\"elementor-element elementor-element-f840590 elementor-align-center elementor-widget elementor-widget-button\" data-id=\"f840590\" data-element_type=\"widget\" data-widget_type=\"button.default\">\n\t\t\t\t<div class=\"elementor-widget-container\">\n\t\t\t\t\t<div class=\"elementor-button-wrapper\">\n\t\t\t<a class=\"elementor-button elementor-size-sm\" role=\"button\">\n\t\t\t\t\t\t<span class=\"elementor-button-content-wrapper\">\n\t\t\t\t\t\t\t\t\t<span class=\"elementor-button-text\">G\u00f6\u00e7menlik<br>  Hizmetleri<\/span>\n\t\t\t\t\t<\/span>\n\t\t\t\t\t<\/a>\n\t\t<\/div>\n\t\t\t\t<\/div>\n\t\t\t\t<\/div>\n\t\t\t\t<div class=\"elementor-element elementor-element-1867d37 elementor-widget elementor-widget-image\" data-id=\"1867d37\" data-element_type=\"widget\" data-widget_type=\"image.default\">\n\t\t\t\t<div class=\"elementor-widget-container\">\n\t\t\t\t\t\t\t\t\t\t\t\t\t<img fetchpriority=\"high\" decoding=\"async\" width=\"1024\" height=\"724\" src=\"https:\/\/gatewaykurumsal.com\/wp-content\/uploads\/2024\/12\/immg-1024x724.png\" class=\"attachment-large size-large wp-image-1938\" alt=\"\" srcset=\"https:\/\/gatewaykurumsal.com\/wp-content\/uploads\/2024\/12\/immg-1024x724.png 1024w, https:\/\/gatewaykurumsal.com\/wp-content\/uploads\/2024\/12\/immg-300x212.png 300w, https:\/\/gatewaykurumsal.com\/wp-content\/uploads\/2024\/12\/immg-768x543.png 768w, https:\/\/gatewaykurumsal.com\/wp-content\/uploads\/2024\/12\/immg-1536x1086.png 1536w, https:\/\/gatewaykurumsal.com\/wp-content\/uploads\/2024\/12\/immg.png 2000w\" sizes=\"(max-width: 1024px) 100vw, 1024px\" \/>\t\t\t\t\t\t\t\t\t\t\t\t\t<\/div>\n\t\t\t\t<\/div>\n\t\t\t\t\t<\/div>\n\t\t<\/div>\n\t\t\t\t<div class=\"has_eae_slider elementor-column elementor-col-20 elementor-top-column elementor-element elementor-element-c928025\" data-id=\"c928025\" data-element_type=\"column\">\n\t\t\t<div class=\"elementor-widget-wrap elementor-element-populated\">\n\t\t\t\t\t\t<div class=\"elementor-element elementor-element-362ad7c elementor-align-center elementor-widget elementor-widget-button\" data-id=\"362ad7c\" data-element_type=\"widget\" data-widget_type=\"button.default\">\n\t\t\t\t<div class=\"elementor-widget-container\">\n\t\t\t\t\t<div class=\"elementor-button-wrapper\">\n\t\t\t<a class=\"elementor-button elementor-button-link elementor-size-sm\" href=\"https:\/\/gatewaykurumsal.com\/?page_id=2513&#038;lang=tr\">\n\t\t\t\t\t\t<span class=\"elementor-button-content-wrapper\">\n\t\t\t\t\t\t\t\t\t<span class=\"elementor-button-text\">Kar\u015f\u0131lama <br> Hizmetleri<\/span>\n\t\t\t\t\t<\/span>\n\t\t\t\t\t<\/a>\n\t\t<\/div>\n\t\t\t\t<\/div>\n\t\t\t\t<\/div>\n\t\t\t\t<div class=\"elementor-element elementor-element-adafe2a elementor-widget elementor-widget-image\" data-id=\"adafe2a\" data-element_type=\"widget\" data-widget_type=\"image.default\">\n\t\t\t\t<div class=\"elementor-widget-container\">\n\t\t\t\t\t\t\t\t\t\t\t\t\t<img decoding=\"async\" width=\"1024\" height=\"724\" src=\"https:\/\/gatewaykurumsal.com\/wp-content\/uploads\/2024\/12\/ev-1024x724.png\" class=\"attachment-large size-large wp-image-1966\" alt=\"\" srcset=\"https:\/\/gatewaykurumsal.com\/wp-content\/uploads\/2024\/12\/ev-1024x724.png 1024w, https:\/\/gatewaykurumsal.com\/wp-content\/uploads\/2024\/12\/ev-300x212.png 300w, https:\/\/gatewaykurumsal.com\/wp-content\/uploads\/2024\/12\/ev-768x543.png 768w, https:\/\/gatewaykurumsal.com\/wp-content\/uploads\/2024\/12\/ev-1536x1086.png 1536w, https:\/\/gatewaykurumsal.com\/wp-content\/uploads\/2024\/12\/ev.png 2000w\" sizes=\"(max-width: 1024px) 100vw, 1024px\" \/>\t\t\t\t\t\t\t\t\t\t\t\t\t<\/div>\n\t\t\t\t<\/div>\n\t\t\t\t\t<\/div>\n\t\t<\/div>\n\t\t\t\t<div class=\"has_eae_slider elementor-column elementor-col-20 elementor-top-column elementor-element elementor-element-da6d828\" data-id=\"da6d828\" data-element_type=\"column\">\n\t\t\t<div class=\"elementor-widget-wrap elementor-element-populated\">\n\t\t\t\t\t\t<div class=\"elementor-element elementor-element-dabd255 elementor-align-center elementor-widget elementor-widget-button\" data-id=\"dabd255\" data-element_type=\"widget\" data-widget_type=\"button.default\">\n\t\t\t\t<div class=\"elementor-widget-container\">\n\t\t\t\t\t<div class=\"elementor-button-wrapper\">\n\t\t\t<a class=\"elementor-button elementor-button-link elementor-size-sm\" href=\"https:\/\/gatewaykurumsal.com\/?page_id=2522&#038;lang=tr\">\n\t\t\t\t\t\t<span class=\"elementor-button-content-wrapper\">\n\t\t\t\t\t\t\t\t\t<span class=\"elementor-button-text\">Var\u0131\u015f Sonras\u0131 <br> Hizmetler<\/span>\n\t\t\t\t\t<\/span>\n\t\t\t\t\t<\/a>\n\t\t<\/div>\n\t\t\t\t<\/div>\n\t\t\t\t<\/div>\n\t\t\t\t<div class=\"elementor-element elementor-element-39cc667 elementor-widget elementor-widget-image\" data-id=\"39cc667\" data-element_type=\"widget\" data-widget_type=\"image.default\">\n\t\t\t\t<div class=\"elementor-widget-container\">\n\t\t\t\t\t\t\t\t\t\t\t\t\t<img decoding=\"async\" width=\"1024\" height=\"724\" src=\"https:\/\/gatewaykurumsal.com\/wp-content\/uploads\/2024\/12\/oryantasyon-1024x724.png\" class=\"attachment-large size-large wp-image-2393\" alt=\"\" srcset=\"https:\/\/gatewaykurumsal.com\/wp-content\/uploads\/2024\/12\/oryantasyon-1024x724.png 1024w, https:\/\/gatewaykurumsal.com\/wp-content\/uploads\/2024\/12\/oryantasyon-300x212.png 300w, https:\/\/gatewaykurumsal.com\/wp-content\/uploads\/2024\/12\/oryantasyon-768x543.png 768w, https:\/\/gatewaykurumsal.com\/wp-content\/uploads\/2024\/12\/oryantasyon-1536x1086.png 1536w, https:\/\/gatewaykurumsal.com\/wp-content\/uploads\/2024\/12\/oryantasyon.png 2000w\" sizes=\"(max-width: 1024px) 100vw, 1024px\" \/>\t\t\t\t\t\t\t\t\t\t\t\t\t<\/div>\n\t\t\t\t<\/div>\n\t\t\t\t\t<\/div>\n\t\t<\/div>\n\t\t\t\t<div class=\"has_eae_slider elementor-column elementor-col-20 elementor-top-column elementor-element elementor-element-a1f5a68\" data-id=\"a1f5a68\" data-element_type=\"column\">\n\t\t\t<div class=\"elementor-widget-wrap elementor-element-populated\">\n\t\t\t\t\t\t<div class=\"elementor-element elementor-element-17bf9d1 elementor-align-center elementor-widget elementor-widget-button\" data-id=\"17bf9d1\" data-element_type=\"widget\" data-widget_type=\"button.default\">\n\t\t\t\t<div class=\"elementor-widget-container\">\n\t\t\t\t\t<div class=\"elementor-button-wrapper\">\n\t\t\t<a class=\"elementor-button elementor-button-link elementor-size-sm\" href=\"https:\/\/gatewaykurumsal.com\/?page_id=2528&#038;lang=tr\">\n\t\t\t\t\t\t<span class=\"elementor-button-content-wrapper\">\n\t\t\t\t\t\t\t\t\t<span class=\"elementor-button-text\">Ayr\u0131l\u0131\u015f <br> Hizmetleri<\/span>\n\t\t\t\t\t<\/span>\n\t\t\t\t\t<\/a>\n\t\t<\/div>\n\t\t\t\t<\/div>\n\t\t\t\t<\/div>\n\t\t\t\t<div class=\"elementor-element elementor-element-8250386 elementor-widget elementor-widget-image\" data-id=\"8250386\" data-element_type=\"widget\" data-widget_type=\"image.default\">\n\t\t\t\t<div class=\"elementor-widget-container\">\n\t\t\t\t\t\t\t\t\t\t\t\t\t<img loading=\"lazy\" decoding=\"async\" width=\"1024\" height=\"724\" src=\"https:\/\/gatewaykurumsal.com\/wp-content\/uploads\/2024\/12\/departure-3-1024x724.png\" class=\"attachment-large size-large wp-image-2402\" alt=\"\" srcset=\"https:\/\/gatewaykurumsal.com\/wp-content\/uploads\/2024\/12\/departure-3-1024x724.png 1024w, https:\/\/gatewaykurumsal.com\/wp-content\/uploads\/2024\/12\/departure-3-300x212.png 300w, https:\/\/gatewaykurumsal.com\/wp-content\/uploads\/2024\/12\/departure-3-768x543.png 768w, https:\/\/gatewaykurumsal.com\/wp-content\/uploads\/2024\/12\/departure-3-1536x1086.png 1536w, https:\/\/gatewaykurumsal.com\/wp-content\/uploads\/2024\/12\/departure-3.png 2000w\" sizes=\"(max-width: 1024px) 100vw, 1024px\" \/>\t\t\t\t\t\t\t\t\t\t\t\t\t<\/div>\n\t\t\t\t<\/div>\n\t\t\t\t\t<\/div>\n\t\t<\/div>\n\t\t\t\t<div class=\"has_eae_slider elementor-column elementor-col-20 elementor-top-column elementor-element elementor-element-4f1c49b\" data-id=\"4f1c49b\" data-element_type=\"column\">\n\t\t\t<div class=\"elementor-widget-wrap elementor-element-populated\">\n\t\t\t\t\t\t<div class=\"elementor-element elementor-element-5bca00e elementor-align-center elementor-widget elementor-widget-button\" data-id=\"5bca00e\" data-element_type=\"widget\" data-widget_type=\"button.default\">\n\t\t\t\t<div class=\"elementor-widget-container\">\n\t\t\t\t\t<div class=\"elementor-button-wrapper\">\n\t\t\t<a class=\"elementor-button elementor-button-link elementor-size-sm\" href=\"https:\/\/gatewaykurumsal.com\/?page_id=2534&#038;lang=tr\">\n\t\t\t\t\t\t<span class=\"elementor-button-content-wrapper\">\n\t\t\t\t\t\t\t\t\t<span class=\"elementor-button-text\">Yabanc\u0131 \u00c7al\u0131\u015fan<br> Hizmetleri<\/span>\n\t\t\t\t\t<\/span>\n\t\t\t\t\t<\/a>\n\t\t<\/div>\n\t\t\t\t<\/div>\n\t\t\t\t<\/div>\n\t\t\t\t<div class=\"elementor-element elementor-element-20c6ced elementor-widget elementor-widget-image\" data-id=\"20c6ced\" data-element_type=\"widget\" data-widget_type=\"image.default\">\n\t\t\t\t<div class=\"elementor-widget-container\">\n\t\t\t\t\t\t\t\t\t\t\t\t\t<img loading=\"lazy\" decoding=\"async\" width=\"1024\" height=\"724\" src=\"https:\/\/gatewaykurumsal.com\/wp-content\/uploads\/2024\/12\/inset-1024x724.png\" class=\"attachment-large size-large wp-image-1940\" alt=\"\" srcset=\"https:\/\/gatewaykurumsal.com\/wp-content\/uploads\/2024\/12\/inset-1024x724.png 1024w, https:\/\/gatewaykurumsal.com\/wp-content\/uploads\/2024\/12\/inset-300x212.png 300w, https:\/\/gatewaykurumsal.com\/wp-content\/uploads\/2024\/12\/inset-768x543.png 768w, https:\/\/gatewaykurumsal.com\/wp-content\/uploads\/2024\/12\/inset-1536x1086.png 1536w, https:\/\/gatewaykurumsal.com\/wp-content\/uploads\/2024\/12\/inset.png 2000w\" sizes=\"(max-width: 1024px) 100vw, 1024px\" \/>\t\t\t\t\t\t\t\t\t\t\t\t\t<\/div>\n\t\t\t\t<\/div>\n\t\t\t\t\t<\/div>\n\t\t<\/div>\n\t\t\t\t\t<\/div>\n\t\t<\/section>\n\t\t\t\t<\/div>\n\t\t","protected":false},"excerpt":{"rendered":"<p>G\u00f6\u00e7menlik Hizmetleri &#8220;Gateway, \u015firketler, \u00e7al\u0131\u015fanlar, bireyler, aileler ve \u00f6\u011frenciler i\u00e7in benzersiz bir ta\u015f\u0131nma deneyimi sunar.&#8221; \u2713 \u00c7al\u0131\u015fma \u0130zni(\u0130lk Ba\u015fvuru \/ Uzatma \/ \u0130ptal)Gateway olarak i\u015fveren ve \u00e7al\u0131\u015fan\u0131n mevcut durumu ile gelecekteki \u00e7al\u0131\u015fma detaylar\u0131n\u0131 ilgili mevzuata uygun \u015fekilde analiz ediyoruz. Ba\u015fvuru t\u00fcr\u00fcne g\u00f6re, \u00e7al\u0131\u015fma izni almak veya uzatmak i\u00e7in gerekli t\u00fcm bilgileri, kritik tan\u0131mlar\u0131 dahil ederek [&hellip;]<\/p>\n","protected":false},"author":1,"featured_media":0,"parent":2495,"menu_order":1,"comment_status":"closed","ping_status":"closed","template":"","meta":{"_eb_attr":"","_uag_custom_page_level_css":"","footnotes":""},"class_list":["post-2504","page","type-page","status-publish","hentry"],"blocksy_meta":[],"uagb_featured_image_src":{"full":false,"thumbnail":false,"medium":false,"medium_large":false,"large":false,"1536x1536":false,"2048x2048":false},"uagb_author_info":{"display_name":"admin","author_link":"https:\/\/gatewaykurumsal.com\/?author=1"},"uagb_comment_info":0,"uagb_excerpt":"G\u00f6\u00e7menlik Hizmetleri &#8220;Gateway, \u015firketler, \u00e7al\u0131\u015fanlar, bireyler, aileler ve \u00f6\u011frenciler i\u00e7in benzersiz bir ta\u015f\u0131nma deneyimi sunar.&#8221; \u2713 \u00c7al\u0131\u015fma \u0130zni(\u0130lk Ba\u015fvuru \/ Uzatma \/ \u0130ptal)Gateway olarak i\u015fveren ve \u00e7al\u0131\u015fan\u0131n mevcut durumu ile gelecekteki \u00e7al\u0131\u015fma detaylar\u0131n\u0131 ilgili mevzuata uygun \u015fekilde analiz ediyoruz. Ba\u015fvuru t\u00fcr\u00fcne g\u00f6re, \u00e7al\u0131\u015fma izni almak veya uzatmak i\u00e7in gerekli t\u00fcm bilgileri, kritik tan\u0131mlar\u0131 dahil ederek&hellip;","_links":{"self":[{"href":"https:\/\/gatewaykurumsal.com\/index.php?rest_route=\/wp\/v2\/pages\/2504"}],"collection":[{"href":"https:\/\/gatewaykurumsal.com\/index.php?rest_route=\/wp\/v2\/pages"}],"about":[{"href":"https:\/\/gatewaykurumsal.com\/index.php?rest_route=\/wp\/v2\/types\/page"}],"author":[{"embeddable":true,"href":"https:\/\/gatewaykurumsal.com\/index.php?rest_route=\/wp\/v2\/users\/1"}],"replies":[{"embeddable":true,"href":"https:\/\/gatewaykurumsal.com\/index.php?rest_route=%2Fwp%2Fv2%2Fcomments&post=2504"}],"version-history":[{"count":14,"href":"https:\/\/gatewaykurumsal.com\/index.php?rest_route=\/wp\/v2\/pages\/2504\/revisions"}],"predecessor-version":[{"id":2789,"href":"https:\/\/gatewaykurumsal.com\/index.php?rest_route=\/wp\/v2\/pages\/2504\/revisions\/2789"}],"up":[{"embeddable":true,"href":"https:\/\/gatewaykurumsal.com\/index.php?rest_route=\/wp\/v2\/pages\/2495"}],"wp:attachment":[{"href":"https:\/\/gatewaykurumsal.com\/index.php?rest_route=%2Fwp%2Fv2%2Fmedia&parent=2504"}],"curies":[{"name":"wp","href":"https:\/\/api.w.org\/{rel}","templated":true}]}}