{"id":2473,"date":"2024-12-30T12:52:58","date_gmt":"2024-12-30T12:52:58","guid":{"rendered":"https:\/\/gatewaykurumsal.com\/?page_id=2473"},"modified":"2025-01-17T09:09:30","modified_gmt":"2025-01-17T09:09:30","slug":"arac-kiralama-ve-transfer","status":"publish","type":"page","link":"https:\/\/gatewaykurumsal.com\/?page_id=2473&lang=tr","title":{"rendered":"Ara\u00e7 Kiralama &#038; Transfer"},"content":{"rendered":"\t\t<div data-elementor-type=\"wp-page\" data-elementor-id=\"2473\" class=\"elementor elementor-2473\">\n\t\t\t\t\t\t<section class=\"has_eae_slider elementor-section elementor-top-section elementor-element elementor-element-1457e079 ct-section-stretched elementor-section-full_width elementor-section-height-min-height elementor-section-height-default elementor-section-items-middle\" data-id=\"1457e079\" data-element_type=\"section\" data-settings=\"{&quot;background_background&quot;:&quot;classic&quot;}\">\n\t\t\t\t\t\t<div class=\"elementor-container elementor-column-gap-default\">\n\t\t\t\t\t<div class=\"has_eae_slider elementor-column elementor-col-100 elementor-top-column elementor-element elementor-element-bd3c837\" data-id=\"bd3c837\" data-element_type=\"column\">\n\t\t\t<div class=\"elementor-widget-wrap\">\n\t\t\t\t\t\t\t<\/div>\n\t\t<\/div>\n\t\t\t\t\t<\/div>\n\t\t<\/section>\n\t\t\t\t<section class=\"has_eae_slider elementor-section elementor-top-section elementor-element elementor-element-b139341 elementor-section-boxed elementor-section-height-default elementor-section-height-default\" data-id=\"b139341\" data-element_type=\"section\">\n\t\t\t\t\t\t<div class=\"elementor-container elementor-column-gap-default\">\n\t\t\t\t\t<div class=\"has_eae_slider elementor-column elementor-col-100 elementor-top-column elementor-element elementor-element-b5ff0db\" data-id=\"b5ff0db\" data-element_type=\"column\">\n\t\t\t<div class=\"elementor-widget-wrap elementor-element-populated\">\n\t\t\t\t\t\t<div class=\"elementor-element elementor-element-6e3500e elementor-position-left elementor-widget__width-initial elementor-view-default elementor-mobile-position-top elementor-vertical-align-top elementor-widget elementor-widget-icon-box\" data-id=\"6e3500e\" data-element_type=\"widget\" data-widget_type=\"icon-box.default\">\n\t\t\t\t<div class=\"elementor-widget-container\">\n\t\t\t\t\t<div class=\"elementor-icon-box-wrapper\">\n\n\t\t\t\t\t\t<div class=\"elementor-icon-box-icon\">\n\t\t\t\t<span  class=\"elementor-icon elementor-animation-\">\n\t\t\t\t<svg aria-hidden=\"true\" class=\"e-font-icon-svg e-fas-car\" viewBox=\"0 0 512 512\" xmlns=\"http:\/\/www.w3.org\/2000\/svg\"><path d=\"M499.99 176h-59.87l-16.64-41.6C406.38 91.63 365.57 64 319.5 64h-127c-46.06 0-86.88 27.63-103.99 70.4L71.87 176H12.01C4.2 176-1.53 183.34.37 190.91l6 24C7.7 220.25 12.5 224 18.01 224h20.07C24.65 235.73 16 252.78 16 272v48c0 16.12 6.16 30.67 16 41.93V416c0 17.67 14.33 32 32 32h32c17.67 0 32-14.33 32-32v-32h256v32c0 17.67 14.33 32 32 32h32c17.67 0 32-14.33 32-32v-54.07c9.84-11.25 16-25.8 16-41.93v-48c0-19.22-8.65-36.27-22.07-48H494c5.51 0 10.31-3.75 11.64-9.09l6-24c1.89-7.57-3.84-14.91-11.65-14.91zm-352.06-17.83c7.29-18.22 24.94-30.17 44.57-30.17h127c19.63 0 37.28 11.95 44.57 30.17L384 208H128l19.93-49.83zM96 319.8c-19.2 0-32-12.76-32-31.9S76.8 256 96 256s48 28.71 48 47.85-28.8 15.95-48 15.95zm320 0c-19.2 0-48 3.19-48-15.95S396.8 256 416 256s32 12.76 32 31.9-12.8 31.9-32 31.9z\"><\/path><\/svg>\t\t\t\t<\/span>\n\t\t\t<\/div>\n\t\t\t\n\t\t\t\t\t\t<div class=\"elementor-icon-box-content\">\n\n\t\t\t\t\t\t\t\t\t<h3 class=\"elementor-icon-box-title\">\n\t\t\t\t\t\t<span  >\n\t\t\t\t\t\t\tAra\u00e7 Kiralama & Transfer\t\t\t\t\t\t<\/span>\n\t\t\t\t\t<\/h3>\n\t\t\t\t\n\t\t\t\t\n\t\t\t<\/div>\n\t\t\t\n\t\t<\/div>\n\t\t\t\t<\/div>\n\t\t\t\t<\/div>\n\t\t\t\t<div class=\"elementor-element elementor-element-19fabe0 elementor-widget elementor-widget-text-editor\" data-id=\"19fabe0\" data-element_type=\"widget\" data-widget_type=\"text-editor.default\">\n\t\t\t\t<div class=\"elementor-widget-container\">\n\t\t\t\t\t\t\t<p>&#8220;Konforlu ve VIP Transferin Merkezi!&#8221;<\/p>\t\t\t\t\t\t<\/div>\n\t\t\t\t<\/div>\n\t\t\t\t<div class=\"elementor-element elementor-element-f8c16fe elementor-widget__width-initial elementor-widget elementor-widget-text-editor\" data-id=\"f8c16fe\" data-element_type=\"widget\" data-widget_type=\"text-editor.default\">\n\t\t\t\t<div class=\"elementor-widget-container\">\n\t\t\t\t\t\t\t<p><strong>\u2713 Ara\u00e7 Kiralama Hizmeti<\/strong><br \/>D\u00fcnya genelindeki g\u00fcvenilir ve profesyonel tedarik\u00e7ilerimiz sayesinde istedi\u011finiz model arac\u0131 kolayca temin ediyoruz.<br \/>Ekonomik ara\u00e7lardan l\u00fcks modellere kadar hem bireysel hem de kurumsal kullan\u0131ma uygun ideal \u00e7\u00f6z\u00fcmler sunuyoruz.<br \/>K\u0131sa s\u00fcreli kiralamalar i\u00e7in esnek se\u00e7enekler sa\u011fl\u0131yoruz.<\/p><p><strong>\u2713 \u015eof\u00f6rl\u00fc Ara\u00e7 Hizmeti<\/strong><br \/>\u00d6zel g\u00fcnler, i\u015f toplant\u0131lar\u0131 veya \u015fehir turlar\u0131 i\u00e7in \u015fof\u00f6rl\u00fc ara\u00e7lar\u0131m\u0131zla konforlu bir deneyim sa\u011fl\u0131yoruz.<br \/>Profesyonel s\u00fcr\u00fcc\u00fclerimiz g\u00fcvenli ve stressiz bir yolculuk sunar.<\/p><p><strong>\u2713 Transfer Hizmetleri<\/strong><br \/>Havaliman\u0131, otel, i\u015fyeri veya \u00f6zel adresler aras\u0131nda rahat transfer imkan\u0131 sunuyoruz.<br \/>Geni\u015f ara\u00e7 filomuzla uygun fiyatl\u0131 bireysel ve grup transfer hizmetleri sa\u011fl\u0131yoruz.<br \/>Premium bir seyahat deneyimi i\u00e7in \u00f6zel VIP transfer se\u00e7enekleri sunuyoruz.<\/p><p><strong>\u2713 7\/24 Destek ve H\u0131zl\u0131 Rezervasyon<\/strong><br \/>Her an ihtiya\u00e7lar\u0131n\u0131za uygun ara\u00e7 veya transfer hizmetlerini h\u0131zl\u0131 ve etkili bir \u015fekilde sunuyoruz.<\/p>\t\t\t\t\t\t<\/div>\n\t\t\t\t<\/div>\n\t\t\t\t\t<\/div>\n\t\t<\/div>\n\t\t\t\t\t<\/div>\n\t\t<\/section>\n\t\t\t\t<section class=\"has_eae_slider elementor-section elementor-top-section elementor-element elementor-element-511a0ef elementor-section-boxed elementor-section-height-default elementor-section-height-default\" data-id=\"511a0ef\" data-element_type=\"section\">\n\t\t\t\t\t\t<div class=\"elementor-container elementor-column-gap-default\">\n\t\t\t\t\t<div class=\"has_eae_slider elementor-column elementor-col-100 elementor-top-column elementor-element elementor-element-671504d\" data-id=\"671504d\" data-element_type=\"column\">\n\t\t\t<div class=\"elementor-widget-wrap elementor-element-populated\">\n\t\t\t\t\t\t<div class=\"elementor-element elementor-element-5eed938 elementor-widget-divider--view-line_icon elementor-widget__width-inherit elementor-hidden-mobile elementor-view-default elementor-widget-divider--element-align-center elementor-widget elementor-widget-divider\" data-id=\"5eed938\" data-element_type=\"widget\" data-widget_type=\"divider.default\">\n\t\t\t\t<div class=\"elementor-widget-container\">\n\t\t\t\t\t<div class=\"elementor-divider\">\n\t\t\t<span class=\"elementor-divider-separator\">\n\t\t\t\t\t\t\t<div class=\"elementor-icon elementor-divider__element\">\n\t\t\t\t\t<svg aria-hidden=\"true\" class=\"e-font-icon-svg e-fas-chevron-down\" viewBox=\"0 0 448 512\" xmlns=\"http:\/\/www.w3.org\/2000\/svg\"><path d=\"M207.029 381.476L12.686 187.132c-9.373-9.373-9.373-24.569 0-33.941l22.667-22.667c9.357-9.357 24.522-9.375 33.901-.04L224 284.505l154.745-154.021c9.379-9.335 24.544-9.317 33.901.04l22.667 22.667c9.373 9.373 9.373 24.569 0 33.941L240.971 381.476c-9.373 9.372-24.569 9.372-33.942 0z\"><\/path><\/svg><\/div>\n\t\t\t\t\t\t<\/span>\n\t\t<\/div>\n\t\t\t\t<\/div>\n\t\t\t\t<\/div>\n\t\t\t\t\t<\/div>\n\t\t<\/div>\n\t\t\t\t\t<\/div>\n\t\t<\/section>\n\t\t\t\t<section class=\"has_eae_slider elementor-section elementor-top-section elementor-element elementor-element-4717ccc ct-section-stretched elementor-hidden-mobile elementor-section-boxed elementor-section-height-default elementor-section-height-default\" data-id=\"4717ccc\" data-element_type=\"section\">\n\t\t\t\t\t\t<div class=\"elementor-container elementor-column-gap-wider\">\n\t\t\t\t\t<div class=\"has_eae_slider elementor-column elementor-col-25 elementor-top-column elementor-element elementor-element-3c1bdd4\" data-id=\"3c1bdd4\" data-element_type=\"column\">\n\t\t\t<div class=\"elementor-widget-wrap elementor-element-populated\">\n\t\t\t\t\t\t<div class=\"elementor-element elementor-element-4a71866 elementor-align-center elementor-widget elementor-widget-button\" data-id=\"4a71866\" data-element_type=\"widget\" data-widget_type=\"button.default\">\n\t\t\t\t<div class=\"elementor-widget-container\">\n\t\t\t\t\t<div class=\"elementor-button-wrapper\">\n\t\t\t<a class=\"elementor-button elementor-button-link elementor-size-sm\" href=\"https:\/\/gatewaykurumsal.com\/?page_id=2449&#038;lang=tr\">\n\t\t\t\t\t\t<span class=\"elementor-button-content-wrapper\">\n\t\t\t\t\t\t\t\t\t<span class=\"elementor-button-text\">U\u00e7ak Bileti<\/span>\n\t\t\t\t\t<\/span>\n\t\t\t\t\t<\/a>\n\t\t<\/div>\n\t\t\t\t<\/div>\n\t\t\t\t<\/div>\n\t\t\t\t<div class=\"elementor-element elementor-element-7e55c61 elementor-widget elementor-widget-image\" data-id=\"7e55c61\" data-element_type=\"widget\" data-widget_type=\"image.default\">\n\t\t\t\t<div class=\"elementor-widget-container\">\n\t\t\t\t\t\t\t\t\t\t\t\t\t<img fetchpriority=\"high\" decoding=\"async\" width=\"300\" height=\"169\" src=\"https:\/\/gatewaykurumsal.com\/wp-content\/uploads\/2025\/01\/9-300x169.png\" class=\"attachment-medium size-medium wp-image-2734\" alt=\"\" srcset=\"https:\/\/gatewaykurumsal.com\/wp-content\/uploads\/2025\/01\/9-300x169.png 300w, https:\/\/gatewaykurumsal.com\/wp-content\/uploads\/2025\/01\/9-768x432.png 768w, https:\/\/gatewaykurumsal.com\/wp-content\/uploads\/2025\/01\/9.png 960w\" sizes=\"(max-width: 300px) 100vw, 300px\" \/>\t\t\t\t\t\t\t\t\t\t\t\t\t<\/div>\n\t\t\t\t<\/div>\n\t\t\t\t\t<\/div>\n\t\t<\/div>\n\t\t\t\t<div class=\"has_eae_slider elementor-column elementor-col-25 elementor-top-column elementor-element elementor-element-b2bf710\" data-id=\"b2bf710\" data-element_type=\"column\">\n\t\t\t<div class=\"elementor-widget-wrap elementor-element-populated\">\n\t\t\t\t\t\t<div class=\"elementor-element elementor-element-5918232 elementor-align-center elementor-widget elementor-widget-button\" data-id=\"5918232\" data-element_type=\"widget\" data-widget_type=\"button.default\">\n\t\t\t\t<div class=\"elementor-widget-container\">\n\t\t\t\t\t<div class=\"elementor-button-wrapper\">\n\t\t\t<a class=\"elementor-button elementor-button-link elementor-size-sm\" href=\"https:\/\/gatewaykurumsal.com\/?page_id=2464&#038;lang=tr\">\n\t\t\t\t\t\t<span class=\"elementor-button-content-wrapper\">\n\t\t\t\t\t\t\t\t\t<span class=\"elementor-button-text\">Konaklama<\/span>\n\t\t\t\t\t<\/span>\n\t\t\t\t\t<\/a>\n\t\t<\/div>\n\t\t\t\t<\/div>\n\t\t\t\t<\/div>\n\t\t\t\t<div class=\"elementor-element elementor-element-c6e3c25 elementor-widget__width-initial elementor-widget elementor-widget-image\" data-id=\"c6e3c25\" data-element_type=\"widget\" data-widget_type=\"image.default\">\n\t\t\t\t<div class=\"elementor-widget-container\">\n\t\t\t\t\t\t\t\t\t\t\t\t\t<img decoding=\"async\" width=\"300\" height=\"169\" src=\"https:\/\/gatewaykurumsal.com\/wp-content\/uploads\/2025\/01\/8-300x169.png\" class=\"attachment-medium size-medium wp-image-2733\" alt=\"\" srcset=\"https:\/\/gatewaykurumsal.com\/wp-content\/uploads\/2025\/01\/8-300x169.png 300w, https:\/\/gatewaykurumsal.com\/wp-content\/uploads\/2025\/01\/8-768x432.png 768w, https:\/\/gatewaykurumsal.com\/wp-content\/uploads\/2025\/01\/8.png 960w\" sizes=\"(max-width: 300px) 100vw, 300px\" \/>\t\t\t\t\t\t\t\t\t\t\t\t\t<\/div>\n\t\t\t\t<\/div>\n\t\t\t\t\t<\/div>\n\t\t<\/div>\n\t\t\t\t<div class=\"has_eae_slider elementor-column elementor-col-25 elementor-top-column elementor-element elementor-element-afd0ee6\" data-id=\"afd0ee6\" data-element_type=\"column\">\n\t\t\t<div class=\"elementor-widget-wrap elementor-element-populated\">\n\t\t\t\t\t\t<div class=\"elementor-element elementor-element-6dee020 elementor-align-center elementor-widget elementor-widget-button\" data-id=\"6dee020\" data-element_type=\"widget\" data-widget_type=\"button.default\">\n\t\t\t\t<div class=\"elementor-widget-container\">\n\t\t\t\t\t<div class=\"elementor-button-wrapper\">\n\t\t\t<a class=\"elementor-button elementor-button-link elementor-size-sm\" href=\"https:\/\/gatewaykurumsal.com\/?page_id=2479&#038;lang=tr\">\n\t\t\t\t\t\t<span class=\"elementor-button-content-wrapper\">\n\t\t\t\t\t\t\t\t\t<span class=\"elementor-button-text\">Vize<\/span>\n\t\t\t\t\t<\/span>\n\t\t\t\t\t<\/a>\n\t\t<\/div>\n\t\t\t\t<\/div>\n\t\t\t\t<\/div>\n\t\t\t\t<div class=\"elementor-element elementor-element-c0598c0 elementor-widget elementor-widget-image\" data-id=\"c0598c0\" data-element_type=\"widget\" data-widget_type=\"image.default\">\n\t\t\t\t<div class=\"elementor-widget-container\">\n\t\t\t\t\t\t\t\t\t\t\t\t\t<img decoding=\"async\" width=\"960\" height=\"540\" src=\"https:\/\/gatewaykurumsal.com\/wp-content\/uploads\/2025\/01\/7.png\" class=\"attachment-large size-large wp-image-2732\" alt=\"\" srcset=\"https:\/\/gatewaykurumsal.com\/wp-content\/uploads\/2025\/01\/7.png 960w, https:\/\/gatewaykurumsal.com\/wp-content\/uploads\/2025\/01\/7-300x169.png 300w, https:\/\/gatewaykurumsal.com\/wp-content\/uploads\/2025\/01\/7-768x432.png 768w\" sizes=\"(max-width: 960px) 100vw, 960px\" \/>\t\t\t\t\t\t\t\t\t\t\t\t\t<\/div>\n\t\t\t\t<\/div>\n\t\t\t\t\t<\/div>\n\t\t<\/div>\n\t\t\t\t<div class=\"has_eae_slider elementor-column elementor-col-25 elementor-top-column elementor-element elementor-element-3b798b2\" data-id=\"3b798b2\" data-element_type=\"column\">\n\t\t\t<div class=\"elementor-widget-wrap elementor-element-populated\">\n\t\t\t\t\t\t<div class=\"elementor-element elementor-element-b514749 elementor-align-center elementor-widget elementor-widget-button\" data-id=\"b514749\" data-element_type=\"widget\" data-widget_type=\"button.default\">\n\t\t\t\t<div class=\"elementor-widget-container\">\n\t\t\t\t\t<div class=\"elementor-button-wrapper\">\n\t\t\t<a class=\"elementor-button elementor-size-sm\" role=\"button\">\n\t\t\t\t\t\t<span class=\"elementor-button-content-wrapper\">\n\t\t\t\t\t\t\t\t\t<span class=\"elementor-button-text\">Kiral\u0131k Ara\u00e7 &<br> Transfer<\/span>\n\t\t\t\t\t<\/span>\n\t\t\t\t\t<\/a>\n\t\t<\/div>\n\t\t\t\t<\/div>\n\t\t\t\t<\/div>\n\t\t\t\t<div class=\"elementor-element elementor-element-2f46014 elementor-widget elementor-widget-image\" data-id=\"2f46014\" data-element_type=\"widget\" data-widget_type=\"image.default\">\n\t\t\t\t<div class=\"elementor-widget-container\">\n\t\t\t\t\t\t\t\t\t\t\t\t\t<img loading=\"lazy\" decoding=\"async\" width=\"960\" height=\"540\" src=\"https:\/\/gatewaykurumsal.com\/wp-content\/uploads\/2025\/01\/6.png\" class=\"attachment-large size-large wp-image-2731\" alt=\"\" srcset=\"https:\/\/gatewaykurumsal.com\/wp-content\/uploads\/2025\/01\/6.png 960w, https:\/\/gatewaykurumsal.com\/wp-content\/uploads\/2025\/01\/6-300x169.png 300w, https:\/\/gatewaykurumsal.com\/wp-content\/uploads\/2025\/01\/6-768x432.png 768w\" sizes=\"(max-width: 960px) 100vw, 960px\" \/>\t\t\t\t\t\t\t\t\t\t\t\t\t<\/div>\n\t\t\t\t<\/div>\n\t\t\t\t\t<\/div>\n\t\t<\/div>\n\t\t\t\t\t<\/div>\n\t\t<\/section>\n\t\t\t\t<\/div>\n\t\t","protected":false},"excerpt":{"rendered":"<p>Ara\u00e7 Kiralama &#038; Transfer &#8220;Konforlu ve VIP Transferin Merkezi!&#8221; \u2713 Ara\u00e7 Kiralama HizmetiD\u00fcnya genelindeki g\u00fcvenilir ve profesyonel tedarik\u00e7ilerimiz sayesinde istedi\u011finiz model arac\u0131 kolayca temin ediyoruz.Ekonomik ara\u00e7lardan l\u00fcks modellere kadar hem bireysel hem de kurumsal kullan\u0131ma uygun ideal \u00e7\u00f6z\u00fcmler sunuyoruz.K\u0131sa s\u00fcreli kiralamalar i\u00e7in esnek se\u00e7enekler sa\u011fl\u0131yoruz. \u2713 \u015eof\u00f6rl\u00fc Ara\u00e7 Hizmeti\u00d6zel g\u00fcnler, i\u015f toplant\u0131lar\u0131 veya \u015fehir turlar\u0131 [&hellip;]<\/p>\n","protected":false},"author":1,"featured_media":0,"parent":0,"menu_order":0,"comment_status":"closed","ping_status":"closed","template":"","meta":{"_eb_attr":"","_uag_custom_page_level_css":"","footnotes":""},"class_list":["post-2473","page","type-page","status-publish","hentry"],"blocksy_meta":[],"uagb_featured_image_src":{"full":false,"thumbnail":false,"medium":false,"medium_large":false,"large":false,"1536x1536":false,"2048x2048":false},"uagb_author_info":{"display_name":"admin","author_link":"https:\/\/gatewaykurumsal.com\/?author=1"},"uagb_comment_info":0,"uagb_excerpt":"Ara\u00e7 Kiralama &#038; Transfer &#8220;Konforlu ve VIP Transferin Merkezi!&#8221; \u2713 Ara\u00e7 Kiralama HizmetiD\u00fcnya genelindeki g\u00fcvenilir ve profesyonel tedarik\u00e7ilerimiz sayesinde istedi\u011finiz model arac\u0131 kolayca temin ediyoruz.Ekonomik ara\u00e7lardan l\u00fcks modellere kadar hem bireysel hem de kurumsal kullan\u0131ma uygun ideal \u00e7\u00f6z\u00fcmler sunuyoruz.K\u0131sa s\u00fcreli kiralamalar i\u00e7in esnek se\u00e7enekler sa\u011fl\u0131yoruz. \u2713 \u015eof\u00f6rl\u00fc Ara\u00e7 Hizmeti\u00d6zel g\u00fcnler, i\u015f toplant\u0131lar\u0131 veya \u015fehir turlar\u0131&hellip;","_links":{"self":[{"href":"https:\/\/gatewaykurumsal.com\/index.php?rest_route=\/wp\/v2\/pages\/2473"}],"collection":[{"href":"https:\/\/gatewaykurumsal.com\/index.php?rest_route=\/wp\/v2\/pages"}],"about":[{"href":"https:\/\/gatewaykurumsal.com\/index.php?rest_route=\/wp\/v2\/types\/page"}],"author":[{"embeddable":true,"href":"https:\/\/gatewaykurumsal.com\/index.php?rest_route=\/wp\/v2\/users\/1"}],"replies":[{"embeddable":true,"href":"https:\/\/gatewaykurumsal.com\/index.php?rest_route=%2Fwp%2Fv2%2Fcomments&post=2473"}],"version-history":[{"count":11,"href":"https:\/\/gatewaykurumsal.com\/index.php?rest_route=\/wp\/v2\/pages\/2473\/revisions"}],"predecessor-version":[{"id":2774,"href":"https:\/\/gatewaykurumsal.com\/index.php?rest_route=\/wp\/v2\/pages\/2473\/revisions\/2774"}],"wp:attachment":[{"href":"https:\/\/gatewaykurumsal.com\/index.php?rest_route=%2Fwp%2Fv2%2Fmedia&parent=2473"}],"curies":[{"name":"wp","href":"https:\/\/api.w.org\/{rel}","templated":true}]}}