{"id":2449,"date":"2024-12-30T12:20:00","date_gmt":"2024-12-30T12:20:00","guid":{"rendered":"https:\/\/gatewaykurumsal.com\/?page_id=2449"},"modified":"2025-01-17T09:09:01","modified_gmt":"2025-01-17T09:09:01","slug":"ucak-bileti-2","status":"publish","type":"page","link":"https:\/\/gatewaykurumsal.com\/?page_id=2449&lang=tr","title":{"rendered":"U\u00e7ak Bileti"},"content":{"rendered":"\t\t<div data-elementor-type=\"wp-page\" data-elementor-id=\"2449\" class=\"elementor elementor-2449\">\n\t\t\t\t\t\t<section class=\"has_eae_slider elementor-section elementor-top-section elementor-element elementor-element-20cfb1bd ct-section-stretched elementor-section-full_width elementor-section-height-min-height elementor-section-height-default elementor-section-items-middle\" data-id=\"20cfb1bd\" data-element_type=\"section\" data-settings=\"{&quot;background_background&quot;:&quot;classic&quot;}\">\n\t\t\t\t\t\t<div class=\"elementor-container elementor-column-gap-default\">\n\t\t\t\t\t<div class=\"has_eae_slider elementor-column elementor-col-100 elementor-top-column elementor-element elementor-element-603ad14\" data-id=\"603ad14\" data-element_type=\"column\">\n\t\t\t<div class=\"elementor-widget-wrap\">\n\t\t\t\t\t\t\t<\/div>\n\t\t<\/div>\n\t\t\t\t\t<\/div>\n\t\t<\/section>\n\t\t\t\t<section class=\"has_eae_slider elementor-section elementor-top-section elementor-element elementor-element-66af8722 elementor-section-boxed elementor-section-height-default elementor-section-height-default\" data-id=\"66af8722\" data-element_type=\"section\">\n\t\t\t\t\t\t<div class=\"elementor-container elementor-column-gap-default\">\n\t\t\t\t\t<div class=\"has_eae_slider elementor-column elementor-col-100 elementor-top-column elementor-element elementor-element-5a89fd01\" data-id=\"5a89fd01\" data-element_type=\"column\">\n\t\t\t<div class=\"elementor-widget-wrap elementor-element-populated\">\n\t\t\t\t\t\t<div class=\"elementor-element elementor-element-631f555 elementor-position-left elementor-widget__width-initial elementor-view-default elementor-mobile-position-top elementor-vertical-align-top elementor-widget elementor-widget-icon-box\" data-id=\"631f555\" data-element_type=\"widget\" data-widget_type=\"icon-box.default\">\n\t\t\t\t<div class=\"elementor-widget-container\">\n\t\t\t\t\t<div class=\"elementor-icon-box-wrapper\">\n\n\t\t\t\t\t\t<div class=\"elementor-icon-box-icon\">\n\t\t\t\t<span  class=\"elementor-icon elementor-animation-\">\n\t\t\t\t<svg aria-hidden=\"true\" class=\"e-font-icon-svg e-fas-plane\" viewBox=\"0 0 576 512\" xmlns=\"http:\/\/www.w3.org\/2000\/svg\"><path d=\"M480 192H365.71L260.61 8.06A16.014 16.014 0 0 0 246.71 0h-65.5c-10.63 0-18.3 10.17-15.38 20.39L214.86 192H112l-43.2-57.6c-3.02-4.03-7.77-6.4-12.8-6.4H16.01C5.6 128-2.04 137.78.49 147.88L32 256 .49 364.12C-2.04 374.22 5.6 384 16.01 384H56c5.04 0 9.78-2.37 12.8-6.4L112 320h102.86l-49.03 171.6c-2.92 10.22 4.75 20.4 15.38 20.4h65.5c5.74 0 11.04-3.08 13.89-8.06L365.71 320H480c35.35 0 96-28.65 96-64s-60.65-64-96-64z\"><\/path><\/svg>\t\t\t\t<\/span>\n\t\t\t<\/div>\n\t\t\t\n\t\t\t\t\t\t<div class=\"elementor-icon-box-content\">\n\n\t\t\t\t\t\t\t\t\t<h3 class=\"elementor-icon-box-title\">\n\t\t\t\t\t\t<span  >\n\t\t\t\t\t\t\tU\u00e7ak Bileti\t\t\t\t\t\t<\/span>\n\t\t\t\t\t<\/h3>\n\t\t\t\t\n\t\t\t\t\n\t\t\t<\/div>\n\t\t\t\n\t\t<\/div>\n\t\t\t\t<\/div>\n\t\t\t\t<\/div>\n\t\t\t\t<div class=\"elementor-element elementor-element-d428382 elementor-widget elementor-widget-text-editor\" data-id=\"d428382\" data-element_type=\"widget\" data-widget_type=\"text-editor.default\">\n\t\t\t\t<div class=\"elementor-widget-container\">\n\t\t\t\t\t\t\t<div class=\"flex-shrink-0 flex flex-col relative items-end\"><div><div class=\"pt-0\"><div class=\"gizmo-bot-avatar flex h-8 w-8 items-center justify-center overflow-hidden rounded-full\"><div class=\"relative p-1 rounded-sm flex items-center justify-center bg-token-main-surface-primary text-token-text-primary h-8 w-8\">&#8220;H\u0131zl\u0131, G\u00fcvenilir ve Uygun Fiyatl\u0131&#8230;&#8221;<\/div><\/div><\/div><\/div><\/div>\t\t\t\t\t\t<\/div>\n\t\t\t\t<\/div>\n\t\t\t\t<div class=\"elementor-element elementor-element-3abbc0f elementor-widget__width-initial elementor-widget elementor-widget-text-editor\" data-id=\"3abbc0f\" data-element_type=\"widget\" data-widget_type=\"text-editor.default\">\n\t\t\t\t<div class=\"elementor-widget-container\">\n\t\t\t\t\t\t\t<div class=\"flex-shrink-0 flex flex-col relative items-end\"><div><div class=\"pt-0\"><div class=\"gizmo-bot-avatar flex h-8 w-8 items-center justify-center overflow-hidden rounded-full\"><div class=\"relative p-1 rounded-sm flex items-center justify-center bg-token-main-surface-primary text-token-text-primary h-8 w-8\"><strong>\u2713 Yetkili Biletleme Acentesi<br \/><\/strong>797 havayolu \u015firketinin yetkili acentesi olarak, t\u00fcm havayollar\u0131na ait biletleme hizmetlerini tek bir platformda sunuyoruz. Size ve \u015firketinize en uygun u\u00e7ak biletlerini bulup temin ediyoruz.<\/div><div>\u00a0<\/div><div class=\"relative p-1 rounded-sm flex items-center justify-center bg-token-main-surface-primary text-token-text-primary h-8 w-8\"><strong>\u2713 En \u0130yi Bilet \u00c7\u00f6z\u00fcmleri<\/strong><\/div><\/div><\/div><\/div><\/div><div class=\"group\/conversation-turn relative flex w-full min-w-0 flex-col agent-turn\"><div class=\"flex-col gap-1 md:gap-3\"><div class=\"flex max-w-full flex-col flex-grow\"><div class=\"min-h-8 text-message flex w-full flex-col items-end gap-2 whitespace-normal break-words text-start [.text-message+&amp;]:mt-5\" dir=\"auto\" data-message-author-role=\"assistant\" data-message-id=\"c94a1190-4158-4f43-b50e-53671bb928ff\" data-message-model-slug=\"gpt-4o\"><div class=\"flex w-full flex-col gap-1 empty:hidden first:pt-[3px]\"><div class=\"markdown prose w-full break-words dark:prose-invert light\"><p>M\u00fc\u015fterilerimizin ihtiya\u00e7lar\u0131n\u0131 analiz ederek, en ideal u\u00e7u\u015f se\u00e7eneklerini en uygun fiyatlarla sunuyoruz. Alternatif havayollar\u0131n\u0131 kar\u015f\u0131la\u015ft\u0131rarak b\u00fct\u00e7e dostu ve verimli \u00e7\u00f6z\u00fcmler sa\u011fl\u0131yoruz.<\/p><p><strong>\u2713 De\u011fi\u015fiklik, \u0130ptal ve \u0130ade Y\u00f6netimi<\/strong><br \/>Biletlerinizle ilgili de\u011fi\u015fiklik, iptal ve iade s\u00fcre\u00e7lerini sorunsuz bir \u015fekilde sizin ad\u0131n\u0131za y\u00f6netiyoruz. 7\/24 destek sa\u011flayan ekibimizle size zahmetsiz bir deneyim sunuyoruz.<\/p><p><strong>\u2713 \u00d6zel Talepler<\/strong><br \/>Grup rezervasyonlar\u0131ndan \u00e7ocuk ve bebek biletlerine, ekstra bagaj d\u00fczenlemelerinden \u00f6zel koltuk se\u00e7imlerine kadar t\u00fcm taleplerinize profesyonel \u00e7\u00f6z\u00fcmler \u00fcretiyoruz. Ayr\u0131ca yemek tercihleri ve transfer deste\u011fi gibi u\u00e7u\u015f i\u00e7i hizmetleri organize ediyoruz.<\/p><p><strong>\u2713 Kurumsal U\u00e7u\u015f Y\u00f6netimi<\/strong><br \/>\u015eirketler i\u00e7in \u00f6zel anla\u015fmalar ve ihtiya\u00e7lar\u0131n\u0131za uygun biletleme \u00e7\u00f6z\u00fcmleri sunuyoruz. Kurumsal seyahat politikalar\u0131na dikkatle uyuyor ve h\u0131zl\u0131, etkili grup biletleme hizmetleri sa\u011fl\u0131yoruz.<\/p><\/div><\/div><\/div><\/div><\/div><\/div>\t\t\t\t\t\t<\/div>\n\t\t\t\t<\/div>\n\t\t\t\t<div class=\"elementor-element elementor-element-417e3d7 elementor-arrows-position-inside elementor-pagination-position-outside elementor-widget elementor-widget-image-carousel\" data-id=\"417e3d7\" data-element_type=\"widget\" data-settings=\"{&quot;slides_to_show&quot;:&quot;4&quot;,&quot;slides_to_scroll&quot;:&quot;2&quot;,&quot;navigation&quot;:&quot;both&quot;,&quot;autoplay&quot;:&quot;yes&quot;,&quot;pause_on_hover&quot;:&quot;yes&quot;,&quot;pause_on_interaction&quot;:&quot;yes&quot;,&quot;autoplay_speed&quot;:5000,&quot;infinite&quot;:&quot;yes&quot;,&quot;speed&quot;:500}\" data-widget_type=\"image-carousel.default\">\n\t\t\t\t<div class=\"elementor-widget-container\">\n\t\t\t\t\t<div class=\"elementor-image-carousel-wrapper swiper\" dir=\"ltr\">\n\t\t\t<div class=\"elementor-image-carousel swiper-wrapper\" aria-live=\"off\">\n\t\t\t\t\t\t\t\t<div class=\"swiper-slide\" role=\"group\" aria-roledescription=\"slide\" aria-label=\"1 \/ 15\"><figure class=\"swiper-slide-inner\"><img decoding=\"async\" class=\"swiper-slide-image\" src=\"https:\/\/gatewaykurumsal.com\/wp-content\/uploads\/2024\/09\/20-150x150.png\" alt=\"20\" \/><\/figure><\/div><div class=\"swiper-slide\" role=\"group\" aria-roledescription=\"slide\" aria-label=\"2 \/ 15\"><figure class=\"swiper-slide-inner\"><img decoding=\"async\" class=\"swiper-slide-image\" src=\"https:\/\/gatewaykurumsal.com\/wp-content\/uploads\/2024\/09\/21-150x150.png\" alt=\"21\" \/><\/figure><\/div><div class=\"swiper-slide\" role=\"group\" aria-roledescription=\"slide\" aria-label=\"3 \/ 15\"><figure class=\"swiper-slide-inner\"><img decoding=\"async\" class=\"swiper-slide-image\" src=\"https:\/\/gatewaykurumsal.com\/wp-content\/uploads\/2024\/09\/22-150x150.png\" alt=\"22\" \/><\/figure><\/div><div class=\"swiper-slide\" role=\"group\" aria-roledescription=\"slide\" aria-label=\"4 \/ 15\"><figure class=\"swiper-slide-inner\"><img decoding=\"async\" class=\"swiper-slide-image\" src=\"https:\/\/gatewaykurumsal.com\/wp-content\/uploads\/2024\/09\/23-150x150.png\" alt=\"23\" \/><\/figure><\/div><div class=\"swiper-slide\" role=\"group\" aria-roledescription=\"slide\" aria-label=\"5 \/ 15\"><figure class=\"swiper-slide-inner\"><img decoding=\"async\" class=\"swiper-slide-image\" src=\"https:\/\/gatewaykurumsal.com\/wp-content\/uploads\/2024\/09\/24-150x150.png\" alt=\"24\" \/><\/figure><\/div><div class=\"swiper-slide\" role=\"group\" aria-roledescription=\"slide\" aria-label=\"6 \/ 15\"><figure class=\"swiper-slide-inner\"><img decoding=\"async\" class=\"swiper-slide-image\" src=\"https:\/\/gatewaykurumsal.com\/wp-content\/uploads\/2024\/09\/25-150x150.png\" alt=\"25\" \/><\/figure><\/div><div class=\"swiper-slide\" role=\"group\" aria-roledescription=\"slide\" aria-label=\"7 \/ 15\"><figure class=\"swiper-slide-inner\"><img decoding=\"async\" class=\"swiper-slide-image\" src=\"https:\/\/gatewaykurumsal.com\/wp-content\/uploads\/2024\/09\/26-150x150.png\" alt=\"26\" \/><\/figure><\/div><div class=\"swiper-slide\" role=\"group\" aria-roledescription=\"slide\" aria-label=\"8 \/ 15\"><figure class=\"swiper-slide-inner\"><img decoding=\"async\" class=\"swiper-slide-image\" src=\"https:\/\/gatewaykurumsal.com\/wp-content\/uploads\/2024\/09\/27-150x150.png\" alt=\"27\" \/><\/figure><\/div><div class=\"swiper-slide\" role=\"group\" aria-roledescription=\"slide\" aria-label=\"9 \/ 15\"><figure class=\"swiper-slide-inner\"><img decoding=\"async\" class=\"swiper-slide-image\" src=\"https:\/\/gatewaykurumsal.com\/wp-content\/uploads\/2024\/09\/28-150x150.png\" alt=\"28\" \/><\/figure><\/div><div class=\"swiper-slide\" role=\"group\" aria-roledescription=\"slide\" aria-label=\"10 \/ 15\"><figure class=\"swiper-slide-inner\"><img decoding=\"async\" class=\"swiper-slide-image\" src=\"https:\/\/gatewaykurumsal.com\/wp-content\/uploads\/2024\/09\/29-150x150.png\" alt=\"29\" \/><\/figure><\/div><div class=\"swiper-slide\" role=\"group\" aria-roledescription=\"slide\" aria-label=\"11 \/ 15\"><figure class=\"swiper-slide-inner\"><img decoding=\"async\" class=\"swiper-slide-image\" src=\"https:\/\/gatewaykurumsal.com\/wp-content\/uploads\/2024\/09\/30-150x150.png\" alt=\"30\" \/><\/figure><\/div><div class=\"swiper-slide\" role=\"group\" aria-roledescription=\"slide\" aria-label=\"12 \/ 15\"><figure class=\"swiper-slide-inner\"><img decoding=\"async\" class=\"swiper-slide-image\" src=\"https:\/\/gatewaykurumsal.com\/wp-content\/uploads\/2024\/09\/31-150x150.png\" alt=\"31\" \/><\/figure><\/div><div class=\"swiper-slide\" role=\"group\" aria-roledescription=\"slide\" aria-label=\"13 \/ 15\"><figure class=\"swiper-slide-inner\"><img decoding=\"async\" class=\"swiper-slide-image\" src=\"https:\/\/gatewaykurumsal.com\/wp-content\/uploads\/2024\/09\/32-150x150.png\" alt=\"32\" \/><\/figure><\/div><div class=\"swiper-slide\" role=\"group\" aria-roledescription=\"slide\" aria-label=\"14 \/ 15\"><figure class=\"swiper-slide-inner\"><img decoding=\"async\" class=\"swiper-slide-image\" src=\"https:\/\/gatewaykurumsal.com\/wp-content\/uploads\/2024\/09\/33-150x150.png\" alt=\"33\" \/><\/figure><\/div><div class=\"swiper-slide\" role=\"group\" aria-roledescription=\"slide\" aria-label=\"15 \/ 15\"><figure class=\"swiper-slide-inner\"><img decoding=\"async\" class=\"swiper-slide-image\" src=\"https:\/\/gatewaykurumsal.com\/wp-content\/uploads\/2024\/12\/ajett-150x150.png\" alt=\"ajett\" \/><\/figure><\/div>\t\t\t<\/div>\n\t\t\t\t\t\t\t\t\t\t\t\t<div class=\"elementor-swiper-button elementor-swiper-button-prev\" role=\"button\" tabindex=\"0\">\n\t\t\t\t\t\t<svg aria-hidden=\"true\" class=\"e-font-icon-svg e-eicon-chevron-left\" viewBox=\"0 0 1000 1000\" xmlns=\"http:\/\/www.w3.org\/2000\/svg\"><path d=\"M646 125C629 125 613 133 604 142L308 442C296 454 292 471 292 487 292 504 296 521 308 533L604 854C617 867 629 875 646 875 663 875 679 871 692 858 704 846 713 829 713 812 713 796 708 779 692 767L438 487 692 225C700 217 708 204 708 187 708 171 704 154 692 142 675 129 663 125 646 125Z\"><\/path><\/svg>\t\t\t\t\t<\/div>\n\t\t\t\t\t<div class=\"elementor-swiper-button elementor-swiper-button-next\" role=\"button\" tabindex=\"0\">\n\t\t\t\t\t\t<svg aria-hidden=\"true\" class=\"e-font-icon-svg e-eicon-chevron-right\" viewBox=\"0 0 1000 1000\" xmlns=\"http:\/\/www.w3.org\/2000\/svg\"><path d=\"M696 533C708 521 713 504 713 487 713 471 708 454 696 446L400 146C388 133 375 125 354 125 338 125 325 129 313 142 300 154 292 171 292 187 292 204 296 221 308 233L563 492 304 771C292 783 288 800 288 817 288 833 296 850 308 863 321 871 338 875 354 875 371 875 388 867 400 854L696 533Z\"><\/path><\/svg>\t\t\t\t\t<\/div>\n\t\t\t\t\n\t\t\t\t\t\t\t\t\t<div class=\"swiper-pagination\"><\/div>\n\t\t\t\t\t\t\t\t\t<\/div>\n\t\t\t\t<\/div>\n\t\t\t\t<\/div>\n\t\t\t\t\t<\/div>\n\t\t<\/div>\n\t\t\t\t\t<\/div>\n\t\t<\/section>\n\t\t\t\t<section class=\"has_eae_slider elementor-section elementor-top-section elementor-element elementor-element-2f336f7 elementor-hidden-mobile elementor-section-boxed elementor-section-height-default elementor-section-height-default\" data-id=\"2f336f7\" data-element_type=\"section\">\n\t\t\t\t\t\t<div class=\"elementor-container elementor-column-gap-default\">\n\t\t\t\t\t<div class=\"has_eae_slider elementor-column elementor-col-100 elementor-top-column elementor-element elementor-element-17b37d9\" data-id=\"17b37d9\" data-element_type=\"column\">\n\t\t\t<div class=\"elementor-widget-wrap elementor-element-populated\">\n\t\t\t\t\t\t<div class=\"elementor-element elementor-element-9f994a0 elementor-widget-divider--view-line_icon elementor-widget__width-inherit elementor-hidden-mobile elementor-view-default elementor-widget-divider--element-align-center elementor-widget elementor-widget-divider\" data-id=\"9f994a0\" data-element_type=\"widget\" data-widget_type=\"divider.default\">\n\t\t\t\t<div class=\"elementor-widget-container\">\n\t\t\t\t\t<div class=\"elementor-divider\">\n\t\t\t<span class=\"elementor-divider-separator\">\n\t\t\t\t\t\t\t<div class=\"elementor-icon elementor-divider__element\">\n\t\t\t\t\t<svg aria-hidden=\"true\" class=\"e-font-icon-svg e-fas-chevron-down\" viewBox=\"0 0 448 512\" xmlns=\"http:\/\/www.w3.org\/2000\/svg\"><path d=\"M207.029 381.476L12.686 187.132c-9.373-9.373-9.373-24.569 0-33.941l22.667-22.667c9.357-9.357 24.522-9.375 33.901-.04L224 284.505l154.745-154.021c9.379-9.335 24.544-9.317 33.901.04l22.667 22.667c9.373 9.373 9.373 24.569 0 33.941L240.971 381.476c-9.373 9.372-24.569 9.372-33.942 0z\"><\/path><\/svg><\/div>\n\t\t\t\t\t\t<\/span>\n\t\t<\/div>\n\t\t\t\t<\/div>\n\t\t\t\t<\/div>\n\t\t\t\t\t<\/div>\n\t\t<\/div>\n\t\t\t\t\t<\/div>\n\t\t<\/section>\n\t\t\t\t<section class=\"has_eae_slider elementor-section elementor-top-section elementor-element elementor-element-c401f33 ct-section-stretched elementor-hidden-mobile elementor-section-boxed elementor-section-height-default elementor-section-height-default\" data-id=\"c401f33\" data-element_type=\"section\">\n\t\t\t\t\t\t<div class=\"elementor-container elementor-column-gap-wider\">\n\t\t\t\t\t<div class=\"has_eae_slider elementor-column elementor-col-25 elementor-top-column elementor-element elementor-element-7f2cc59\" data-id=\"7f2cc59\" data-element_type=\"column\">\n\t\t\t<div class=\"elementor-widget-wrap elementor-element-populated\">\n\t\t\t\t\t\t<div class=\"elementor-element elementor-element-fbf25f4 elementor-align-center elementor-widget elementor-widget-button\" data-id=\"fbf25f4\" data-element_type=\"widget\" data-widget_type=\"button.default\">\n\t\t\t\t<div class=\"elementor-widget-container\">\n\t\t\t\t\t<div class=\"elementor-button-wrapper\">\n\t\t\t<a class=\"elementor-button elementor-size-sm\" role=\"button\">\n\t\t\t\t\t\t<span class=\"elementor-button-content-wrapper\">\n\t\t\t\t\t\t\t\t\t<span class=\"elementor-button-text\">U\u00e7ak Bileti<\/span>\n\t\t\t\t\t<\/span>\n\t\t\t\t\t<\/a>\n\t\t<\/div>\n\t\t\t\t<\/div>\n\t\t\t\t<\/div>\n\t\t\t\t<div class=\"elementor-element elementor-element-4921559 elementor-widget elementor-widget-image\" data-id=\"4921559\" data-element_type=\"widget\" data-widget_type=\"image.default\">\n\t\t\t\t<div class=\"elementor-widget-container\">\n\t\t\t\t\t\t\t\t\t\t\t\t\t<img fetchpriority=\"high\" decoding=\"async\" width=\"300\" height=\"169\" src=\"https:\/\/gatewaykurumsal.com\/wp-content\/uploads\/2025\/01\/9-300x169.png\" class=\"attachment-medium size-medium wp-image-2734\" alt=\"\" srcset=\"https:\/\/gatewaykurumsal.com\/wp-content\/uploads\/2025\/01\/9-300x169.png 300w, https:\/\/gatewaykurumsal.com\/wp-content\/uploads\/2025\/01\/9-768x432.png 768w, https:\/\/gatewaykurumsal.com\/wp-content\/uploads\/2025\/01\/9.png 960w\" sizes=\"(max-width: 300px) 100vw, 300px\" \/>\t\t\t\t\t\t\t\t\t\t\t\t\t<\/div>\n\t\t\t\t<\/div>\n\t\t\t\t\t<\/div>\n\t\t<\/div>\n\t\t\t\t<div class=\"has_eae_slider elementor-column elementor-col-25 elementor-top-column elementor-element elementor-element-6c3e37b\" data-id=\"6c3e37b\" data-element_type=\"column\">\n\t\t\t<div class=\"elementor-widget-wrap elementor-element-populated\">\n\t\t\t\t\t\t<div class=\"elementor-element elementor-element-d0ba73e elementor-align-center elementor-widget elementor-widget-button\" data-id=\"d0ba73e\" data-element_type=\"widget\" data-widget_type=\"button.default\">\n\t\t\t\t<div class=\"elementor-widget-container\">\n\t\t\t\t\t<div class=\"elementor-button-wrapper\">\n\t\t\t<a class=\"elementor-button elementor-button-link elementor-size-sm\" href=\"https:\/\/gatewaykurumsal.com\/?page_id=2464&#038;lang=tr\">\n\t\t\t\t\t\t<span class=\"elementor-button-content-wrapper\">\n\t\t\t\t\t\t\t\t\t<span class=\"elementor-button-text\">Konaklama<\/span>\n\t\t\t\t\t<\/span>\n\t\t\t\t\t<\/a>\n\t\t<\/div>\n\t\t\t\t<\/div>\n\t\t\t\t<\/div>\n\t\t\t\t<div class=\"elementor-element elementor-element-20127b3 elementor-widget__width-initial elementor-widget elementor-widget-image\" data-id=\"20127b3\" data-element_type=\"widget\" data-widget_type=\"image.default\">\n\t\t\t\t<div class=\"elementor-widget-container\">\n\t\t\t\t\t\t\t\t\t\t\t\t\t<img decoding=\"async\" width=\"300\" height=\"169\" src=\"https:\/\/gatewaykurumsal.com\/wp-content\/uploads\/2025\/01\/8-300x169.png\" class=\"attachment-medium size-medium wp-image-2733\" alt=\"\" srcset=\"https:\/\/gatewaykurumsal.com\/wp-content\/uploads\/2025\/01\/8-300x169.png 300w, https:\/\/gatewaykurumsal.com\/wp-content\/uploads\/2025\/01\/8-768x432.png 768w, https:\/\/gatewaykurumsal.com\/wp-content\/uploads\/2025\/01\/8.png 960w\" sizes=\"(max-width: 300px) 100vw, 300px\" \/>\t\t\t\t\t\t\t\t\t\t\t\t\t<\/div>\n\t\t\t\t<\/div>\n\t\t\t\t\t<\/div>\n\t\t<\/div>\n\t\t\t\t<div class=\"has_eae_slider elementor-column elementor-col-25 elementor-top-column elementor-element elementor-element-ef77fe3\" data-id=\"ef77fe3\" data-element_type=\"column\">\n\t\t\t<div class=\"elementor-widget-wrap elementor-element-populated\">\n\t\t\t\t\t\t<div class=\"elementor-element elementor-element-4890110 elementor-align-center elementor-widget elementor-widget-button\" data-id=\"4890110\" data-element_type=\"widget\" data-widget_type=\"button.default\">\n\t\t\t\t<div class=\"elementor-widget-container\">\n\t\t\t\t\t<div class=\"elementor-button-wrapper\">\n\t\t\t<a class=\"elementor-button elementor-button-link elementor-size-sm\" href=\"https:\/\/gatewaykurumsal.com\/?page_id=2479&#038;lang=tr\">\n\t\t\t\t\t\t<span class=\"elementor-button-content-wrapper\">\n\t\t\t\t\t\t\t\t\t<span class=\"elementor-button-text\">Vize<\/span>\n\t\t\t\t\t<\/span>\n\t\t\t\t\t<\/a>\n\t\t<\/div>\n\t\t\t\t<\/div>\n\t\t\t\t<\/div>\n\t\t\t\t<div class=\"elementor-element elementor-element-72c477a elementor-widget elementor-widget-image\" data-id=\"72c477a\" data-element_type=\"widget\" data-widget_type=\"image.default\">\n\t\t\t\t<div class=\"elementor-widget-container\">\n\t\t\t\t\t\t\t\t\t\t\t\t\t<img decoding=\"async\" width=\"960\" height=\"540\" src=\"https:\/\/gatewaykurumsal.com\/wp-content\/uploads\/2025\/01\/7.png\" class=\"attachment-large size-large wp-image-2732\" alt=\"\" srcset=\"https:\/\/gatewaykurumsal.com\/wp-content\/uploads\/2025\/01\/7.png 960w, https:\/\/gatewaykurumsal.com\/wp-content\/uploads\/2025\/01\/7-300x169.png 300w, https:\/\/gatewaykurumsal.com\/wp-content\/uploads\/2025\/01\/7-768x432.png 768w\" sizes=\"(max-width: 960px) 100vw, 960px\" \/>\t\t\t\t\t\t\t\t\t\t\t\t\t<\/div>\n\t\t\t\t<\/div>\n\t\t\t\t\t<\/div>\n\t\t<\/div>\n\t\t\t\t<div class=\"has_eae_slider elementor-column elementor-col-25 elementor-top-column elementor-element elementor-element-90aa295\" data-id=\"90aa295\" data-element_type=\"column\">\n\t\t\t<div class=\"elementor-widget-wrap elementor-element-populated\">\n\t\t\t\t\t\t<div class=\"elementor-element elementor-element-cf21885 elementor-align-center elementor-widget elementor-widget-button\" data-id=\"cf21885\" data-element_type=\"widget\" data-widget_type=\"button.default\">\n\t\t\t\t<div class=\"elementor-widget-container\">\n\t\t\t\t\t<div class=\"elementor-button-wrapper\">\n\t\t\t<a class=\"elementor-button elementor-button-link elementor-size-sm\" href=\"https:\/\/gatewaykurumsal.com\/?page_id=2473&#038;lang=tr\">\n\t\t\t\t\t\t<span class=\"elementor-button-content-wrapper\">\n\t\t\t\t\t\t\t\t\t<span class=\"elementor-button-text\">Kiral\u0131k Ara\u00e7 &<br> Transfer<\/span>\n\t\t\t\t\t<\/span>\n\t\t\t\t\t<\/a>\n\t\t<\/div>\n\t\t\t\t<\/div>\n\t\t\t\t<\/div>\n\t\t\t\t<div class=\"elementor-element elementor-element-336834d elementor-widget elementor-widget-image\" data-id=\"336834d\" data-element_type=\"widget\" data-widget_type=\"image.default\">\n\t\t\t\t<div class=\"elementor-widget-container\">\n\t\t\t\t\t\t\t\t\t\t\t\t\t<img loading=\"lazy\" decoding=\"async\" width=\"960\" height=\"540\" src=\"https:\/\/gatewaykurumsal.com\/wp-content\/uploads\/2025\/01\/6.png\" class=\"attachment-large size-large wp-image-2731\" alt=\"\" srcset=\"https:\/\/gatewaykurumsal.com\/wp-content\/uploads\/2025\/01\/6.png 960w, https:\/\/gatewaykurumsal.com\/wp-content\/uploads\/2025\/01\/6-300x169.png 300w, https:\/\/gatewaykurumsal.com\/wp-content\/uploads\/2025\/01\/6-768x432.png 768w\" sizes=\"(max-width: 960px) 100vw, 960px\" \/>\t\t\t\t\t\t\t\t\t\t\t\t\t<\/div>\n\t\t\t\t<\/div>\n\t\t\t\t\t<\/div>\n\t\t<\/div>\n\t\t\t\t\t<\/div>\n\t\t<\/section>\n\t\t\t\t<\/div>\n\t\t","protected":false},"excerpt":{"rendered":"<p>U\u00e7ak Bileti &#8220;H\u0131zl\u0131, G\u00fcvenilir ve Uygun Fiyatl\u0131&#8230;&#8221;\u2713 Yetkili Biletleme Acentesi797 havayolu \u015firketinin yetkili acentesi olarak, t\u00fcm havayollar\u0131na ait biletleme hizmetlerini tek bir platformda sunuyoruz. Size ve \u015firketinize en uygun u\u00e7ak biletlerini bulup temin ediyoruz.\u00a0\u2713 En \u0130yi Bilet \u00c7\u00f6z\u00fcmleri M\u00fc\u015fterilerimizin ihtiya\u00e7lar\u0131n\u0131 analiz ederek, en ideal u\u00e7u\u015f se\u00e7eneklerini en uygun fiyatlarla sunuyoruz. Alternatif havayollar\u0131n\u0131 kar\u015f\u0131la\u015ft\u0131rarak b\u00fct\u00e7e dostu [&hellip;]<\/p>\n","protected":false},"author":1,"featured_media":0,"parent":0,"menu_order":0,"comment_status":"closed","ping_status":"closed","template":"","meta":{"_eb_attr":"","_uag_custom_page_level_css":"","footnotes":""},"class_list":["post-2449","page","type-page","status-publish","hentry"],"blocksy_meta":[],"uagb_featured_image_src":{"full":false,"thumbnail":false,"medium":false,"medium_large":false,"large":false,"1536x1536":false,"2048x2048":false},"uagb_author_info":{"display_name":"admin","author_link":"https:\/\/gatewaykurumsal.com\/?author=1"},"uagb_comment_info":0,"uagb_excerpt":"U\u00e7ak Bileti &#8220;H\u0131zl\u0131, G\u00fcvenilir ve Uygun Fiyatl\u0131&#8230;&#8221;\u2713 Yetkili Biletleme Acentesi797 havayolu \u015firketinin yetkili acentesi olarak, t\u00fcm havayollar\u0131na ait biletleme hizmetlerini tek bir platformda sunuyoruz. Size ve \u015firketinize en uygun u\u00e7ak biletlerini bulup temin ediyoruz.\u00a0\u2713 En \u0130yi Bilet \u00c7\u00f6z\u00fcmleri M\u00fc\u015fterilerimizin ihtiya\u00e7lar\u0131n\u0131 analiz ederek, en ideal u\u00e7u\u015f se\u00e7eneklerini en uygun fiyatlarla sunuyoruz. Alternatif havayollar\u0131n\u0131 kar\u015f\u0131la\u015ft\u0131rarak b\u00fct\u00e7e dostu&hellip;","_links":{"self":[{"href":"https:\/\/gatewaykurumsal.com\/index.php?rest_route=\/wp\/v2\/pages\/2449"}],"collection":[{"href":"https:\/\/gatewaykurumsal.com\/index.php?rest_route=\/wp\/v2\/pages"}],"about":[{"href":"https:\/\/gatewaykurumsal.com\/index.php?rest_route=\/wp\/v2\/types\/page"}],"author":[{"embeddable":true,"href":"https:\/\/gatewaykurumsal.com\/index.php?rest_route=\/wp\/v2\/users\/1"}],"replies":[{"embeddable":true,"href":"https:\/\/gatewaykurumsal.com\/index.php?rest_route=%2Fwp%2Fv2%2Fcomments&post=2449"}],"version-history":[{"count":8,"href":"https:\/\/gatewaykurumsal.com\/index.php?rest_route=\/wp\/v2\/pages\/2449\/revisions"}],"predecessor-version":[{"id":2765,"href":"https:\/\/gatewaykurumsal.com\/index.php?rest_route=\/wp\/v2\/pages\/2449\/revisions\/2765"}],"wp:attachment":[{"href":"https:\/\/gatewaykurumsal.com\/index.php?rest_route=%2Fwp%2Fv2%2Fmedia&parent=2449"}],"curies":[{"name":"wp","href":"https:\/\/api.w.org\/{rel}","templated":true}]}}